{"id":680,"date":"2019-03-13T13:19:45","date_gmt":"2019-03-13T12:19:45","guid":{"rendered":"http:\/\/jahs.eu\/?page_id=680"},"modified":"2019-03-13T13:19:45","modified_gmt":"2019-03-13T12:19:45","slug":"zdravstvene-profesije-i-promocija-zdravlja-izazovi-za-zdravlje-i-dobrobit-vrhunskih-sportasa","status":"publish","type":"page","link":"https:\/\/jahs.eu\/hr\/volume-2-number-2-december-2016\/zdravstvene-profesije-i-promocija-zdravlja-izazovi-za-zdravlje-i-dobrobit-vrhunskih-sportasa\/","title":{"rendered":"Zdravstvene profesije i promocija zdravlja: izazovi za zdravlje i dobrobit vrhunskih sporta\u0161a"},"content":{"rendered":"<p><\/p>\n<p style=\"text-align: center;\"><strong>Zdravstvene profesije i promocija zdravlja: izazovi za zdravlje i dobrobit vrhunskih sporta\u0161a<\/strong><\/p>\n<p style=\"text-align: left;\">Izvorni znanstveni \u010dlanak<br \/>\n<a class=\"normal\" href=\"https:\/\/doi.org\/10.24141\/1\/2\/2\/2\" rel=\"nofollow\">https:\/\/doi.org\/10.24141\/1\/2\/2\/2<\/a><\/p>\n<p><strong>Joca Zurc<\/strong>\u00a0; Alma Mater Europaea \u2013 ECM, Maribor, Slovenija<\/p>\n<p><a title=\"Health professions and health promotion: challenges in health and wellbeing among elite athletes\" href=\"http:\/\/jahs.eu\/wp-content\/uploads\/2016\/12\/02-Health-professions-and-health.pdf\" target=\"_blank\"> Puni tekst: engleski, <strong>pdf<\/strong> (1 MB) <\/a><\/p>\n<p class=\"al-j\"><strong>Sa\u017eetak<\/strong><br \/>\nUvod: promocija zdravlja temeljna je strategija s pomo\u0107u koje se mogu kontrolirati faktori rizika za nezdravi na\u010din \u017eivota, a time ujedno pobolj\u0161ati zdravlje pojedinca i dru\u0161tva. U tom procesu zdravstvene profesije imaju vode\u0107u ulogu.<\/p>\n<p>Cilj: svrha na\u0161eg empirijskog istra\u017eivanja bila je uvid u ulogu koju zdravstvene profesije imaju u o\u010duvanju zdravlja i dobrobiti elitnih sporta\u0161a. Istra\u017eivanje se temeljilo na empirijskom fenomenolo\u0161ko-kvalitativnom pristupu, pri \u010demu smo ispitivali \u017eivotna iskustva najboljih gimnasti\u010darki i njihovo sudjelovanje u ovom elitnom sportu.<\/p>\n<p>Metode: polustrukturirani intervjui provedeni su na uzorku od 37 gimnasti\u010darki (26 aktivnih, 11 umirovljenih gimnasti\u010darki) i njihova \u010detiri trenera. Transkripcije intervjua analizirane su metodom kvalitativne analize sadr\u017eaja.<\/p>\n<p>Rezultati: rezultati su pokazali da sudjelovanje u elitnoj \u017eenskoj gimnastici ima posljedice na fizi\u010dko i mentalno zdravlje gimnasti\u010darki te mo\u017ee uzrokovati zlouporabu lijekova protiv bolova, nedostatak obrazovanja, odre\u0111ene \u017ertve i negativne obrasce pona\u0161anja u odrasloj dobi nakon zavr\u0161etka sportske karijere. Navedene posljedice tako\u0111er su uzrokovane verbalnim i fizi\u010dkim nasiljem trenera, interesom dru\u0161tva koje je va\u017enije od interesa sporta\u0161a i nedostatkom stru\u010dne i osobne podr\u0161ke za vrijeme treniranja i natjecanja. Takva iskustva gimnasti\u010darki potvrdili su i sami treneri.<\/p>\n<p>Zaklju\u010dak: istra\u017eivanje je omogu\u0107ilo zna\u010dajan uvid u mogu\u0107nost novih kvalitetnijih pristupa razvoju darovite djece u elitnim sportovima, kako bi se izbjegli mogu\u0107i faktori rizika i kako bi se osigurala sigurnost, zdravlje i dobrobit svakog djeteta.<\/p>\n<p><strong>Klju\u010dne rije\u010di<\/strong><br \/>\n<a class=\"normal\" href=\"https:\/\/hrcak.srce.hr\/search\/?stype=2&amp;c%5B0%5D=article_keywords&amp;r=10&amp;t%5B0%5D=sestrinstvo\">sestrinstvo<\/a>; <a class=\"normal\" href=\"https:\/\/hrcak.srce.hr\/search\/?stype=2&amp;c%5B0%5D=article_keywords&amp;r=10&amp;t%5B0%5D=fizioterapija\">fizioterapija<\/a>; <a class=\"normal\" href=\"https:\/\/hrcak.srce.hr\/search\/?stype=2&amp;c%5B0%5D=article_keywords&amp;r=10&amp;t%5B0%5D=zdravstveno%20obrazovanje\">zdravstveno obrazovanje<\/a>; <a class=\"normal\" href=\"https:\/\/hrcak.srce.hr\/search\/?stype=2&amp;c%5B0%5D=article_keywords&amp;r=10&amp;t%5B0%5D=promocija%20zdravlja\">promocija zdravlja<\/a>; <a class=\"normal\" href=\"https:\/\/hrcak.srce.hr\/search\/?stype=2&amp;c%5B0%5D=article_keywords&amp;r=10&amp;t%5B0%5D=vrhunski%20sport\">vrhunski sport<\/a>; <a class=\"normal\" href=\"https:\/\/hrcak.srce.hr\/search\/?stype=2&amp;c%5B0%5D=article_keywords&amp;r=10&amp;t%5B0%5D=dobrobit%20i%20zdravlje%20sporta%C5%A1a\">dobrobit i zdravlje sporta\u0161a<\/a><\/p>","protected":false},"excerpt":{"rendered":"<p>Zdravstvene profesije i promocija zdravlja: izazovi za zdravlje i dobrobit vrhunskih sporta\u0161a Izvorni znanstveni \u010dlanak https:\/\/doi.org\/10.24141\/1\/2\/2\/2 Joca Zurc\u00a0; Alma Mater Europaea \u2013 ECM, Maribor, Slovenija Puni tekst: engleski, pdf (1 MB) Sa\u017eetak Uvod: promocija zdravlja temeljna je strategija s pomo\u0107u koje se mogu kontrolirati faktori rizika za nezdravi na\u010din \u017eivota, a time ujedno pobolj\u0161ati zdravlje [&hellip;]<\/p>\n","protected":false},"author":1,"featured_media":0,"parent":260,"menu_order":0,"comment_status":"closed","ping_status":"closed","template":"","meta":{"footnotes":""},"class_list":["post-680","page","type-page","status-publish","hentry"],"_links":{"self":[{"href":"https:\/\/jahs.eu\/hr\/wp-json\/wp\/v2\/pages\/680","targetHints":{"allow":["GET"]}}],"collection":[{"href":"https:\/\/jahs.eu\/hr\/wp-json\/wp\/v2\/pages"}],"about":[{"href":"https:\/\/jahs.eu\/hr\/wp-json\/wp\/v2\/types\/page"}],"author":[{"embeddable":true,"href":"https:\/\/jahs.eu\/hr\/wp-json\/wp\/v2\/users\/1"}],"replies":[{"embeddable":true,"href":"https:\/\/jahs.eu\/hr\/wp-json\/wp\/v2\/comments?post=680"}],"version-history":[{"count":1,"href":"https:\/\/jahs.eu\/hr\/wp-json\/wp\/v2\/pages\/680\/revisions"}],"predecessor-version":[{"id":681,"href":"https:\/\/jahs.eu\/hr\/wp-json\/wp\/v2\/pages\/680\/revisions\/681"}],"up":[{"embeddable":true,"href":"https:\/\/jahs.eu\/hr\/wp-json\/wp\/v2\/pages\/260"}],"wp:attachment":[{"href":"https:\/\/jahs.eu\/hr\/wp-json\/wp\/v2\/media?parent=680"}],"curies":[{"name":"wp","href":"https:\/\/api.w.org\/{rel}","templated":true}]}}