{"id":683,"date":"2019-03-13T13:22:01","date_gmt":"2019-03-13T12:22:01","guid":{"rendered":"http:\/\/jahs.eu\/?page_id=683"},"modified":"2019-03-13T13:22:01","modified_gmt":"2019-03-13T12:22:01","slug":"kvaliteta-zivota-slijepih-i-slabovidnih-osoba","status":"publish","type":"page","link":"https:\/\/jahs.eu\/hr\/volume-2-number-2-december-2016\/kvaliteta-zivota-slijepih-i-slabovidnih-osoba\/","title":{"rendered":"Kvaliteta \u017eivota slijepih i slabovidnih osoba"},"content":{"rendered":"<p><\/p>\n<p style=\"text-align: center;\"><strong>Kvaliteta \u017eivota slijepih i slabovidnih osoba<\/strong><\/p>\n<p style=\"text-align: left;\">Izvorni znanstveni \u010dlanak<br \/>\n<a class=\"normal\" href=\"https:\/\/doi.org\/10.24141\/1\/2\/2\/3\" rel=\"nofollow\">https:\/\/doi.org\/10.24141\/1\/2\/2\/3<\/a><\/p>\n<p style=\"text-align: left;\"><strong>Gorka Vuleti\u0107<\/strong>\u00a0; Odsjek za psihologiju, Filozofski fakultet, Sveu\u010dili\u0161te Josipa Jurja Strossmayera u Osijeku, Osijek, Hrvatska<br \/>\n<strong>Tea \u0160arlija<\/strong>\u00a0; Centar za socijalnu skrb Donji Miholjac, Donji Miholjac, Hrvatska<br \/>\n<strong>Tomislav Benjak<\/strong>\u00a0; Hrvatski zavod za javno zdravstvo, Zagreb, Hrvatska<\/p>\n<p style=\"text-align: left;\"><a title=\"Quality of life in blind and partially sighted people\" href=\"http:\/\/jahs.eu\/wp-content\/uploads\/2016\/12\/03-Quality-of-life-in-blind.pdf\" target=\"_blank\"> Puni tekst: engleski, <strong>pdf<\/strong> (1 MB) <\/a><\/p>\n<p class=\"al-j\"><strong>Sa\u017eetak<\/strong><br \/>\nCilj ovog istra\u017eivanja bio je ispitati subjektivnu kvalitetu \u017eivota slijepih i slabovidnih osoba u odnosu na vrstu o\u0161te\u0107enja vida, trajanje o\u0161te\u0107enja te sudjelovanje u programu psihosocijalne rehabilitacije. U istra\u017eivanju je primijenjen sociodemografsko-zdravstveni upitnik, a kako bi se ispitalo zadovoljstvo sudionika pojedinim domenama \u017eivota primijenjen je Indeks osobne kvalitete \u017eivota za odrasle. Rezultati ovog istra\u017eivanja pokazuju da je subjektivna kvaliteta \u017eivota slijepih i slabovidnih osoba u okviru teorijski o\u010dekivanoga normativnog raspona za svjetsku populaciju od 60 do 80\u00a0% skalnog maksimuma. Rezultati pokazuju da su vrsta o\u0161te\u0107enja vida, trajanje o\u0161te\u0107enja te sudjelovanje u psihosocijalnoj rehabilitaciji va\u017eni indikatori subjektivne kvalitete \u017eivota slijepih i slabovidnih osoba.<\/p>\n<p><strong>Klju\u010dne rije\u010di<\/strong><br \/>\n<a class=\"normal\" href=\"https:\/\/hrcak.srce.hr\/search\/?stype=2&amp;c%5B0%5D=article_keywords&amp;r=10&amp;t%5B0%5D=o%C5%A1te%C4%87enje%20vida\">o\u0161te\u0107enje vida<\/a>; <a class=\"normal\" href=\"https:\/\/hrcak.srce.hr\/search\/?stype=2&amp;c%5B0%5D=article_keywords&amp;r=10&amp;t%5B0%5D=sljepo%C4%87a\">sljepo\u0107a<\/a>; <a class=\"normal\" href=\"https:\/\/hrcak.srce.hr\/search\/?stype=2&amp;c%5B0%5D=article_keywords&amp;r=10&amp;t%5B0%5D=slabovidnost\">slabovidnost<\/a>; <a class=\"normal\" href=\"https:\/\/hrcak.srce.hr\/search\/?stype=2&amp;c%5B0%5D=article_keywords&amp;r=10&amp;t%5B0%5D=subjektivna%20kvaliteta%20%C5%BEivota\">subjektivna kvaliteta \u017eivota<\/a>; <a class=\"normal\" href=\"https:\/\/hrcak.srce.hr\/search\/?stype=2&amp;c%5B0%5D=article_keywords&amp;r=10&amp;t%5B0%5D=trajanje%20o%C5%A1te%C4%87enja\">trajanje o\u0161te\u0107enja<\/a>; <a class=\"normal\" href=\"https:\/\/hrcak.srce.hr\/search\/?stype=2&amp;c%5B0%5D=article_keywords&amp;r=10&amp;t%5B0%5D=psihosocijalna%20rehabilitacija\">psihosocijalna rehabilitacija<\/a><\/p>","protected":false},"excerpt":{"rendered":"<p>Kvaliteta \u017eivota slijepih i slabovidnih osoba Izvorni znanstveni \u010dlanak https:\/\/doi.org\/10.24141\/1\/2\/2\/3 Gorka Vuleti\u0107\u00a0; Odsjek za psihologiju, Filozofski fakultet, Sveu\u010dili\u0161te Josipa Jurja Strossmayera u Osijeku, Osijek, Hrvatska Tea \u0160arlija\u00a0; Centar za socijalnu skrb Donji Miholjac, Donji Miholjac, Hrvatska Tomislav Benjak\u00a0; Hrvatski zavod za javno zdravstvo, Zagreb, Hrvatska Puni tekst: engleski, pdf (1 MB) Sa\u017eetak Cilj ovog istra\u017eivanja [&hellip;]<\/p>\n","protected":false},"author":1,"featured_media":0,"parent":260,"menu_order":0,"comment_status":"closed","ping_status":"closed","template":"","meta":{"footnotes":""},"class_list":["post-683","page","type-page","status-publish","hentry"],"_links":{"self":[{"href":"https:\/\/jahs.eu\/hr\/wp-json\/wp\/v2\/pages\/683","targetHints":{"allow":["GET"]}}],"collection":[{"href":"https:\/\/jahs.eu\/hr\/wp-json\/wp\/v2\/pages"}],"about":[{"href":"https:\/\/jahs.eu\/hr\/wp-json\/wp\/v2\/types\/page"}],"author":[{"embeddable":true,"href":"https:\/\/jahs.eu\/hr\/wp-json\/wp\/v2\/users\/1"}],"replies":[{"embeddable":true,"href":"https:\/\/jahs.eu\/hr\/wp-json\/wp\/v2\/comments?post=683"}],"version-history":[{"count":1,"href":"https:\/\/jahs.eu\/hr\/wp-json\/wp\/v2\/pages\/683\/revisions"}],"predecessor-version":[{"id":684,"href":"https:\/\/jahs.eu\/hr\/wp-json\/wp\/v2\/pages\/683\/revisions\/684"}],"up":[{"embeddable":true,"href":"https:\/\/jahs.eu\/hr\/wp-json\/wp\/v2\/pages\/260"}],"wp:attachment":[{"href":"https:\/\/jahs.eu\/hr\/wp-json\/wp\/v2\/media?parent=683"}],"curies":[{"name":"wp","href":"https:\/\/api.w.org\/{rel}","templated":true}]}}