{"id":690,"date":"2019-03-13T13:26:49","date_gmt":"2019-03-13T12:26:49","guid":{"rendered":"http:\/\/jahs.eu\/?page_id=690"},"modified":"2019-03-13T13:26:49","modified_gmt":"2019-03-13T12:26:49","slug":"strah-i-povjerenje-u-covjeku","status":"publish","type":"page","link":"https:\/\/jahs.eu\/hr\/volume-2-number-2-december-2016\/strah-i-povjerenje-u-covjeku\/","title":{"rendered":"Strah i povjerenje u \u010dovjeku"},"content":{"rendered":"<p><\/p>\n<p style=\"text-align: center;\"><strong>Strah i povjerenje u \u010dovjeku<\/strong><\/p>\n<p style=\"text-align: left;\">Stru\u010dni rad<br \/>\n<a class=\"normal\" href=\"https:\/\/doi.org\/10.24141\/1\/2\/2\/5\" rel=\"nofollow\">https:\/\/doi.org\/10.24141\/1\/2\/2\/5<\/a><\/p>\n<p><strong>Josip Bo\u0161njakovi\u0107<\/strong>\u00a0; Sveu\u010dili\u0161te Josipa Jurja Strossmayera u Osijeku, Katoli\u010dki bogoslovni fakultet u \u0110akovu, Hrvatsko katoli\u010dko sveu\u010dili\u0161te u Zagrebu, Hrvatska<\/p>\n<p><a title=\"Strah i povjerenje u \u010dovjeku\" href=\"http:\/\/jahs.eu\/wp-content\/uploads\/2016\/12\/05-Strah-i-povjerenje-u-covjeku.pdf\" target=\"_blank\"> Puni tekst: hrvatski, <strong>pdf<\/strong> (1 MB) <\/a><\/p>\n<p class=\"al-j\"><strong>Sa\u017eetak<\/strong><br \/>\nStrah i povjerenje nisu isklju\u010dive nego uklju\u010duju\u0107e dimenzije<br \/>\nljudskog \u017eivota. U \u0161irokom rasponu odnosa<br \/>\nizme\u0111u povjerenja i straha ve\u0107ina ljudi tijekom svojeg<br \/>\n\u017eivota pro\u017eivljava i jednu i drugu stvarnost. I strah i<br \/>\npovjerenje imaju svoj pozitivan i negativan vid ovisno<br \/>\no situaciji, osobnom raspolo\u017eenju, kontekstu u kojemu<br \/>\nse osoba kre\u0107e, \u017eivotnom iskustvu itd. Tako\u0111er, to<br \/>\nsu dvije dinami\u010dne stvarnosti. Kada ih longitudinalno<br \/>\npromatramo, uo\u010davamo krivulje uspona i pada. Me\u0111u<br \/>\nrazli\u010ditim strahovima posebnu pa\u017enju u radu posve\u0107ujemo<br \/>\nsocijalnom anksioznom poreme\u0107aju. Mno\u0161tvo je<br \/>\n\u010dimbenika koji su povezani sa strahom i povjerenjem.<br \/>\nPoznato je da roditelji i druge va\u017ene figure od samog<br \/>\ndjetinjstva utje\u010du na razvoj djeteta i na njegovo povjerenje<br \/>\ni strah, no u ovom \u0107emo se radu zaustaviti na odnosu<br \/>\noca prema sinu i kakve to posljedice ostavlja na<br \/>\nrazvoj sina te na njegovo povjerenje i strah.<\/p>\n<p><strong>Klju\u010dne rije\u010di<\/strong><br \/>\n<a class=\"normal\" href=\"https:\/\/hrcak.srce.hr\/search\/?stype=2&amp;c%5B0%5D=article_keywords&amp;r=10&amp;t%5B0%5D=strah\">strah<\/a>; <a class=\"normal\" href=\"https:\/\/hrcak.srce.hr\/search\/?stype=2&amp;c%5B0%5D=article_keywords&amp;r=10&amp;t%5B0%5D=povjerenje\">povjerenje<\/a>; <a class=\"normal\" href=\"https:\/\/hrcak.srce.hr\/search\/?stype=2&amp;c%5B0%5D=article_keywords&amp;r=10&amp;t%5B0%5D=socijalna%20fobija\">socijalna fobija<\/a>; <a class=\"normal\" href=\"https:\/\/hrcak.srce.hr\/search\/?stype=2&amp;c%5B0%5D=article_keywords&amp;r=10&amp;t%5B0%5D=otac\">otac<\/a>; <a class=\"normal\" href=\"https:\/\/hrcak.srce.hr\/search\/?stype=2&amp;c%5B0%5D=article_keywords&amp;r=10&amp;t%5B0%5D=sin\">sin<\/a>; <a class=\"normal\" href=\"https:\/\/hrcak.srce.hr\/search\/?stype=2&amp;c%5B0%5D=article_keywords&amp;r=10&amp;t%5B0%5D=sigurnost\">sigurnost<\/a><\/p>","protected":false},"excerpt":{"rendered":"<p>Strah i povjerenje u \u010dovjeku Stru\u010dni rad https:\/\/doi.org\/10.24141\/1\/2\/2\/5 Josip Bo\u0161njakovi\u0107\u00a0; Sveu\u010dili\u0161te Josipa Jurja Strossmayera u Osijeku, Katoli\u010dki bogoslovni fakultet u \u0110akovu, Hrvatsko katoli\u010dko sveu\u010dili\u0161te u Zagrebu, Hrvatska Puni tekst: hrvatski, pdf (1 MB) Sa\u017eetak Strah i povjerenje nisu isklju\u010dive nego uklju\u010duju\u0107e dimenzije ljudskog \u017eivota. U \u0161irokom rasponu odnosa izme\u0111u povjerenja i straha ve\u0107ina ljudi tijekom [&hellip;]<\/p>\n","protected":false},"author":1,"featured_media":0,"parent":260,"menu_order":0,"comment_status":"closed","ping_status":"closed","template":"","meta":{"footnotes":""},"class_list":["post-690","page","type-page","status-publish","hentry"],"_links":{"self":[{"href":"https:\/\/jahs.eu\/hr\/wp-json\/wp\/v2\/pages\/690","targetHints":{"allow":["GET"]}}],"collection":[{"href":"https:\/\/jahs.eu\/hr\/wp-json\/wp\/v2\/pages"}],"about":[{"href":"https:\/\/jahs.eu\/hr\/wp-json\/wp\/v2\/types\/page"}],"author":[{"embeddable":true,"href":"https:\/\/jahs.eu\/hr\/wp-json\/wp\/v2\/users\/1"}],"replies":[{"embeddable":true,"href":"https:\/\/jahs.eu\/hr\/wp-json\/wp\/v2\/comments?post=690"}],"version-history":[{"count":1,"href":"https:\/\/jahs.eu\/hr\/wp-json\/wp\/v2\/pages\/690\/revisions"}],"predecessor-version":[{"id":691,"href":"https:\/\/jahs.eu\/hr\/wp-json\/wp\/v2\/pages\/690\/revisions\/691"}],"up":[{"embeddable":true,"href":"https:\/\/jahs.eu\/hr\/wp-json\/wp\/v2\/pages\/260"}],"wp:attachment":[{"href":"https:\/\/jahs.eu\/hr\/wp-json\/wp\/v2\/media?parent=690"}],"curies":[{"name":"wp","href":"https:\/\/api.w.org\/{rel}","templated":true}]}}