{"id":696,"date":"2019-03-13T13:30:03","date_gmt":"2019-03-13T12:30:03","guid":{"rendered":"http:\/\/jahs.eu\/?page_id=696"},"modified":"2019-03-13T13:30:03","modified_gmt":"2019-03-13T12:30:03","slug":"interdisciplinarni-timski-rad-izazov-u-suvremenoj-rehabilitaciji","status":"publish","type":"page","link":"https:\/\/jahs.eu\/hr\/volume-2-number-2-december-2016\/interdisciplinarni-timski-rad-izazov-u-suvremenoj-rehabilitaciji\/","title":{"rendered":"Interdisciplinarni timski rad \u2013 izazov u suvremenoj rehabilitaciji"},"content":{"rendered":"<p><\/p>\n<p style=\"text-align: center;\"><strong>Interdisciplinarni timski rad \u2013 izazov u suvremenoj rehabilitaciji<\/strong><\/p>\n<p style=\"text-align: left;\">Stru\u010dni rad<br \/>\n<a class=\"normal\" href=\"https:\/\/doi.org\/10.24141\/1\/2\/2\/7\" rel=\"nofollow\">https:\/\/doi.org\/10.24141\/1\/2\/2\/7<\/a><\/p>\n<p style=\"text-align: left;\"><strong>Iva Lon\u010dari\u0107<\/strong>\u00a0; Klini\u010dki zavod za rehabilitaciju i ortopedska pomagala Medicinskog fakulteta Sveu\u010dili\u0161ta u Zagrebu, Klini\u010dki bolni\u010dki centar Zagreb, Hrvatska<br \/>\n<strong>Ida Kova\u010d<\/strong>\u00a0; Klini\u010dki zavod za rehabilitaciju i ortopedska pomagala Medicinskog fakulteta Sveu\u010dili\u0161ta u Zagrebu, Klini\u010dki bolni\u010dki centar Zagreb, Hrvatska<br \/>\n<strong>Martina Rilovi\u0107 \u0110ura\u0161in<\/strong>\u00a0; Klini\u010dki zavod za rehabilitaciju i ortopedska pomagala Medicinskog fakulteta Sveu\u010dili\u0161ta u Zagrebu, Klini\u010dki bolni\u010dki centar Zagreb, Hrvatska<br \/>\n<strong>Rosarija Habu\u0161<\/strong>\u00a0; Klini\u010dki zavod za rehabilitaciju i ortopedska pomagala Medicinskog fakulteta Sveu\u010dili\u0161ta u Zagrebu, Klini\u010dki bolni\u010dki centar Zagreb, Hrvatska<br \/>\n<strong>Neven Kauzlari\u0107<\/strong>\u00a0; Klini\u010dki zavod za rehabilitaciju i ortopedska pomagala Medicinskog fakulteta Sveu\u010dili\u0161ta u Zagrebu, Klini\u010dki bolni\u010dki centar Zagreb, Hrvatska<\/p>\n<p style=\"text-align: left;\"><a title=\"Interdisciplinarni timski rad \u2013 izazov u suvremenoj rehabilitaciji\" href=\"http:\/\/jahs.eu\/wp-content\/uploads\/2016\/12\/07-Interdisciplinarni-timski-rad.pdf\" target=\"_blank\"> Puni tekst: hrvatski, <strong>pdf<\/strong> (1 MB) <\/a><\/p>\n<p class=\"al-j\"><strong>Sa\u017eetak<\/strong><br \/>\nSuvremena rehabilitacija holisti\u010dki je orijentirana, obuhva\u0107a medicinsku, psiholo\u0161ku i socijalnu dimenziju te po\u010diva na temeljima timskog rada. Restituciju aktivnosti, socijalne participacije i podizanje kvalitete \u017eivota kod osoba s akutnim\/kroni\u010dnim zdravstvenim problemom nemogu\u0107e je ostvariti kroz djelovanje jedne profesije. Preporuka je Europske udruge medicinskih specijalista (UEMS) ostvarivanje zajedni\u010dkih ciljeva rehabilitacije kroz interdisciplinarni pristup, \u0161to predstavlja izazov s obzirom na tradicionalni pristup. Kako bi se optimizirao u\u010dinak rehabilitacije, nu\u017eno je objediniti razli\u010dite zdravstvene i nezdravstvene profesije; lije\u010dnike specijaliste, fizioterapeute, radne terapeute, medicinske sestre, proteti\u010dare\/ortoti\u010dare uz suradnju sa psiholozima, socijalnim radnicima te institucijama koje osiguravaju i odobravaju potrebnu zdravstvenu skrb. U ve\u0107ini zemalja Europe prakticira se isklju\u010divo interdisciplinarni oblik rada u rehabilitaciji, problemski orijentiran i fokusiran na bolesnika te ekonomski povoljan za zdravstveni sustav. Unato\u010d stru\u010dnim kompetencijama i znanju profesionalaca u rehabilitacijskom timu, postoji nedostatak vje\u0161tina i adekvatnog stava prema interdisciplinarnom radu. Kao posljedica lo\u0161e komunikacije, razli\u010ditog gledi\u0161ta profesija na uloge, hijerarhiju i suradnju u timu, nerazumijevanja ili neprihva\u0107anja stru\u010dnih kompetencija drugih \u010dlanova, kompromitiran je interdisciplinarni pristup. Tijekom Domovinskog rata rehabilitacija u Hrvatskoj dobiva zamah i potrebu za interdisciplinarnim radom, gdje se unato\u010d deficitu potrebnih profesija i nepovoljnim paramedicinskim \u010dimbenicima mijenja strate\u0161ki pristup s holisti\u010dkim orijentirom. No Hrvatska i njezin sustav zdravstvene skrbi jo\u0161 uvijek su u tranziciji s evidentnim manjkom svih potrebnih stru\u010dnjaka, sudionika u rehabilitaciji. Literatura predla\u017ee interdisciplinarni oblik kao jedini oblik rada u suvremenoj rehabilitaciji, no prakticiranje tog oblika rada u esenciji je izazov. U akademskom obrazovanju posebno mjesto mora zauzimati razvijanje vje\u0161tina kako bi taj izazov postao ustaljena praksa.<\/p>\n<p><strong>Klju\u010dne rije\u010di<\/strong><br \/>\n<a class=\"normal\" href=\"https:\/\/hrcak.srce.hr\/search\/?stype=2&amp;c%5B0%5D=article_keywords&amp;r=10&amp;t%5B0%5D=rehabilitacija\">rehabilitacija<\/a>; <a class=\"normal\" href=\"https:\/\/hrcak.srce.hr\/search\/?stype=2&amp;c%5B0%5D=article_keywords&amp;r=10&amp;t%5B0%5D=suradnja\">suradnja<\/a>; <a class=\"normal\" href=\"https:\/\/hrcak.srce.hr\/search\/?stype=2&amp;c%5B0%5D=article_keywords&amp;r=10&amp;t%5B0%5D=interdisciplinarni%20tim\">interdisciplinarni tim<\/a><\/p>","protected":false},"excerpt":{"rendered":"<p>Interdisciplinarni timski rad \u2013 izazov u suvremenoj rehabilitaciji Stru\u010dni rad https:\/\/doi.org\/10.24141\/1\/2\/2\/7 Iva Lon\u010dari\u0107\u00a0; Klini\u010dki zavod za rehabilitaciju i ortopedska pomagala Medicinskog fakulteta Sveu\u010dili\u0161ta u Zagrebu, Klini\u010dki bolni\u010dki centar Zagreb, Hrvatska Ida Kova\u010d\u00a0; Klini\u010dki zavod za rehabilitaciju i ortopedska pomagala Medicinskog fakulteta Sveu\u010dili\u0161ta u Zagrebu, Klini\u010dki bolni\u010dki centar Zagreb, Hrvatska Martina Rilovi\u0107 \u0110ura\u0161in\u00a0; Klini\u010dki zavod za [&hellip;]<\/p>\n","protected":false},"author":1,"featured_media":0,"parent":260,"menu_order":0,"comment_status":"closed","ping_status":"closed","template":"","meta":{"footnotes":""},"class_list":["post-696","page","type-page","status-publish","hentry"],"_links":{"self":[{"href":"https:\/\/jahs.eu\/hr\/wp-json\/wp\/v2\/pages\/696","targetHints":{"allow":["GET"]}}],"collection":[{"href":"https:\/\/jahs.eu\/hr\/wp-json\/wp\/v2\/pages"}],"about":[{"href":"https:\/\/jahs.eu\/hr\/wp-json\/wp\/v2\/types\/page"}],"author":[{"embeddable":true,"href":"https:\/\/jahs.eu\/hr\/wp-json\/wp\/v2\/users\/1"}],"replies":[{"embeddable":true,"href":"https:\/\/jahs.eu\/hr\/wp-json\/wp\/v2\/comments?post=696"}],"version-history":[{"count":1,"href":"https:\/\/jahs.eu\/hr\/wp-json\/wp\/v2\/pages\/696\/revisions"}],"predecessor-version":[{"id":697,"href":"https:\/\/jahs.eu\/hr\/wp-json\/wp\/v2\/pages\/696\/revisions\/697"}],"up":[{"embeddable":true,"href":"https:\/\/jahs.eu\/hr\/wp-json\/wp\/v2\/pages\/260"}],"wp:attachment":[{"href":"https:\/\/jahs.eu\/hr\/wp-json\/wp\/v2\/media?parent=696"}],"curies":[{"name":"wp","href":"https:\/\/api.w.org\/{rel}","templated":true}]}}