{"id":7,"date":"2015-04-02T09:31:42","date_gmt":"2015-04-02T07:31:42","guid":{"rendered":"http:\/\/jahs.eu\/?page_id=7"},"modified":"2025-12-19T09:02:08","modified_gmt":"2025-12-19T08:02:08","slug":"about","status":"publish","type":"page","link":"https:\/\/jahs.eu\/hr\/about\/","title":{"rendered":"O \u010dasopisu"},"content":{"rendered":"<p><\/p>\n<p style=\"text-align: justify;\"><strong>O \u010cASOPISU<\/strong><\/p>\n<p style=\"text-align: justify;\"><strong>Journal of Applied Health Sciences (JAHS)<\/strong> me\u0111unarodni je, recenzirani, otvoreno dostupni (open-access) znanstveni \u010dasopis posve\u0107en unaprje\u0111enju visokokvalitetnih, interdisciplinarnih i na praksu usmjerenih istra\u017eivanja u cjelokupnom podru\u010dju primijenjenih zdravstvenih znanosti. \u010casopis slu\u017ei kao platforma koja integrira javno zdravstvo, klini\u010dke i srodne zdravstvene profesije, zdravlje okoli\u0161a i zdravlje na radu, istra\u017eivanja zdravstvenih sustava, integrativnu medicinu, \u0161umsku terapiju i intervencije temeljene na prirodi, zdravstveno obrazovanje te metodolo\u0161ke inovacije u znanstvenom prou\u010davanju zdravlja.\u200b<\/p>\n<p style=\"text-align: justify;\">Vo\u0111en strogim eti\u010dkim standardima, transparentnim uredni\u010dkim postupcima i na\u010delima odgovornog znanstvenog izdava\u0161tva, JAHS pru\u017ea kvalitetno akademsko mjesto objave za istra\u017eiva\u010de, stru\u010dnjake iz prakse, edukatore, donositelje politika i multidisciplinarne timove. \u010casopis nagla\u0161ava praksu utemeljenu na dokazima, metodolo\u0161ku robusnost, eti\u010dki integritet i prijenos rezultata istra\u017eivanja u profesionalne i zajedni\u010dke zdravstvene ishode.\u200b<\/p>\n<p style=\"text-align: justify;\"><strong>Misija i vizija<\/strong><\/p>\n<p style=\"text-align: justify;\">Misija JAHS-a jest promicati znanstvenu izvrsnost i podupirati globalnu zajednicu zdravstvenih znanosti objavljivanjem sna\u017enih, izvornih istra\u017eivanja koja unapre\u0111uju javno zdravstvo, klini\u010dku praksu, profesionalno obrazovanje, sigurnost pacijenata i otpornost sustava. \u010casopis osobito cijeni interdisciplinarne pristupe i istra\u017eivanja koja povezuju znanost, javne politike i praksu u stvarnim uvjetima.\u200b<\/p>\n<p style=\"text-align: justify;\">Vizija \u010dasopisa jest biti referentni \u010dasopis za primijenjene zdravstvene znanosti u Europi i globalno, doprinose\u0107i boljoj zdravstvenoj pismenosti, sna\u017enijim zdravstvenim sustavima, kompetentnoj zdravstvenoj radnoj snazi, za\u0161titi zdravlja okoli\u0161a i zdravlja na radu te razvoju preventivnih i integrativnih zdravstvenih modela.\u200b<\/p>\n<p style=\"text-align: justify;\"><strong>Uredni\u010dke i eti\u010dke osnove<\/strong><\/p>\n<p style=\"text-align: justify;\">JAHS djeluje uz \u010dvrstu predanost najvi\u0161im na\u010delima etike objavljivanja, kako je opisano u njegovoj Izjavi o etici objavljivanja i neeti\u010dnom postupanju (Publication Ethics and Malpractice Statement), slijede\u0107i smjernice COPE, ICMJE, WAME i Scopus. \u010casopis osigurava: dvostruko maskiranu (double-masked) me\u0111unarodnu recenziju za sve rukopise, transparentno upravljanje sukobima interesa autora, recenzenata i urednika, rigoroznu provjeru izvornosti i plagijata pomo\u0107u iThenticate, potpunu uskla\u0111enost s eti\u010dkim standardima u istra\u017eivanjima na ljudima i \u017eivotinjama te robusne postupke za ispravke, povla\u010denja i izjave zabrinutosti (expressions of concern). Primjenjuju se i me\u0111unarodno priznati standardi za istra\u017eiva\u010dki integritet, za\u0161titu ispitanika i odgovorno upravljanje podacima.\u200b<\/p>\n<p style=\"text-align: justify;\">JAHS je me\u0111u ranim regionalnim \u010dasopisima uveo sveobuhvatnu politiku uporabe generativne umjetne inteligencije u znanstvenom izdava\u0161tvu, radi osiguravanja transparentnosti, integriteta i odgovornosti u suvremenim akademskim radnim procesima.\u200b<\/p>\n<p style=\"text-align: justify;\"><strong>Podru\u010dje i tematska \u0161irina<\/strong><\/p>\n<p style=\"text-align: justify;\">JAHS prima radove iz svih podru\u010dja primijenjenih zdravstvenih znanosti, uklju\u010duju\u0107i (ali ne ograni\u010davaju\u0107i se na):\u200b<\/p>\n<ul style=\"text-align: justify;\">\n<li>Javno zdravstvo, epidemiologija, promocija zdravlja, istra\u017eivanja zdravlja okoli\u0161a i utjecaja klimatskih promjena na zdravlje.\u200b<\/li>\n<li>Klini\u010dke i srodne zdravstvene znanosti (sestrinstvo, fizioterapija, radna terapija, radiologija, laboratorijska dijagnostika).\u200b<\/li>\n<li>Zdravlje okoli\u0161a i zdravlje na radu, sanitarno in\u017eenjerstvo, procjena rizika, ergonomija.\u200b<\/li>\n<li>Integrativno, preventivno i zajedni\u010dko zdravlje, uklju\u010duju\u0107i \u0161umsku terapiju, \u0161umsku medicinu i intervencije temeljene na prirodi.\u200b<\/li>\n<li>Istra\u017eivanja zdravstvenih sustava, zdravstvena politika, pripravnost na izvanredne situacije, digitalno zdravstvo i zdravstvena informatika.\u200b<\/li>\n<li>Obrazovanje i osposobljavanje, simulacije, razvoj kurikuluma, profesionalne kompetencije.\u200b<\/li>\n<li>Interdisciplinarne i metodolo\u0161ke inovacije, mje\u0161ovite metode, psihometrija, modeliranje, bioetika i filozofija zdravlja (kako je definirano u punom dokumentu Aims &amp; Scope).\u200b<\/li>\n<\/ul>\n<p style=\"text-align: justify;\">\u010casopis sna\u017eno poti\u010de rukopise koji obra\u0111uju interdisciplinarne izazove, unaprje\u0111enja zdravstva na razini sustava te translacijske uvide koji povezuju istra\u017eivanje s praksom.\u200b<\/p>\n<p style=\"text-align: justify;\"><strong>Recenzentski i uredni\u010dki postupak<\/strong><\/p>\n<p style=\"text-align: justify;\">Kako bi se osigurala kvaliteta objavljivanja i akademska rigoroznost, svi podneseni rukopisi prolaze strukturirani, vi\u0161efazni uredni\u010dki i recenzentski postupak, uklju\u010duju\u0107i:\u200b<\/p>\n<ol style=\"text-align: justify;\">\n<li>Po\u010detnu uredni\u010dku procjenu.\u200b<\/li>\n<li>Provjeru sli\u010dnosti iThenticate\u00ae-om.\u200b<\/li>\n<li>Dodjelu najmanje dvama neovisnim me\u0111unarodnim recenzentima.\u200b<\/li>\n<li>Dvostruko slijepu recenziju (double-blind peer review).\u200b<\/li>\n<li>Detaljnu recenzentsku procjenu prema znanstvenoj vrijednosti, metodologiji, etici i relevantnosti.\u200b<\/li>\n<li>Reviziju \u201cto\u010dku po to\u010dku\u201d uz mogu\u0107u ponovnu recenziju.\u200b<\/li>\n<li>Kona\u010dnu odluku glavnog urednika.\u200b<\/li>\n<li>Tehni\u010dko ure\u0111ivanje, korekturu i digitalnu objavu.\u200b<\/li>\n<\/ol>\n<p style=\"text-align: justify;\">\u010casopis strogo zabranjuje pristrane ili netransparentne recenzentske prakse te u potpunosti slijedi COPE smjernice u upravljanju pitanjima ili sporovima.\u200b<\/p>\n<p style=\"text-align: justify;\"><strong>Otvoreni pristup, licenciranje i standardi indeksiranja<\/strong><\/p>\n<p style=\"text-align: justify;\">JAHS se objavljuje kao diamond open-access \u010dasopis, u potpunosti besplatan za autore i \u010ditatelje. Ne postoje nikakve pristojbe za predaju rukopisa niti naknade za obradu \u010dlanka (APC).\u200b<\/p>\n<p style=\"text-align: justify;\">Sav sadr\u017eaj objavljuje se pod licencijom Creative Commons Attribution 4.0 International (CC BY 4.0), koja dopu\u0161ta neograni\u010deno kori\u0161tenje, distribuciju, reproduciranje i prilagodbu uz pravilno navo\u0111enje izvora. Svaki \u010dlanak dobiva jedinstveni Digital Object Identifier (DOI) radi trajne pronalazivosti, citiranja, integracije u znanstvene baze i dugoro\u010dnog arhiviranja (Hr\u010dak).<\/p>\n<p style=\"text-align: justify;\"><strong>Jezi\u010dna politika i u\u010destalost objavljivanja<\/strong><\/p>\n<p style=\"text-align: justify;\">\u010casopis izlazi dva puta godi\u0161nje, u tiskanom i digitalnom obliku. JAHS prihva\u0107a rukopise na engleskom (uz pro\u0161ireni sa\u017eetak na hrvatskom) i na hrvatskom (uz pro\u0161ireni sa\u017eetak na engleskom). Ovaj dvojezi\u010dni model pove\u0107ava vidljivost, ja\u010da regionalni i me\u0111unarodni doseg te podupire integraciju u globalne sustave indeksiranja.\u200b<\/p>\n<p style=\"text-align: justify;\"><strong>Predanost znanstvenom integritetu i transparentnosti<\/strong><\/p>\n<p style=\"text-align: justify;\">JAHS osigurava transparentnost tijekom cijelog \u017eivotnog ciklusa objave kroz: potpuno otkrivanje financiranja i sukoba interesa, deklariranje i provjerljivo kori\u0161tenje alata generativne umjetne inteligencije, otvoreno izvje\u0161tavanje o ispravcima, povla\u010denjima ili eti\u010dkim pitanjima, izjave o dostupnosti podataka uskla\u0111ene sa standardima reproducibilnosti te stroge anti-plagijatske postupke pomo\u0107u iThenticate u vi\u0161e uredni\u010dkih faza. Tako\u0111er se nagla\u0161ava predanost dugoro\u010dnom o\u010duvanju znanstvenog sadr\u017eaja te promicanju odgovornog istra\u017eiva\u010dkog pona\u0161anja i akademske \u010destitosti.<\/p>\n<p style=\"text-align: justify;\"><strong>Me\u0111unarodna usmjerenost i strate\u0161ko pozicioniranje<\/strong><\/p>\n<p style=\"text-align: justify;\">JAHS nastoji oja\u010dati regionalnu i me\u0111unarodnu znanstvenu suradnju pozivanjem priloga iz razli\u010ditih zdravstvenih sustava Europe, Azije, Amerika i zemalja globalnog juga. \u010casopis poti\u010de interdisciplinarne projekte, multicentri\u010dne studije i me\u0111unarodno autorstvo te objavljuje teme u nastajanju poput \u0161umske medicine, intervencija temeljenih na prirodi, interakcija klime i zdravlja, transformacije digitalnog zdravstva, sigurnosti pacijenata i integrativne medicine. Strate\u0161ki profil \u010dasopisa\u2014kombinacija biomedicinskih, javnozdravstvenih, okoli\u0161nih i integrativnih znanosti\u2014uskla\u0111en je sa suvremenim Scopus prioritetima i globalnim istra\u017eiva\u010dkim trendovima.\u200b<\/p>\n<p style=\"text-align: justify;\">Journal of Applied Health Sciences (JAHS) suvremeni je, eti\u010dki utemeljen i me\u0111unarodno orijentiran znanstveni \u010dasopis posve\u0107en razvoju primijenjenih zdravstvenih znanosti kroz rigorozna istra\u017eivanja, otvoreni pristup i globalnu suradnju. Integriranjem visokih uredni\u010dkih standarda, transparentnih politika, interdisciplinarne \u0161irine i jasnog fokusa na metodolo\u0161ku i eti\u010dku izvrsnost, JAHS ja\u010da znanstvene kapacitete, profesionalnu praksu, javno zdravstvo i otpornost zdravstvenih sustava na regionalnoj i globalnoj razini.<\/p>\n<p>&nbsp;<\/p>\n<p><strong><span style=\"text-decoration: underline;\">Impressum<\/span>:<\/strong><\/p>\n<p><strong><span style=\"text-decoration: underline;\">Nakladnik<\/span>:<br \/>\n<\/strong>University of Applied Health Sciences, 10000 Zagreb, Mlinarska cesta 38<\/p>\n<p><strong><span style=\"text-decoration: underline;\">Glavni urednik<\/span>:<br \/>\n<\/strong>Aleksandar Racz <a href=\"https:\/\/jahs.eu\/wp-content\/uploads\/2025\/12\/RACZ-CV-Europass-JAHS-ENG.pdf\">(CV)<\/a><\/p>\n<p><strong><span style=\"text-decoration: underline;\">Zamjenici glavnog urednika<\/span>:<br \/>\nBruno Splavski<\/strong>, Professor at the University Josip Juraj Strossmayer, Osijek, Croatia<br \/>\n<strong>Tomislav Sajko<\/strong>, Assoc. prof. at University of Zagreb &#8211; Stomatolo\u0161ki fakultet + UHC Sestre milosrdnice ,Zagreb<br \/>\n<strong>Damir Lu\u010danin<\/strong>, Assoc. prof. at University of Zagreb<\/p>\n<p><strong><span style=\"text-decoration: underline;\">Pomo\u0107nici urednika<\/span>:<br \/>\nFilip Vrban<\/strong>, University of Applied Health Sciences, Department of Anatomy and Physiology, Zagreb, Croatia<br \/>\n<strong>Ivana Vrdoljak<\/strong>, University of Applied Health Sciences, Chair of Health Informatics, Zagreb, Croatia<\/p>\n<p><strong><span style=\"text-decoration: underline;\">Uredni\u010dki odbor<\/span>:<br \/>\nJasna Bo\u0161nir<\/strong>, Dr Andrija \u0160tampar Teaching Institute of Public Health &amp; University of Applied Health Sciences, Zagreb, Croatia &amp; University of Health Studies, University of Rijeka, Croatia<br \/>\n<strong>Lana Feher Turkovi\u0107<\/strong>, University of Applied Health Sciences, Chair of Chemistry, Biochemistry and Clinical Chemistry, Zagreb, Croatia<br \/>\n<strong>Tatjana Njegovan Zvonarevi\u0107<\/strong>, University of Applied Health Sciences, Study Programme of Occupational Therapy, Zagreb, Croatia<br \/>\n<strong>Goran Roi\u0107<\/strong>, Children\u2019s Hospital Zagreb (Children\u2019s Hospital \u201cKlai\u0107eva\u201d) &amp; University of Zagreb School of Medicine, Zagreb, Croatia<br \/>\n<strong>Ivan Jurak<\/strong>, University of Applied Health Science Zagreb<br \/>\n<strong>Biserka Sedi\u0107<\/strong>, University of Applied Health Science Zagreb + Assoc. Prof. at University Josip Juraj Strossmayer, Osijek, Zagreb<\/p>\n<p><strong><span style=\"text-decoration: underline;\">Uredni\u010dko vije\u0107e (\u010dlanovi iz Republike Hrvatske)<\/span>:<br \/>\nDomagoj Gajski<\/strong>, Department of Neurosurgery, University Hospital Centre \u201cSestre milosrdnice\u201d, &amp; Chair of Anatomy and Physiology, University of Applied Health Sciences, Zagreb, Croatia<br \/>\n<strong>Ivna Kocijan<\/strong>, University of Applied Health Sciences, Department of Medical Laboratory Diagnostics (physiology and molecular biology), Zagreb, Croatia<br \/>\n<strong>\u017deljko Krznari\u0107<\/strong>, School of Medicine, University of Zagreb &amp; University Hospital Centre Zagreb (Clinical Hospital \u201cRebro\u201d), Zagreb, Croatia<br \/>\n<strong>Igor Filip\u010di\u0107<\/strong>, Psychiatric Hospital \u201cSveti Ivan\u201d &amp; Dean and Chair of Psychiatry, University of Applied Health Sciences, Zagreb, Croatia<br \/>\n<strong>Gordana Grozdek \u010cov\u010di\u0107<\/strong>, University of Applied Health Sciences, Department of Physiotherapy, Zagreb, Croatia<br \/>\n<strong>Hrvoje Juri\u0107<\/strong><br \/>\n<strong>Miljenko Frani\u0107<\/strong>, University of Applied Health Sciences, Chair of Clinical Medicine, &amp; Clinical Hospital Dubrava, Zagreb, Croatia<br \/>\n<strong>Goran Krsta\u010di\u0107<\/strong>, Polyclinic for Prevention of Cardiovascular Diseases and Rehabilitation \u201cSr\u010dana\u201d, Zagreb, &amp; University of Osijek School of Medicine<br \/>\n<strong>Ines Lazibat<\/strong>, University Hospital Dubrava &amp; University of Zagreb (neurology), Zagreb, Croatia<br \/>\n<strong>Ana Mojsovi\u0107 \u0106ui\u0107<\/strong>, University of Applied Health Sciences, Chair of Biology and Physics, Zagreb, Croatia<br \/>\n<strong>Amir Muzur<\/strong>, Faculty of Health Studies &amp; Faculty of Medicine, University of Rijeka (Public Health and History of Medicine \/ Bioethics), Rijeka, Croatia<br \/>\n<strong>Ozren Ra\u0111enovi\u0107<\/strong>, University of Applied Health Sciences, Vice-Dean for Students &amp; Department of Kinesiology (sport), Zagreb, Croatia<br \/>\n<strong>Claire Alexandra Sangster Joki\u0107<\/strong>, University of Applied Health Sciences, Department of Occupational Therapy, Zagreb, Croatia; &amp; Faculty of Education and Rehabilitation Sciences, University of Zagreb, Zagreb, Croatia<br \/>\n<strong>Snje\u017eana Schuster<\/strong>, University of Applied Health Sciences, Department of Physiotherapy and Occupational Therapy, Zagreb, Croatia<br \/>\n<strong>Dubravka \u0160imunovi\u0107<\/strong>, University of Applied Health Sciences, Department of Physiotherapy and Occupational Therapy, Zagreb, Croatia<br \/>\n<strong>\u2020Alan \u0160usti\u0107<\/strong>, Faculty of Medicine &amp; Faculty of Health Studies, University of Rijeka (Anaesthesiology, Reanimatology and Intensive Care), Rijeka, Croatia<br \/>\n<strong>Vanja Vasiljev<\/strong>, Chair of Social Medicine and Epidemiology, Faculty of Medicine, and Faculty of Health Studies, University of Rijeka, Rijeka, Croatia<br \/>\n<strong>Mario Zovak<\/strong>, Department of Surgery, University Hospital Centre \u201cSestre milosrdnice\u201d; Professor of Surgery, University of Zagreb<\/p>\n<p><strong><span style=\"text-decoration: underline;\">Uredni\u010dko vije\u0107e (Inozemni \u010dlanovi)<\/span>:<br \/>\nIoan Stephan Florian<\/strong>, Department of Neurosurgery, Iuliu Ha\u0163ieganu University of Medicine and Pharmacy &amp; County Emergency Clinical Hospital, Cluj-Napoca, Romania<br \/>\n<strong>Orhan Ja\u0161i\u0107<\/strong>, Department of History, Faculty of Humanities, University of Tuzla, Tuzla, Bosnia and Herzegovina<br \/>\n<strong>\u017deljko Kalu\u0111erovi\u0107<\/strong>, Department of Philosophy, University of Novi Sad, Novi Sad, Serbia (ethics and bioethics)<br \/>\n<strong>Jacques van Lankveld<\/strong>, Faculty of Psychology, Open University of the Netherlands, Heerlen, Netherlands<br \/>\n<strong>Juan Mezzich<\/strong>, Department of Psychiatry, Icahn School of Medicine at Mount Sinai, New York, NY, USA<br \/>\n<strong>Lukas Rasuli\u0107<\/strong>, Clinic for Neurosurgery, Clinical Center of Serbia &amp; Faculty of Medicine, University of Belgrade, Belgrade, Serbia<br \/>\n<strong>Vsevolod Rozanov<\/strong>, Bekhterev Psychoneurological Institute \/ St Petersburg State University; international mental health organisations), Russia\/Ukraine<br \/>\n<strong>Jana Strakova<\/strong>, Institute for Research and Development of Education, Faculty of Education, Charles University, Prague, Czech Republic<br \/>\n<strong>Kevan Wylie<\/strong>, Sheffield, UK; Honorary Professor, University of Sheffield<\/p>\n<p><strong><span style=\"text-decoration: underline;\">Tehni\u010dki urednik<\/span>:<br \/>\nOzren Digula<\/strong>, Head of Information Technology Service, University of Applied Health Sciences, Zagreb, Croatia<\/p>\n<p><strong><span style=\"text-decoration: underline;\">Lektori<\/span>:<br \/>\nMartina Klanj\u010di\u0107<\/strong>, Head of the Chair of Foreign Languages, University of Applied Health Sciences, Zagreb, Croatia<br \/>\n<strong>Nikola Novakovi\u0107<\/strong>, Juraj Dobrila University of Pula, Pula, Croatia<\/p>\n<p><strong><span style=\"text-decoration: underline;\">Web stranicu \u010dasopisa odr\u017eava<\/span>:<\/strong><br \/>\nInformati\u010dka slu\u017eba ZVU-a<\/p>\n<p>&nbsp;<\/p>\n<p style=\"text-align: justify;\">\u010casopis izlazi dva puta godi\u0161nje. Radovi se mogu objavljivati na hrvatskom jeziku, uz dodatak sa\u017eetka na engleskom, ili na engleskom jeziku, uz dodatak sa\u017eetka na hrvatskom jeziku.<br \/>\n\u010casopis se istovremeno objavljuje u tiskanom i digitalnom obliku, a svi prihva\u0107eni i objavljeni radovi su slobodno dostupni znanstvenoj, stru\u010dnoj i istra\u017eiva\u010dkoj zajednici u elektronskom obliku, na web stranicama \u010dasopisa.<\/p>\n<p><strong>ISSN<\/strong> 2459-5640<\/p>\n<p><a href=\"https:\/\/doi.org\/10.24141\/1\">https:\/\/doi.org\/10.24141\/1<\/a><\/p>","protected":false},"excerpt":{"rendered":"<p>O \u010cASOPISU Journal of Applied Health Sciences (JAHS) me\u0111unarodni je, recenzirani, otvoreno dostupni (open-access) znanstveni \u010dasopis posve\u0107en unaprje\u0111enju visokokvalitetnih, interdisciplinarnih i na praksu usmjerenih istra\u017eivanja u cjelokupnom podru\u010dju primijenjenih zdravstvenih znanosti. \u010casopis slu\u017ei kao platforma koja integrira javno zdravstvo, klini\u010dke i srodne zdravstvene profesije, zdravlje okoli\u0161a i zdravlje na radu, istra\u017eivanja zdravstvenih sustava, integrativnu medicinu, [&hellip;]<\/p>\n","protected":false},"author":1,"featured_media":0,"parent":0,"menu_order":0,"comment_status":"closed","ping_status":"open","template":"","meta":{"footnotes":""},"class_list":["post-7","page","type-page","status-publish","hentry"],"_links":{"self":[{"href":"https:\/\/jahs.eu\/hr\/wp-json\/wp\/v2\/pages\/7","targetHints":{"allow":["GET"]}}],"collection":[{"href":"https:\/\/jahs.eu\/hr\/wp-json\/wp\/v2\/pages"}],"about":[{"href":"https:\/\/jahs.eu\/hr\/wp-json\/wp\/v2\/types\/page"}],"author":[{"embeddable":true,"href":"https:\/\/jahs.eu\/hr\/wp-json\/wp\/v2\/users\/1"}],"replies":[{"embeddable":true,"href":"https:\/\/jahs.eu\/hr\/wp-json\/wp\/v2\/comments?post=7"}],"version-history":[{"count":73,"href":"https:\/\/jahs.eu\/hr\/wp-json\/wp\/v2\/pages\/7\/revisions"}],"predecessor-version":[{"id":1946,"href":"https:\/\/jahs.eu\/hr\/wp-json\/wp\/v2\/pages\/7\/revisions\/1946"}],"wp:attachment":[{"href":"https:\/\/jahs.eu\/hr\/wp-json\/wp\/v2\/media?parent=7"}],"curies":[{"name":"wp","href":"https:\/\/api.w.org\/{rel}","templated":true}]}}