{"id":703,"date":"2019-03-13T13:35:30","date_gmt":"2019-03-13T12:35:30","guid":{"rendered":"http:\/\/jahs.eu\/?page_id=703"},"modified":"2019-03-13T13:35:30","modified_gmt":"2019-03-13T12:35:30","slug":"duhovna-strana-izljecenja-nadnaravno-cudo-ili-spontana-remisija","status":"publish","type":"page","link":"https:\/\/jahs.eu\/hr\/volume-2-number-1-april-2016\/duhovna-strana-izljecenja-nadnaravno-cudo-ili-spontana-remisija\/","title":{"rendered":"Duhovna strana izlje\u010denja &#8211; nadnaravno \u010dudo ili spontana remisija"},"content":{"rendered":"<p><\/p>\n<p style=\"text-align: center;\"><strong>Duhovna strana izlje\u010denja &#8211; nadnaravno \u010dudo ili spontana remisija<\/strong><\/p>\n<p style=\"text-align: left;\">Pregledni rad<br \/>\n<a class=\"normal\" href=\"https:\/\/doi.org\/10.24141\/1\/2\/1\/2\" rel=\"nofollow\">https:\/\/doi.org\/10.24141\/1\/2\/1\/2<\/a><\/p>\n<p style=\"text-align: left;\"><strong>Aleksandar Racz\u00a0<\/strong>; Zdravstveno veleu\u010dili\u0161te Zagreb<br \/>\n<strong>Jadranka Pavi\u0107<\/strong>\u00a0; Zdravstveno veleu\u010dili\u0161te Zagreb<br \/>\n<strong>Vlado \u010cutura<\/strong>\u00a0; Glas Koncila<\/p>\n<p style=\"text-align: left;\"><a title=\"Duhovna strana izlje\u010denja - nadnaravno \u010dudo ili spontana remisija\" href=\"http:\/\/jahs.eu\/wp-content\/uploads\/2015\/04\/02-Duhovna-strana-izljecenja1.pdf\" target=\"_blank\"> Puni tekst: hrvatski, <strong>pdf<\/strong> (1 MB) <\/a><\/p>\n<p class=\"al-j\"><strong>Sa\u017eetak<\/strong><br \/>\nRad je usmjeren na prikaz primjera duhovne strane izlje\u010denja u kojoj postoje razli\u010diti pristupi znanstvenika u obja\u0161njenju iznenadnih izlje\u010denja te utjecaja molitve na ishod bolesti. \u010cudesna izlje\u010denja predstavljaju izazov znanstvenicima u tra\u017eenja dokaza koji mogu pru\u017eiti odgovor na pitanje utje\u010du li zagovorni\u010dke molitve na povoljni ishod lije\u010denja te mogu li se pojedini slu\u010dajevi objasniti medicinskim terminom spontane remisije. Polazna pretpostavka nekih znanstvenika glasi da je mogu\u0107 pozitivan utjecaj zagovorni\u010dke molitve na izlje\u010denje oboljelih, dok dio znanstvenika kriti\u010dkom analizom tih istra\u017eivanja ne nalazi opravdanja za prikazane rezultate. Na temelju raspolo\u017eivih rezultata dosad provedenih istra\u017eivanja nije mogu\u0107e donijeti zaklju\u010dak koji bi i\u0161ao u smjeru potvr\u0111ivanja ili odbacivanja mogu\u0107eg utjecaja zagovorni\u010dke molitve na ishod lije\u010denja, iako postoji mnogo vi\u0161e studija koji takvu vezu ne dokazuju, pogotovo me\u0111u onima koje su provedene po metodologiji kontroliranoga klini\u010dkog pokusa. Me\u0111utim, postoje brojni dokazi o pozitivnim ishodima me\u0111u ispitanicima koji su sami aktivno molili za svoje zdravlje, od smanjenja komplikacija lije\u010denja do smanjenja letalnih ishoda. Navedeni rezultati upu\u0107uju na to da molitva i duhovnost imaju svoje mjesto u integriranoj skrbi za pacijenata kao tjelesnom, ali i du\u0161evnom i duhovnom bi\u0107u. Istovremeno, pojedina\u010dni slu\u010dajevi \u010dudesnog izlje\u010denja me\u0111u hodo\u010dasnicima ili me\u0111u osobama koje su osobno intenzivno molile za vlastito izlje\u010denje, ponajprije u Lourdesu i Me\u0111ugorju, upu\u0107uju na to da je s medicinskog aspekta rije\u010d o vrlo zanimljivom fenomenu \u010dije pomno znanstveno istra\u017eivanje ima svoju vrijednost.<\/p>\n<p><strong>Klju\u010dne rije\u010di<\/strong><br \/>\n<a class=\"normal\" href=\"https:\/\/hrcak.srce.hr\/search\/?stype=2&amp;c%5B0%5D=article_keywords&amp;r=10&amp;t%5B0%5D=%C4%8Dudesno%20izlje%C4%8Denje\">\u010dudesno izlje\u010denje<\/a>; <a class=\"normal\" href=\"https:\/\/hrcak.srce.hr\/search\/?stype=2&amp;c%5B0%5D=article_keywords&amp;r=10&amp;t%5B0%5D=duhovnost\">duhovnost<\/a>; <a class=\"normal\" href=\"https:\/\/hrcak.srce.hr\/search\/?stype=2&amp;c%5B0%5D=article_keywords&amp;r=10&amp;t%5B0%5D=lije%C4%8Denje%20molitvom\">lije\u010denje molitvom<\/a><\/p>","protected":false},"excerpt":{"rendered":"<p>Duhovna strana izlje\u010denja &#8211; nadnaravno \u010dudo ili spontana remisija Pregledni rad https:\/\/doi.org\/10.24141\/1\/2\/1\/2 Aleksandar Racz\u00a0; Zdravstveno veleu\u010dili\u0161te Zagreb Jadranka Pavi\u0107\u00a0; Zdravstveno veleu\u010dili\u0161te Zagreb Vlado \u010cutura\u00a0; Glas Koncila Puni tekst: hrvatski, pdf (1 MB) Sa\u017eetak Rad je usmjeren na prikaz primjera duhovne strane izlje\u010denja u kojoj postoje razli\u010diti pristupi znanstvenika u obja\u0161njenju iznenadnih izlje\u010denja te utjecaja molitve [&hellip;]<\/p>\n","protected":false},"author":1,"featured_media":0,"parent":245,"menu_order":0,"comment_status":"closed","ping_status":"closed","template":"","meta":{"footnotes":""},"class_list":["post-703","page","type-page","status-publish","hentry"],"_links":{"self":[{"href":"https:\/\/jahs.eu\/hr\/wp-json\/wp\/v2\/pages\/703","targetHints":{"allow":["GET"]}}],"collection":[{"href":"https:\/\/jahs.eu\/hr\/wp-json\/wp\/v2\/pages"}],"about":[{"href":"https:\/\/jahs.eu\/hr\/wp-json\/wp\/v2\/types\/page"}],"author":[{"embeddable":true,"href":"https:\/\/jahs.eu\/hr\/wp-json\/wp\/v2\/users\/1"}],"replies":[{"embeddable":true,"href":"https:\/\/jahs.eu\/hr\/wp-json\/wp\/v2\/comments?post=703"}],"version-history":[{"count":1,"href":"https:\/\/jahs.eu\/hr\/wp-json\/wp\/v2\/pages\/703\/revisions"}],"predecessor-version":[{"id":704,"href":"https:\/\/jahs.eu\/hr\/wp-json\/wp\/v2\/pages\/703\/revisions\/704"}],"up":[{"embeddable":true,"href":"https:\/\/jahs.eu\/hr\/wp-json\/wp\/v2\/pages\/245"}],"wp:attachment":[{"href":"https:\/\/jahs.eu\/hr\/wp-json\/wp\/v2\/media?parent=703"}],"curies":[{"name":"wp","href":"https:\/\/api.w.org\/{rel}","templated":true}]}}