{"id":706,"date":"2019-03-13T13:37:31","date_gmt":"2019-03-13T12:37:31","guid":{"rendered":"http:\/\/jahs.eu\/?page_id=706"},"modified":"2019-03-13T13:37:31","modified_gmt":"2019-03-13T12:37:31","slug":"praksa-dijabetologa-i-dijabetoloskih-medicinskih-sestara-u-vezi-s-provjerom-seksualne-disfunkcije-kod-hrvatskih-bolesnika-sa-secernom-bolescu","status":"publish","type":"page","link":"https:\/\/jahs.eu\/hr\/volume-2-number-1-april-2016\/praksa-dijabetologa-i-dijabetoloskih-medicinskih-sestara-u-vezi-s-provjerom-seksualne-disfunkcije-kod-hrvatskih-bolesnika-sa-secernom-bolescu\/","title":{"rendered":"Praksa dijabetologa i dijabetolo\u0161kih medicinskih sestara u vezi s provjerom seksualne disfunkcije kod hrvatskih bolesnika sa \u0161e\u0107ernom bole\u0161\u0107u"},"content":{"rendered":"<p><\/p>\n<p style=\"text-align: center;\"><strong>Praksa dijabetologa i dijabetolo\u0161kih medicinskih sestara u vezi s provjerom seksualne disfunkcije kod hrvatskih bolesnika sa \u0161e\u0107ernom bole\u0161\u0107u<\/strong><\/p>\n<p style=\"text-align: left;\">Prethodno priop\u0107enje<br \/>\n<a class=\"normal\" href=\"https:\/\/doi.org\/10.24141\/1\/2\/1\/3\" rel=\"nofollow\">https:\/\/doi.org\/10.24141\/1\/2\/1\/3<\/a><\/p>\n<p><strong>Dea Ajdukovi\u0107<\/strong>\u00a0; Sveu\u010dili\u0161na klinika Vuk Vrhovac, Klini\u010dka bolnica Merkur; Zdravstveno veleu\u010dili\u0161te Zagreb<\/p>\n<p><a title=\"Praksa dijabetologa i dijabetolo\u0161kih medicinskih sestara u vezi s provjerom seksualne disfunkcije kod hrvatskih bolesnika sa \u0161e\u0107ernom bole\u0161\u0107u\" href=\"http:\/\/jahs.eu\/wp-content\/uploads\/2015\/04\/03-Praksa-dijabetologa-i-dijabetoloskih1.pdf\" target=\"_blank\"> Puni tekst: hrvatski, <strong>pdf<\/strong> (1 MB) <\/a><\/p>\n<p class=\"al-j\"><strong>Sa\u017eetak<\/strong><br \/>\nU ovom se istra\u017eivanju ispitivala klini\u010dka praksa lije\u010dnika dijabetologa i dijabetolo\u0161kih medicinskih sestara u vezi sa seksualnom disfunkcijom (SD) u hrvatskih bolesnika sa \u0161e\u0107ernom bole\u0161\u0107u. Uklju\u010deno je 39 lije\u010dnika i 33 medicinske sestre, koji su anonimnim upitnikom dali podatke o svojim osobnim karakteristikama, u\u010destalosti pitanja bolesnika sa \u0161e\u0107ernom bole\u0161\u0107u o SD-u, vjerojatnosti da o tim smetnjama pitaju bolesnike s razli\u010ditim medicinskim i nemedicinskim karakteristikama te o svojoj procjeni prepreka uklju\u010divanju SD-a u redovitu dijabetolo\u0161ku praksu.<\/p>\n<p>Dvije tre\u0107ine lije\u010dnika (n = 26) i najve\u0107i dio medicinskih sestara (n = 28) o SD-u pita manje od polovine mu\u0161karaca s dijabetesom; 7,7 % dijabetologa o SD-a pita gotovo svakog bolesnika, a 15,4 % o tome ne pita gotovo nijednog bolesnika. Vi\u0161e od polovice medicinskih sestara (n = 17) o seksualnoj disfunkciji ne pita gotovo nijednog bolesnika. Dijabetolozi o SD-u najvjerojatnije pitaju bolesnike s trajanjem dijabetesa du\u017eim od 10 godina te sa simptomatskim (ali ne krajnjim) komplikacijama \u0161e\u0107erne bolesti. Tako\u0111er, o SD-u vjerojatnije pitaju bolesnike koje do\u017eivljavaju ugodnima u komunikaciji, kao i bolesnike koji su mla\u0111i, urbani, o\u017eenjeni i za koje pretpostavljaju da su boljih imovinskih prilika. Glavne prepreke uklju\u010divanju SD-a u dijabetolo\u0161ku obradu uklju\u010duju brigu da bi to bolesnicima bilo nelagodno te nedostatak znanja i vremena za lije\u010denje te smetnje.<\/p>\n<p><strong>Klju\u010dne rije\u010di<\/strong><br \/>\n<a class=\"normal\" href=\"https:\/\/hrcak.srce.hr\/search\/?stype=2&amp;c%5B0%5D=article_keywords&amp;r=10&amp;t%5B0%5D=%C5%A1e%C4%87erna%20bolest\">\u0161e\u0107erna bolest<\/a>; <a class=\"normal\" href=\"https:\/\/hrcak.srce.hr\/search\/?stype=2&amp;c%5B0%5D=article_keywords&amp;r=10&amp;t%5B0%5D=seksualna%20disfunkcija\">seksualna disfunkcija<\/a>; <a class=\"normal\" href=\"https:\/\/hrcak.srce.hr\/search\/?stype=2&amp;c%5B0%5D=article_keywords&amp;r=10&amp;t%5B0%5D=erektilna%20disfunkcija\">erektilna disfunkcija<\/a>; <a class=\"normal\" href=\"https:\/\/hrcak.srce.hr\/search\/?stype=2&amp;c%5B0%5D=article_keywords&amp;r=10&amp;t%5B0%5D=dijabetologija\">dijabetologija<\/a>; <a class=\"normal\" href=\"https:\/\/hrcak.srce.hr\/search\/?stype=2&amp;c%5B0%5D=article_keywords&amp;r=10&amp;t%5B0%5D=klini%C4%8Dka%20praksa\">klini\u010dka praksa<\/a>; <a class=\"normal\" href=\"https:\/\/hrcak.srce.hr\/search\/?stype=2&amp;c%5B0%5D=article_keywords&amp;r=10&amp;t%5B0%5D=sestrinstvo\">sestrinstvo<\/a><\/p>","protected":false},"excerpt":{"rendered":"<p>Praksa dijabetologa i dijabetolo\u0161kih medicinskih sestara u vezi s provjerom seksualne disfunkcije kod hrvatskih bolesnika sa \u0161e\u0107ernom bole\u0161\u0107u Prethodno priop\u0107enje https:\/\/doi.org\/10.24141\/1\/2\/1\/3 Dea Ajdukovi\u0107\u00a0; Sveu\u010dili\u0161na klinika Vuk Vrhovac, Klini\u010dka bolnica Merkur; Zdravstveno veleu\u010dili\u0161te Zagreb Puni tekst: hrvatski, pdf (1 MB) Sa\u017eetak U ovom se istra\u017eivanju ispitivala klini\u010dka praksa lije\u010dnika dijabetologa i dijabetolo\u0161kih medicinskih sestara u vezi [&hellip;]<\/p>\n","protected":false},"author":1,"featured_media":0,"parent":245,"menu_order":0,"comment_status":"closed","ping_status":"closed","template":"","meta":{"footnotes":""},"class_list":["post-706","page","type-page","status-publish","hentry"],"_links":{"self":[{"href":"https:\/\/jahs.eu\/hr\/wp-json\/wp\/v2\/pages\/706","targetHints":{"allow":["GET"]}}],"collection":[{"href":"https:\/\/jahs.eu\/hr\/wp-json\/wp\/v2\/pages"}],"about":[{"href":"https:\/\/jahs.eu\/hr\/wp-json\/wp\/v2\/types\/page"}],"author":[{"embeddable":true,"href":"https:\/\/jahs.eu\/hr\/wp-json\/wp\/v2\/users\/1"}],"replies":[{"embeddable":true,"href":"https:\/\/jahs.eu\/hr\/wp-json\/wp\/v2\/comments?post=706"}],"version-history":[{"count":1,"href":"https:\/\/jahs.eu\/hr\/wp-json\/wp\/v2\/pages\/706\/revisions"}],"predecessor-version":[{"id":707,"href":"https:\/\/jahs.eu\/hr\/wp-json\/wp\/v2\/pages\/706\/revisions\/707"}],"up":[{"embeddable":true,"href":"https:\/\/jahs.eu\/hr\/wp-json\/wp\/v2\/pages\/245"}],"wp:attachment":[{"href":"https:\/\/jahs.eu\/hr\/wp-json\/wp\/v2\/media?parent=706"}],"curies":[{"name":"wp","href":"https:\/\/api.w.org\/{rel}","templated":true}]}}