{"id":709,"date":"2019-03-13T13:40:23","date_gmt":"2019-03-13T12:40:23","guid":{"rendered":"http:\/\/jahs.eu\/?page_id=709"},"modified":"2019-03-13T13:40:23","modified_gmt":"2019-03-13T12:40:23","slug":"gdje-je-nestao-pan-prikaz-lijecenja-panicnog-poremecaja-s-agorafobijom","status":"publish","type":"page","link":"https:\/\/jahs.eu\/hr\/volume-2-number-1-april-2016\/gdje-je-nestao-pan-prikaz-lijecenja-panicnog-poremecaja-s-agorafobijom\/","title":{"rendered":"Gdje je nestao Pan? (prikaz lije\u010denja pani\u010dnog poreme\u0107aja s agorafobijom)"},"content":{"rendered":"<p><\/p>\n<p style=\"text-align: center;\"><strong>Gdje je nestao Pan? (prikaz lije\u010denja pani\u010dnog poreme\u0107aja s agorafobijom)<\/strong><\/p>\n<p style=\"text-align: left;\">Recenzija, Prikaz<br \/>\n<a class=\"normal\" href=\"https:\/\/doi.org\/10.24141\/1\/2\/1\/4\" rel=\"nofollow\">https:\/\/doi.org\/10.24141\/1\/2\/1\/4<\/a><\/p>\n<p><strong>Sanda Anton<\/strong>\u00a0; Klinika za psihijatriju, KBC Osijek<\/p>\n<p><a title=\"Gdje je nestao Pan? (prikaz lije\u010denja pani\u010dnog poreme\u0107aja s agorafobijom)\" href=\"http:\/\/jahs.eu\/wp-content\/uploads\/2015\/04\/04-Gdje-je-nestao-Pan1.pdf\" target=\"_blank\"> Puni tekst: hrvatski, <strong>pdf<\/strong> (1 MB) <\/a><\/p>\n<p class=\"al-j\"><strong>Sa\u017eetak<\/strong><br \/>\nU ovom radu opisan je tvrdokorni slu\u010daj pani\u010dnog poreme\u0107aja koji je kod bolesnice perzistirao oko deset godina. Cilj je prikazati kognitivno-bihevioralne koncepte na primjeru uskla\u0111enoga psihoterapijskog i medikamentoznog lije\u010denja ove bolesnice kojim je do\u0161lo do nestanka pani\u010dnih ataka, a odsutnost simptoma opservirana je i nakon javljanja tjelesne i \u017eivotno ugro\u017eavaju\u0107e bolesti u obitelji. Povezuje se po\u010detak, razvoj i nestanak pani\u010dnog poreme\u0107aja kroz situaciju \u017eivotnih doga\u0111anja uz naglasak na prikazu metoda lije\u010denja i utjecaju egzogenih \u010dimbenika iz \u017eivotnog miljea bolesnice na ishod bolesti.<\/p>\n<p><strong>Klju\u010dne rije\u010di<\/strong><br \/>\n<a class=\"normal\" href=\"https:\/\/hrcak.srce.hr\/search\/?stype=2&amp;c%5B0%5D=article_keywords&amp;r=10&amp;t%5B0%5D=pani%C4%8Dni%20poreme%C4%87aj\">pani\u010dni poreme\u0107aj<\/a>; <a class=\"normal\" href=\"https:\/\/hrcak.srce.hr\/search\/?stype=2&amp;c%5B0%5D=article_keywords&amp;r=10&amp;t%5B0%5D=psihoterapija\">psihoterapija<\/a>; <a class=\"normal\" href=\"https:\/\/hrcak.srce.hr\/search\/?stype=2&amp;c%5B0%5D=article_keywords&amp;r=10&amp;t%5B0%5D=odnos%20tjelesnog%20i%20psihi%C4%8Dkog\">odnos tjelesnog i psihi\u010dkog<\/a><\/p>","protected":false},"excerpt":{"rendered":"<p>Gdje je nestao Pan? (prikaz lije\u010denja pani\u010dnog poreme\u0107aja s agorafobijom) Recenzija, Prikaz https:\/\/doi.org\/10.24141\/1\/2\/1\/4 Sanda Anton\u00a0; Klinika za psihijatriju, KBC Osijek Puni tekst: hrvatski, pdf (1 MB) Sa\u017eetak U ovom radu opisan je tvrdokorni slu\u010daj pani\u010dnog poreme\u0107aja koji je kod bolesnice perzistirao oko deset godina. Cilj je prikazati kognitivno-bihevioralne koncepte na primjeru uskla\u0111enoga psihoterapijskog i medikamentoznog [&hellip;]<\/p>\n","protected":false},"author":1,"featured_media":0,"parent":245,"menu_order":0,"comment_status":"closed","ping_status":"closed","template":"","meta":{"footnotes":""},"class_list":["post-709","page","type-page","status-publish","hentry"],"_links":{"self":[{"href":"https:\/\/jahs.eu\/hr\/wp-json\/wp\/v2\/pages\/709","targetHints":{"allow":["GET"]}}],"collection":[{"href":"https:\/\/jahs.eu\/hr\/wp-json\/wp\/v2\/pages"}],"about":[{"href":"https:\/\/jahs.eu\/hr\/wp-json\/wp\/v2\/types\/page"}],"author":[{"embeddable":true,"href":"https:\/\/jahs.eu\/hr\/wp-json\/wp\/v2\/users\/1"}],"replies":[{"embeddable":true,"href":"https:\/\/jahs.eu\/hr\/wp-json\/wp\/v2\/comments?post=709"}],"version-history":[{"count":1,"href":"https:\/\/jahs.eu\/hr\/wp-json\/wp\/v2\/pages\/709\/revisions"}],"predecessor-version":[{"id":710,"href":"https:\/\/jahs.eu\/hr\/wp-json\/wp\/v2\/pages\/709\/revisions\/710"}],"up":[{"embeddable":true,"href":"https:\/\/jahs.eu\/hr\/wp-json\/wp\/v2\/pages\/245"}],"wp:attachment":[{"href":"https:\/\/jahs.eu\/hr\/wp-json\/wp\/v2\/media?parent=709"}],"curies":[{"name":"wp","href":"https:\/\/api.w.org\/{rel}","templated":true}]}}