{"id":712,"date":"2019-03-13T13:42:06","date_gmt":"2019-03-13T12:42:06","guid":{"rendered":"http:\/\/jahs.eu\/?page_id=712"},"modified":"2019-03-13T13:42:06","modified_gmt":"2019-03-13T12:42:06","slug":"profesionalni-stres-kod-medicinskih-sestara-i-tehnicara","status":"publish","type":"page","link":"https:\/\/jahs.eu\/hr\/volume-2-number-1-april-2016\/profesionalni-stres-kod-medicinskih-sestara-i-tehnicara\/","title":{"rendered":"Profesionalni stres kod medicinskih sestara i tehni\u010dara"},"content":{"rendered":"<p><\/p>\n<p style=\"text-align: center;\"><strong>Profesionalni stres kod medicinskih sestara i tehni\u010dara<\/strong><\/p>\n<p style=\"text-align: left;\">Stru\u010dni rad<br \/>\n<a class=\"normal\" href=\"https:\/\/doi.org\/10.24141\/1\/2\/1\/5\" rel=\"nofollow\">https:\/\/doi.org\/10.24141\/1\/2\/1\/5<\/a><\/p>\n<p style=\"text-align: left;\"><strong>Samka Eki\u0107<\/strong>\u00a0; Klini\u010dka bolnica Dubrava, Zagreb, Hrvatska<br \/>\n<strong>Ana Primorac<\/strong>\u00a0; Klini\u010dka bolnica Dubrava, Zagreb, Hrvatska<br \/>\n<strong>Boris Vu\u010di\u0107<\/strong>\u00a0; Klini\u010dka bolnica Dubrava, Zagreb, Hrvatska<\/p>\n<p style=\"text-align: left;\"><a title=\"Profesionalni stres kod medicinskih sestara i tehni\u010dara\" href=\"http:\/\/jahs.eu\/wp-content\/uploads\/2015\/04\/05-Profesionalni-stres.pdf\" target=\"_blank\"> Puni tekst: hrvatski, <strong>pdf<\/strong> (1 MB) <\/a><\/p>\n<p class=\"al-j\"><strong>Sa\u017eetak<\/strong><br \/>\nCilj istra\u017eivanja bio je provjeriti utjecaj stresa na izvr\u0161avanje svakodnevnih radnih aktivnosti medicinskih sestara i tehni\u010dara.<\/p>\n<p>Istra\u017eivanje se provodilo anonimno, primjenom upitnika konstruiranog isklju\u010divo za ovu svrhu. Upitnikom su obuhva\u0107eni sociodemografski podaci ispitanika, stresori prisutni kod svih radnika unutar profesije, specifi\u010dni stresori koji se javljaju na rukovode\u0107im mjestima te zdravstveni problemi ispitanika. U statisti\u010dkoj obradi kontinuirane varijable prikazane su aritmeti\u010dkom sredinom i standardnom devijacijom. U istra\u017eivanju su sudjelovala 363 ispitanika koji rade na razli\u010ditim radnim mjestima, odnosno na odjelu, u poliklinici te u dijagnostici. Ve\u0107ina ispitanika radi na odjelu u smjenama, njih 175 (50,7 %). Od ukupnog broja ispitanika koji rade na odjelu 86 (24,9 %) ih radi na odjelu intenzivne skrbi bolesnika.<\/p>\n<p>U sklopu cilja istra\u017eivanja bilo je potrebno utvrditi kako su pojedini stresori unutar navedene profesije rangirani po intenzitetu. Na temelju dobivenih rezultata mo\u017ee se zaklju\u010diti da dominiraju stresori koji su povezani s osje\u0107ajem neadekvatne naknade i opsegom nepredvidivosti posla \u2013 kao \u0161to su 24-satna odgovornost te dono\u0161enje hitnih odluka bez mogu\u0107nosti konzultacije. Prekapacitiranost poslom i nedostatak vremena za bavljenje bolesnikom kod sestara na rukovode\u0107em mjestu ocijenjeni su kao najintenzivniji stresor, a izoliranost od kolegica i kolega s obzirom na funkciju na rukovode\u0107em mjestu kao najmanje intenzivan stresor. Stresori me\u0111usobne komunikacije unutar tima nisko su ocijenjeni.<\/p>\n<p>Kao \u0161to je spomenuto, istra\u017eivanjem su s pomo\u0107u upitnika obuhva\u0107ene i zdravstvene tegobe koje su nastale kao posljedice stresa. Od ukupnog broja ispitanika njih 212 (60,90 %) navodi postojanje zdravstvenih problema kroni\u010dnog karaktera, pri \u010demu zdravstveni problemi traju dulje od jedne godine. Dobiveni rezultati ukazuju i na u\u010destalost kardiovaskularnih bolesti (povi\u0161eni krvni tlak, cirkulacijske smetnje), probavnih smetnji i lokomotornih smetnji.<\/p>\n<p><strong>Klju\u010dne rije\u010di<\/strong><br \/>\n<a class=\"normal\" href=\"https:\/\/hrcak.srce.hr\/search\/?stype=2&amp;c%5B0%5D=article_keywords&amp;r=10&amp;t%5B0%5D=Stres\">Stres<\/a>; <a class=\"normal\" href=\"https:\/\/hrcak.srce.hr\/search\/?stype=2&amp;c%5B0%5D=article_keywords&amp;r=10&amp;t%5B0%5D=stresor\">stresor<\/a>; <a class=\"normal\" href=\"https:\/\/hrcak.srce.hr\/search\/?stype=2&amp;c%5B0%5D=article_keywords&amp;r=10&amp;t%5B0%5D=medicinska%20sestra\/tehni%C4%8Dar\">medicinska sestra\/tehni\u010dar<\/a><\/p>","protected":false},"excerpt":{"rendered":"<p>Profesionalni stres kod medicinskih sestara i tehni\u010dara Stru\u010dni rad https:\/\/doi.org\/10.24141\/1\/2\/1\/5 Samka Eki\u0107\u00a0; Klini\u010dka bolnica Dubrava, Zagreb, Hrvatska Ana Primorac\u00a0; Klini\u010dka bolnica Dubrava, Zagreb, Hrvatska Boris Vu\u010di\u0107\u00a0; Klini\u010dka bolnica Dubrava, Zagreb, Hrvatska Puni tekst: hrvatski, pdf (1 MB) Sa\u017eetak Cilj istra\u017eivanja bio je provjeriti utjecaj stresa na izvr\u0161avanje svakodnevnih radnih aktivnosti medicinskih sestara i tehni\u010dara. Istra\u017eivanje [&hellip;]<\/p>\n","protected":false},"author":1,"featured_media":0,"parent":245,"menu_order":0,"comment_status":"closed","ping_status":"closed","template":"","meta":{"footnotes":""},"class_list":["post-712","page","type-page","status-publish","hentry"],"_links":{"self":[{"href":"https:\/\/jahs.eu\/hr\/wp-json\/wp\/v2\/pages\/712","targetHints":{"allow":["GET"]}}],"collection":[{"href":"https:\/\/jahs.eu\/hr\/wp-json\/wp\/v2\/pages"}],"about":[{"href":"https:\/\/jahs.eu\/hr\/wp-json\/wp\/v2\/types\/page"}],"author":[{"embeddable":true,"href":"https:\/\/jahs.eu\/hr\/wp-json\/wp\/v2\/users\/1"}],"replies":[{"embeddable":true,"href":"https:\/\/jahs.eu\/hr\/wp-json\/wp\/v2\/comments?post=712"}],"version-history":[{"count":1,"href":"https:\/\/jahs.eu\/hr\/wp-json\/wp\/v2\/pages\/712\/revisions"}],"predecessor-version":[{"id":713,"href":"https:\/\/jahs.eu\/hr\/wp-json\/wp\/v2\/pages\/712\/revisions\/713"}],"up":[{"embeddable":true,"href":"https:\/\/jahs.eu\/hr\/wp-json\/wp\/v2\/pages\/245"}],"wp:attachment":[{"href":"https:\/\/jahs.eu\/hr\/wp-json\/wp\/v2\/media?parent=712"}],"curies":[{"name":"wp","href":"https:\/\/api.w.org\/{rel}","templated":true}]}}