{"id":715,"date":"2019-03-13T13:43:55","date_gmt":"2019-03-13T12:43:55","guid":{"rendered":"http:\/\/jahs.eu\/?page_id=715"},"modified":"2019-03-13T13:43:55","modified_gmt":"2019-03-13T12:43:55","slug":"ucestalost-seksualnih-disfunkcija-u-bolesnika-s-depresivnim-poremecajem-lijecenih-antidepresivima-iz-razlicitih-skupina","status":"publish","type":"page","link":"https:\/\/jahs.eu\/hr\/volume-2-number-1-april-2016\/ucestalost-seksualnih-disfunkcija-u-bolesnika-s-depresivnim-poremecajem-lijecenih-antidepresivima-iz-razlicitih-skupina\/","title":{"rendered":"U\u010destalost seksualnih disfunkcija u bolesnika s depresivnim poreme\u0107ajem lije\u010denih antidepresivima iz razli\u010ditih skupina"},"content":{"rendered":"<p><\/p>\n<p style=\"text-align: center;\"><strong>U\u010destalost seksualnih disfunkcija u bolesnika s depresivnim poreme\u0107ajem lije\u010denih antidepresivima iz razli\u010ditih skupina<\/strong><\/p>\n<p style=\"text-align: left;\">Stru\u010dni rad<br \/>\n<a class=\"normal\" href=\"https:\/\/doi.org\/10.24141\/1\/2\/1\/6\" rel=\"nofollow\">https:\/\/doi.org\/10.24141\/1\/2\/1\/6<\/a><\/p>\n<p style=\"text-align: left;\"><strong>Marijana Hodak Ivani\u0161evi\u0107<\/strong>\u00a0; Klinika za psihijatriju Vrap\u010de, Bolni\u010dka cesta 32, 10090 Zagreb<br \/>\n<strong>Suzana Uzun<\/strong>\u00a0; Klinika za psihijatriju Vrap\u010de, Bolni\u010dka cesta 32, 10090 Zagreb<br \/>\n<strong>Oliver Kozumplik<\/strong>\u00a0; Klinika za psihijatriju Vrap\u010de, Bolni\u010dka cesta 32, 10090 Zagreb<br \/>\n<strong>Ninoslav Mimica<\/strong>\u00a0; Klinika za psihijatriju Vrap\u010de, Bolni\u010dka cesta 32, 10090 Zagreb; Medicinski fakultet Sveu\u010dili\u0161ta u Zagrebu, \u0160alata 3B, 10000 Zagreb<\/p>\n<p style=\"text-align: left;\"><a title=\"U\u010destalost seksualnih disfunkcija u bolesnika s depresivnim poreme\u0107ajem lije\u010denih antidepresivima iz razli\u010ditih skupina\" href=\"http:\/\/jahs.eu\/wp-content\/uploads\/2015\/04\/06-Ucestalost-seksualnih-disfunkcija.pdf\" target=\"_blank\"> Puni tekst: hrvatski, <strong>pdf<\/strong> (2 MB) <\/a><\/p>\n<p class=\"al-j\"><strong>Sa\u017eetak<\/strong><br \/>\nCilj: Analizirati u\u010destalost seksualnih disfunkcija kod bolesnika s dijagnozom depresivnog poreme\u0107aja koji u terapiji uzimaju antidepresive iz razli\u010ditih skupina.<\/p>\n<p>Ispitanici i metode: U ispitivanju je sudjelovalo 50 bolesnika s dijagnozom depresivnog poreme\u0107aja koji su bili na bolni\u010dkom ili ambulantnom lije\u010denju u Klinici za psihijatriju Vrap\u010de, Zavodu za biologijsku psihijatriju. Podaci su dobiveni u razgovoru s bolesnicima te uvidom u medicinsku dokumentaciju, a za evaluaciju seksualnog funkcioniranja ispitanika primijenjena je Skala seksualnog funkcioniranja. Prije uklju\u010denja u istra\u017eivanje ispitanici su dobili informacije o istra\u017eivanju i potpisali informirani pristanak za sudjelovanje u ovom istra\u017eivanju. Razlike u opa\u017eenim vrijednostima po spolu i dobnim skupinama testirane su Fisherovim testom. Rezultati su tuma\u010deni uz prihvatljivu razinu zna\u010dajnosti P &lt; 0,05.<\/p>\n<p>Rezultati i zaklju\u010dak: Rezultati ovog istra\u017eivanja pokazali su vi\u0161u u\u010destalost javljanja seksualnih disfunkcija u bolesnika s depresivnim poreme\u0107ajem koji u terapiji uzimaju antidepresive iz skupine SIPPS-a, u usporedbi s pacijentima koji su uzimali antidepresive iz drugih skupina, \u0161to je u skladu s rezultatima iz literature. Rezultati istra\u017eivanja ukazuju na va\u017enost redovitog pra\u0107enja seksualnih disfunkcija tijekom terapije antidepresivima u bolesnika s depresivnim poreme\u0107ajem.<\/p>\n<p><strong>Klju\u010dne rije\u010di<\/strong><br \/>\n<a class=\"normal\" href=\"https:\/\/hrcak.srce.hr\/search\/?stype=2&amp;c%5B0%5D=article_keywords&amp;r=10&amp;t%5B0%5D=antidepresivi\">antidepresivi<\/a>; <a class=\"normal\" href=\"https:\/\/hrcak.srce.hr\/search\/?stype=2&amp;c%5B0%5D=article_keywords&amp;r=10&amp;t%5B0%5D=depresivni%20poreme%C4%87aj\">depresivni poreme\u0107aj<\/a>; <a class=\"normal\" href=\"https:\/\/hrcak.srce.hr\/search\/?stype=2&amp;c%5B0%5D=article_keywords&amp;r=10&amp;t%5B0%5D=seksualne%20nuspojave\">seksualne nuspojave<\/a>; <a class=\"normal\" href=\"https:\/\/hrcak.srce.hr\/search\/?stype=2&amp;c%5B0%5D=article_keywords&amp;r=10&amp;t%5B0%5D=tretman\">tretman<\/a><\/p>","protected":false},"excerpt":{"rendered":"<p>U\u010destalost seksualnih disfunkcija u bolesnika s depresivnim poreme\u0107ajem lije\u010denih antidepresivima iz razli\u010ditih skupina Stru\u010dni rad https:\/\/doi.org\/10.24141\/1\/2\/1\/6 Marijana Hodak Ivani\u0161evi\u0107\u00a0; Klinika za psihijatriju Vrap\u010de, Bolni\u010dka cesta 32, 10090 Zagreb Suzana Uzun\u00a0; Klinika za psihijatriju Vrap\u010de, Bolni\u010dka cesta 32, 10090 Zagreb Oliver Kozumplik\u00a0; Klinika za psihijatriju Vrap\u010de, Bolni\u010dka cesta 32, 10090 Zagreb Ninoslav Mimica\u00a0; Klinika za psihijatriju [&hellip;]<\/p>\n","protected":false},"author":1,"featured_media":0,"parent":245,"menu_order":0,"comment_status":"closed","ping_status":"closed","template":"","meta":{"footnotes":""},"class_list":["post-715","page","type-page","status-publish","hentry"],"_links":{"self":[{"href":"https:\/\/jahs.eu\/hr\/wp-json\/wp\/v2\/pages\/715","targetHints":{"allow":["GET"]}}],"collection":[{"href":"https:\/\/jahs.eu\/hr\/wp-json\/wp\/v2\/pages"}],"about":[{"href":"https:\/\/jahs.eu\/hr\/wp-json\/wp\/v2\/types\/page"}],"author":[{"embeddable":true,"href":"https:\/\/jahs.eu\/hr\/wp-json\/wp\/v2\/users\/1"}],"replies":[{"embeddable":true,"href":"https:\/\/jahs.eu\/hr\/wp-json\/wp\/v2\/comments?post=715"}],"version-history":[{"count":1,"href":"https:\/\/jahs.eu\/hr\/wp-json\/wp\/v2\/pages\/715\/revisions"}],"predecessor-version":[{"id":716,"href":"https:\/\/jahs.eu\/hr\/wp-json\/wp\/v2\/pages\/715\/revisions\/716"}],"up":[{"embeddable":true,"href":"https:\/\/jahs.eu\/hr\/wp-json\/wp\/v2\/pages\/245"}],"wp:attachment":[{"href":"https:\/\/jahs.eu\/hr\/wp-json\/wp\/v2\/media?parent=715"}],"curies":[{"name":"wp","href":"https:\/\/api.w.org\/{rel}","templated":true}]}}