{"id":718,"date":"2019-03-13T13:45:43","date_gmt":"2019-03-13T12:45:43","guid":{"rendered":"http:\/\/jahs.eu\/?page_id=718"},"modified":"2019-03-13T13:45:43","modified_gmt":"2019-03-13T12:45:43","slug":"pojavnost-hpv-infekcije-u-koprivnicko-krizevackoj-zupaniji-i-uloga-nacionalnog-programa-ranog-otkrivanja-raka-vrata-maternice","status":"publish","type":"page","link":"https:\/\/jahs.eu\/hr\/volume-2-number-1-april-2016\/pojavnost-hpv-infekcije-u-koprivnicko-krizevackoj-zupaniji-i-uloga-nacionalnog-programa-ranog-otkrivanja-raka-vrata-maternice\/","title":{"rendered":"Pojavnost HPV infekcije u Koprivni\u010dko-kri\u017eeva\u010dkoj \u017eupaniji i uloga Nacionalnog programa ranog otkrivanja raka vrata maternice"},"content":{"rendered":"<p><\/p>\n<p style=\"text-align: center;\"><strong>Pojavnost HPV infekcije u Koprivni\u010dko-kri\u017eeva\u010dkoj \u017eupaniji i uloga Nacionalnog programa ranog otkrivanja raka vrata maternice<\/strong><\/p>\n<p style=\"text-align: left;\">Stru\u010dni rad<br \/>\n<a class=\"normal\" href=\"https:\/\/doi.org\/10.24141\/1\/2\/1\/7\" rel=\"nofollow\">https:\/\/doi.org\/10.24141\/1\/2\/1\/7<\/a><\/p>\n<p style=\"text-align: left;\"><strong>Marina Matota<\/strong>\u00a0; Dom zdravlja Koprivni\u010dko-kri\u017eeva\u010dke \u017eupanije<br \/>\n<strong>Zrinka Puhari\u0107<\/strong>\u00a0; Visoka tehni\u010dka \u0161kola Bjelovar, stru\u010dni studij sestrinstva<br \/>\n<strong>Tamara Salaj<\/strong>\u00a0; Visoka tehni\u010dka \u0161kola Bjelovar, stru\u010dni studij sestrinstva<br \/>\n<strong>Mirna \u017dulec<\/strong>\u00a0; Visoka tehni\u010dka \u0161kola Bjelovar, stru\u010dni studij sestrinstva<\/p>\n<p style=\"text-align: left;\"><a title=\"Pojavnost HPV infekcije u Koprivni\u010dko-kri\u017eeva\u010dkoj \u017eupaniji i uloga Nacionalnog programa ranog otkrivanja raka vrata maternice\" href=\"http:\/\/jahs.eu\/wp-content\/uploads\/2015\/04\/07-Pojavnost-HPV-infekcije.pdf\" target=\"_blank\"> Puni tekst: hrvatski, <strong>pdf<\/strong> (1 MB) <\/a><\/p>\n<p class=\"al-j\"><strong>Sa\u017eetak<\/strong><br \/>\nHPV infekcije jesu infekcije uzrokovane humanim papiloma virusima, a naj\u010de\u0161\u0107e se prenose spolnim kontaktom. U ve\u0107ini slu\u010dajeva rije\u010d je o latentnoj infekciji, dok se kod manjeg broja zara\u017eenih pojavljuju odre\u0111eni simptomi. Do danas je otkriveno vi\u0161e od 100 tipova HPV-a, a samo tipovi visokog rizika (naj\u010de\u0161\u0107e tip 16 i 18) dovode do razvoja raka vrata maternice. Za primarnu prevenciju primjenjuju se cjepiva, a za sekundarnu sudjelovanje \u017eena u programima probira i edukacija o odgovornom spolnom pona\u0161anju. Prevalencija je HPV infekcija u svijetu od 9 do 13 %. Najve\u0107i je broj \u017eena s HPV infekcijom u dobi izme\u0111u 18. i 30. godine. Najva\u017eniji su \u010dimbenici u prijenosu HPV-a rano stupanje u spolne odnose, velik broj spolnih partnera i visokorizi\u010dni spolni partner. Papa-testom postavljamo sumnju na HPV infekciju, koju potvr\u0111ujemo HPV DNK testiranjem. Od studenoga 2012. godine u Hrvatskoj se provodi Nacionalni program ranog otkrivanja raka vrata maternice \u010diji je cilj prevencija promjena povezanih s HPV-om i raka vrata maternice. Program je namijenjen \u017eenama u dobi od 25 do 64 godine koje u protekle tri godine nisu bile na ginekolo\u0161kom pregledu koji uklju\u010duje Papa-test i tako se testirale na promjene povezane s HPV-om. Uvo\u0111enjem programa pove\u0107ao se broj ginekolo\u0161kih pregleda, no odaziv je jo\u0161 uvijek mnogo manji od o\u010dekivanog i planiranog u Koprivni\u010dko-kri\u017eeva\u010dkoj \u017eupaniji.<\/p>\n<p><strong>Klju\u010dne rije\u010di<\/strong><br \/>\n<a class=\"normal\" href=\"https:\/\/hrcak.srce.hr\/search\/?stype=2&amp;c%5B0%5D=article_keywords&amp;r=10&amp;t%5B0%5D=HPV%20infekcija\">HPV infekcija<\/a>; <a class=\"normal\" href=\"https:\/\/hrcak.srce.hr\/search\/?stype=2&amp;c%5B0%5D=article_keywords&amp;r=10&amp;t%5B0%5D=pojavnost\">pojavnost<\/a>; <a class=\"normal\" href=\"https:\/\/hrcak.srce.hr\/search\/?stype=2&amp;c%5B0%5D=article_keywords&amp;r=10&amp;t%5B0%5D=Nacionalni%20program%20ranog%20otkrivanja%20raka\">Nacionalni program ranog otkrivanja raka<\/a><\/p>","protected":false},"excerpt":{"rendered":"<p>Pojavnost HPV infekcije u Koprivni\u010dko-kri\u017eeva\u010dkoj \u017eupaniji i uloga Nacionalnog programa ranog otkrivanja raka vrata maternice Stru\u010dni rad https:\/\/doi.org\/10.24141\/1\/2\/1\/7 Marina Matota\u00a0; Dom zdravlja Koprivni\u010dko-kri\u017eeva\u010dke \u017eupanije Zrinka Puhari\u0107\u00a0; Visoka tehni\u010dka \u0161kola Bjelovar, stru\u010dni studij sestrinstva Tamara Salaj\u00a0; Visoka tehni\u010dka \u0161kola Bjelovar, stru\u010dni studij sestrinstva Mirna \u017dulec\u00a0; Visoka tehni\u010dka \u0161kola Bjelovar, stru\u010dni studij sestrinstva Puni tekst: hrvatski, pdf [&hellip;]<\/p>\n","protected":false},"author":1,"featured_media":0,"parent":245,"menu_order":0,"comment_status":"closed","ping_status":"closed","template":"","meta":{"footnotes":""},"class_list":["post-718","page","type-page","status-publish","hentry"],"_links":{"self":[{"href":"https:\/\/jahs.eu\/hr\/wp-json\/wp\/v2\/pages\/718","targetHints":{"allow":["GET"]}}],"collection":[{"href":"https:\/\/jahs.eu\/hr\/wp-json\/wp\/v2\/pages"}],"about":[{"href":"https:\/\/jahs.eu\/hr\/wp-json\/wp\/v2\/types\/page"}],"author":[{"embeddable":true,"href":"https:\/\/jahs.eu\/hr\/wp-json\/wp\/v2\/users\/1"}],"replies":[{"embeddable":true,"href":"https:\/\/jahs.eu\/hr\/wp-json\/wp\/v2\/comments?post=718"}],"version-history":[{"count":1,"href":"https:\/\/jahs.eu\/hr\/wp-json\/wp\/v2\/pages\/718\/revisions"}],"predecessor-version":[{"id":719,"href":"https:\/\/jahs.eu\/hr\/wp-json\/wp\/v2\/pages\/718\/revisions\/719"}],"up":[{"embeddable":true,"href":"https:\/\/jahs.eu\/hr\/wp-json\/wp\/v2\/pages\/245"}],"wp:attachment":[{"href":"https:\/\/jahs.eu\/hr\/wp-json\/wp\/v2\/media?parent=718"}],"curies":[{"name":"wp","href":"https:\/\/api.w.org\/{rel}","templated":true}]}}