{"id":722,"date":"2019-03-13T13:48:05","date_gmt":"2019-03-13T12:48:05","guid":{"rendered":"http:\/\/jahs.eu\/?page_id=722"},"modified":"2019-03-13T13:48:05","modified_gmt":"2019-03-13T12:48:05","slug":"zamke-virtualnog-svijeta-zastita-djece-i-mladih-na-internetu-i-prevencija-ovisnosti","status":"publish","type":"page","link":"https:\/\/jahs.eu\/hr\/volume-1-number-2-december-2015\/zamke-virtualnog-svijeta-zastita-djece-i-mladih-na-internetu-i-prevencija-ovisnosti\/","title":{"rendered":"Zamke virtualnog svijeta: za\u0161tita djece i mladih na internetu i prevencija ovisnosti"},"content":{"rendered":"<p><\/p>\n<p style=\"text-align: center;\"><strong>Zamke virtualnog svijeta: za\u0161tita djece i mladih na internetu i prevencija ovisnosti<\/strong><\/p>\n<p style=\"text-align: left;\">Pregledni rad<br \/>\n<a class=\"normal\" href=\"https:\/\/doi.org\/10.24141\/1\/1\/2\/1\" rel=\"nofollow\">https:\/\/doi.org\/10.24141\/1\/1\/2\/1<\/a><\/p>\n<p><strong>Petra Roboti\u0107<\/strong>\u00a0; Studijski centar socijalnog rada, Pravni fakultet Sveu\u010dili\u0161ta u Zagrebu<\/p>\n<p><a title=\"Zamke virtualnog svijeta: za\u0161tita djece i mladih na internetu i prevencija ovisnosti\" href=\"http:\/\/jahs.eu\/wp-content\/uploads\/2015\/04\/01-Zamke-virtualnog-svijeta.pdf\" target=\"_blank\"> Puni tekst: hrvatski, <strong>pdf<\/strong> (1 MB)<\/a><\/p>\n<p class=\"al-j\"><strong>Sa\u017eetak<\/strong><br \/>\nRazvoj elektroni\u010dkih medija, njihova interaktivnost i ve\u0107e mogu\u0107nosti komuniciranja, uz mnoge prednosti i zanimljiv na\u010din u\u010denja, predstavlja i vrlo velik rizik za sve, ali ponajvi\u0161e djecu i mlade. Djeca i mladi danas \u017eive znatno druga\u010dije nego su \u017eivjeli njihovi roditelji i znaju mnogo vi\u0161e o elektroni\u010dkim medijima, \u010dime roditeljska uloga postaje jo\u0161 slo\u017eenija. Mediji danas, s naglaskom na sve ve\u0107oj va\u017enosti i prisutnosti elektroni\u010dkih medija u \u017eivotima djece i mladih, postaju odgojitelji novih generacija, s obzirom na to da djeca danas provode vi\u0161e vremena u dru\u0161tvu raznih medija nego \u0161to provode u \u0161kolskim klupama.<\/p>\n<p>Stoga su djeca i mladi u velikom riziku da ih prekomjerna upotreba ovog medija odvede u socijalnu izolaciju, \u0161to je dobra podloga za stvaranje ovisnosti.<\/p>\n<p>Ovisnost o internetu jo\u0161 uvijek nema slu\u017ebenu dijagnozu u Dijagnosti\u010dkom i statisti\u010dkom priru\u010dniku za du\u0161evne poreme\u0107aje, peto izdanje (u daljnjem tekstu DSM-V), kao ni u Me\u0111unarodnoj klasifikaciji bolesti i srodnih zdravstvenih problema, deseto izdanje (u daljnjem tekstu MKb-10), ali su dosada\u0161nja istra\u017eivanja pokazala da postoji odre\u0111eni broj ljudi koji pokazuju elemente pona\u0161anja koji su zajedni\u010dki pona\u0161anju osoba ovisnih o tvarima, a posljedice se o\u010dituju u socijalnom, radnom i obiteljskom \u017eivotu osobe.<\/p>\n<p>Tako\u0111er, na internetu vrebaju mnoge opasnosti, a kako bi se djecu i mlade za\u0161titilo od njih, potrebna je dobra suradnja i komunikacija na relaciji dijete \u2013 roditelj \u2013 \u0161kola \u2013 lokalna zajednica \u2013 dru\u0161tvo u cjelini, sustavno djeluju\u0107i na svim razinama prevencije i za\u0161titi djece od mogu\u0107ega \u0161tetnog djelovanja elektroni\u010dkih medija.<\/p>\n<p><strong>Klju\u010dne rije\u010di<\/strong><br \/>\n<a class=\"normal\" href=\"https:\/\/hrcak.srce.hr\/search\/?stype=2&amp;c%5B0%5D=article_keywords&amp;r=10&amp;t%5B0%5D=internet\">internet<\/a>; <a class=\"normal\" href=\"https:\/\/hrcak.srce.hr\/search\/?stype=2&amp;c%5B0%5D=article_keywords&amp;r=10&amp;t%5B0%5D=ovisnost%20o%20internetu\">ovisnost o internetu<\/a>; <a class=\"normal\" href=\"https:\/\/hrcak.srce.hr\/search\/?stype=2&amp;c%5B0%5D=article_keywords&amp;r=10&amp;t%5B0%5D=elektroni%C4%8Dki%20mediji\">elektroni\u010dki mediji<\/a>; <a class=\"normal\" href=\"https:\/\/hrcak.srce.hr\/search\/?stype=2&amp;c%5B0%5D=article_keywords&amp;r=10&amp;t%5B0%5D=za%C5%A1tita%20djece\">za\u0161tita djece<\/a>; <a class=\"normal\" href=\"https:\/\/hrcak.srce.hr\/search\/?stype=2&amp;c%5B0%5D=article_keywords&amp;r=10&amp;t%5B0%5D=prevencija\">prevencija<\/a><\/p>\n<p>&nbsp;<\/p>","protected":false},"excerpt":{"rendered":"<p>Zamke virtualnog svijeta: za\u0161tita djece i mladih na internetu i prevencija ovisnosti Pregledni rad https:\/\/doi.org\/10.24141\/1\/1\/2\/1 Petra Roboti\u0107\u00a0; Studijski centar socijalnog rada, Pravni fakultet Sveu\u010dili\u0161ta u Zagrebu Puni tekst: hrvatski, pdf (1 MB) Sa\u017eetak Razvoj elektroni\u010dkih medija, njihova interaktivnost i ve\u0107e mogu\u0107nosti komuniciranja, uz mnoge prednosti i zanimljiv na\u010din u\u010denja, predstavlja i vrlo velik rizik za [&hellip;]<\/p>\n","protected":false},"author":1,"featured_media":0,"parent":196,"menu_order":0,"comment_status":"closed","ping_status":"closed","template":"","meta":{"footnotes":""},"class_list":["post-722","page","type-page","status-publish","hentry"],"_links":{"self":[{"href":"https:\/\/jahs.eu\/hr\/wp-json\/wp\/v2\/pages\/722","targetHints":{"allow":["GET"]}}],"collection":[{"href":"https:\/\/jahs.eu\/hr\/wp-json\/wp\/v2\/pages"}],"about":[{"href":"https:\/\/jahs.eu\/hr\/wp-json\/wp\/v2\/types\/page"}],"author":[{"embeddable":true,"href":"https:\/\/jahs.eu\/hr\/wp-json\/wp\/v2\/users\/1"}],"replies":[{"embeddable":true,"href":"https:\/\/jahs.eu\/hr\/wp-json\/wp\/v2\/comments?post=722"}],"version-history":[{"count":1,"href":"https:\/\/jahs.eu\/hr\/wp-json\/wp\/v2\/pages\/722\/revisions"}],"predecessor-version":[{"id":723,"href":"https:\/\/jahs.eu\/hr\/wp-json\/wp\/v2\/pages\/722\/revisions\/723"}],"up":[{"embeddable":true,"href":"https:\/\/jahs.eu\/hr\/wp-json\/wp\/v2\/pages\/196"}],"wp:attachment":[{"href":"https:\/\/jahs.eu\/hr\/wp-json\/wp\/v2\/media?parent=722"}],"curies":[{"name":"wp","href":"https:\/\/api.w.org\/{rel}","templated":true}]}}