{"id":728,"date":"2019-03-13T13:51:46","date_gmt":"2019-03-13T12:51:46","guid":{"rendered":"http:\/\/jahs.eu\/?page_id=728"},"modified":"2019-03-13T13:51:46","modified_gmt":"2019-03-13T12:51:46","slug":"kvaliteta-zivota-laringektomiranih-osoba","status":"publish","type":"page","link":"https:\/\/jahs.eu\/hr\/kvaliteta-zivota-laringektomiranih-osoba\/","title":{"rendered":"Kvaliteta \u017eivota laringektomiranih osoba"},"content":{"rendered":"<p><\/p>\n<p style=\"text-align: center;\"><strong>Kvaliteta \u017eivota laringektomiranih osoba<\/strong><\/p>\n<p style=\"text-align: left;\">Stru\u010dni rad<br \/>\n<a class=\"normal\" href=\"https:\/\/doi.org\/10.24141\/1\/1\/2\/3\" rel=\"nofollow\">https:\/\/doi.org\/10.24141\/1\/1\/2\/3<\/a><\/p>\n<p style=\"text-align: left;\"><strong>Ivana Crnkovi\u0107\u00a0<\/strong>; Zdravstveno veleu\u010dili\u0161te Zagreb<br \/>\n<strong>Melita Rukavina<\/strong>\u00a0; Zdravstveno veleu\u010dili\u0161te Zagreb<br \/>\n<strong>Karlo Ostrogonac<\/strong>\u00a0; Zdravstveno veleu\u010dili\u0161te Zagreb<\/p>\n<p style=\"text-align: left;\"><a title=\"Kvaliteta \u017eivota laringektomiranih osoba\" href=\"http:\/\/jahs.eu\/wp-content\/uploads\/2015\/04\/03-Kvaliteta-zivota.pdf\" target=\"_blank\"> Puni tekst: hrvatski, <strong>pdf<\/strong> (1 MB) <\/a><\/p>\n<p class=\"al-j\"><strong>Sa\u017eetak<\/strong><br \/>\nKvaliteta \u017eivota va\u017ean je evaluacijski instrument rehabilitacijskog procesa onkolo\u0161kih bolesnika, pa tako i osoba s laringektomijom. Cilj ovoga istra\u017eivanja bio je ispitati stupanj kvalitete \u017eivota kod osoba nakon zahvata laringektomije u cjelini i po domenama, provjeriti postoje li razlike u kvaliteti \u017eivota osoba prije i nakon zahvata laringektomije u cjelini i po domenama te ispitati faktore koji utje\u010du na samoprocjenu kvalitete \u017eivota osoba nakon laringektomije. U istra\u017eivanju je sudjelovalo 35 ispitanika nakon totalne laringektomije. Upotrijebljen je prigodni uzorak s podru\u010dja grada Zagreba, u Klinici za tumore KbC-a Sestre Milosrdnice u Zagrebu i Klinici za tumore KbC-a Zagreb. Za svrhe ovog istra\u017eivanja primijenjen je Indeks osobne dobrobiti za procjenu kvalitete \u017eivota osoba i dobrobiti prije i poslije provedenog zahvata laringektomije te Upitnik za samoprocjenu kvalitete \u017eivota EORTC QLQ-C30, verzija 3.0.<\/p>\n<p>Rezultati ovog istra\u017eivanja upu\u0107uju na to da percipirana kvaliteta \u017eivota osoba s laringektomijom ne odstupa od vrijednosti koje se mogu na\u0107i u zdravoj populaciji. Utvr- \u0111eno je i da ispitanici procjenjuju svoju kvalitetu \u017eivota prije provo\u0111enja zahvata znatno vi\u0161om. Pacijenti koji su bili uklju\u010deni u rehabilitacijski proces i koji se bave sportskom aktivno\u0161\u0107u procjenjuju svoju kvalitetu \u017eivota u prosjeku boljom i prije i nakon zahvata. Od simptoma koji su zna\u010dajno povezani s osje\u0107ajem dobrobiti odnosno kvalitetom \u017eivota istaknuli su se umor i gastrointestinalne smetnje, dok se skala globalnog zdravlja pokazala povezanom samo s kvalitetom \u017eivota nakon zahvata.<\/p>\n<p><strong>Klju\u010dne rije\u010di<\/strong><br \/>\n<a class=\"normal\" href=\"https:\/\/hrcak.srce.hr\/search\/?stype=2&amp;c%5B0%5D=article_keywords&amp;r=10&amp;t%5B0%5D=kvaliteta%20%C5%BEivota\">kvaliteta \u017eivota<\/a>; <a class=\"normal\" href=\"https:\/\/hrcak.srce.hr\/search\/?stype=2&amp;c%5B0%5D=article_keywords&amp;r=10&amp;t%5B0%5D=osobe%20s%20laringektomijom\">osobe s laringektomijom<\/a>; <a class=\"normal\" href=\"https:\/\/hrcak.srce.hr\/search\/?stype=2&amp;c%5B0%5D=article_keywords&amp;r=10&amp;t%5B0%5D=rehabilitacijski%20proces\">rehabilitacijski proces<\/a>; <a class=\"normal\" href=\"https:\/\/hrcak.srce.hr\/search\/?stype=2&amp;c%5B0%5D=article_keywords&amp;r=10&amp;t%5B0%5D=samoprocjena%20faktora%20koji%20utje%C4%8Du%20na%20kvalitetu%20%C5%BEivota%20nakon%20laringektomije\">samoprocjena faktora koji utje\u010du na kvalitetu \u017eivota nakon laringektomije<\/a><\/p>\n<p class=\"al-j\"><strong>Hr\u010dak ID:\u00a0<\/strong>162914<\/p>\n<p><\/p>","protected":false},"excerpt":{"rendered":"<p>Kvaliteta \u017eivota laringektomiranih osoba Stru\u010dni rad https:\/\/doi.org\/10.24141\/1\/1\/2\/3 Ivana Crnkovi\u0107\u00a0; Zdravstveno veleu\u010dili\u0161te Zagreb Melita Rukavina\u00a0; Zdravstveno veleu\u010dili\u0161te Zagreb Karlo Ostrogonac\u00a0; Zdravstveno veleu\u010dili\u0161te Zagreb Puni tekst: hrvatski, pdf (1 MB) Sa\u017eetak Kvaliteta \u017eivota va\u017ean je evaluacijski instrument rehabilitacijskog procesa onkolo\u0161kih bolesnika, pa tako i osoba s laringektomijom. Cilj ovoga istra\u017eivanja bio je ispitati stupanj kvalitete \u017eivota kod [&hellip;]<\/p>\n","protected":false},"author":1,"featured_media":0,"parent":0,"menu_order":0,"comment_status":"closed","ping_status":"closed","template":"","meta":{"footnotes":""},"class_list":["post-728","page","type-page","status-publish","hentry"],"_links":{"self":[{"href":"https:\/\/jahs.eu\/hr\/wp-json\/wp\/v2\/pages\/728","targetHints":{"allow":["GET"]}}],"collection":[{"href":"https:\/\/jahs.eu\/hr\/wp-json\/wp\/v2\/pages"}],"about":[{"href":"https:\/\/jahs.eu\/hr\/wp-json\/wp\/v2\/types\/page"}],"author":[{"embeddable":true,"href":"https:\/\/jahs.eu\/hr\/wp-json\/wp\/v2\/users\/1"}],"replies":[{"embeddable":true,"href":"https:\/\/jahs.eu\/hr\/wp-json\/wp\/v2\/comments?post=728"}],"version-history":[{"count":1,"href":"https:\/\/jahs.eu\/hr\/wp-json\/wp\/v2\/pages\/728\/revisions"}],"predecessor-version":[{"id":729,"href":"https:\/\/jahs.eu\/hr\/wp-json\/wp\/v2\/pages\/728\/revisions\/729"}],"wp:attachment":[{"href":"https:\/\/jahs.eu\/hr\/wp-json\/wp\/v2\/media?parent=728"}],"curies":[{"name":"wp","href":"https:\/\/api.w.org\/{rel}","templated":true}]}}