{"id":745,"date":"2019-03-13T14:00:18","date_gmt":"2019-03-13T13:00:18","guid":{"rendered":"http:\/\/jahs.eu\/?page_id=745"},"modified":"2019-03-13T14:00:18","modified_gmt":"2019-03-13T13:00:18","slug":"psihoedukacija-o-antipsihoticima-u-povecanju-suradljivosti-i-efikasnosti-lijecenja","status":"publish","type":"page","link":"https:\/\/jahs.eu\/hr\/volume-1-number-1-september-2015\/psihoedukacija-o-antipsihoticima-u-povecanju-suradljivosti-i-efikasnosti-lijecenja\/","title":{"rendered":"Psihoedukacija o antipsihoticima u pove\u0107anju suradljivosti i efikasnosti lije\u010denja"},"content":{"rendered":"<p><\/p>\n<p style=\"text-align: center;\"><strong>Psihoedukacija o antipsihoticima u pove\u0107anju suradljivosti i efikasnosti lije\u010denja<\/strong><\/p>\n<p style=\"text-align: left;\">Pregledni rad<br \/>\n<a class=\"normal\" href=\"https:\/\/doi.org\/10.24141\/1\/1\/1\/2\" rel=\"nofollow\">https:\/\/doi.org\/10.24141\/1\/1\/1\/2<\/a><\/p>\n<p style=\"text-align: left;\"><strong>Sla\u0111ana \u0160trkalj Ivezi\u0107<\/strong>\u00a0; Klinika za psihijatriju Vrap\u010de<br \/>\n<strong>Lana Mu\u017eini\u0107<\/strong>\u00a0; Klinika za psihijatriju Klini\u010dka bolnica Dubrava<br \/>\n<strong>Marijo Vrdoljak<\/strong>\u00a0; Dom za psihi\u010dki bolesne osobe, Zagreb<\/p>\n<p style=\"text-align: left;\"><a title=\"Psihoedukacija o antipsihoticima u pove\u0107anju suradljivosti i efikasnosti lije\u010denja\" href=\"http:\/\/jahs.eu\/wp-content\/uploads\/2015\/04\/002-Psihoedukacija-o-antipsihoticima.pdf\" target=\"_blank\"> Puni tekst: hrvatski, <strong>pdf<\/strong> (210 KB) <\/a><\/p>\n<p class=\"al-j\"><strong>Sa\u017eetak<\/strong><br \/>\nRad prikazuje razli\u010dite faktore koji utje\u010du na suradljivost uzimanja antipsihotika s ciljem sveobuhvatnog sagledavanja suradljivosti u uzimanju lijekova osoba oboljelih od shizofrenije i drugih psihoti\u010dnih poreme\u0107aja. Pregled literature o suradljivosti pokazuje da su najkonzistentniji faktori povezani s nesuradljivo\u0161\u0107u nedostatak dobroga terapijskog odnosa s pacijentom i nedostatak uvida u postojanje bolesti, stoga bi vode\u0107e strategije u postupanju sa suradljivo\u0161\u0107u trebale biti psihosocijalne. Premda su se mnogi pristupi, poput psihoedukacije i motivacijskog intervjuiranja, pokazali korisnima za pove\u0107anje suradljivosti, uklju\u010duju\u0107i i terapiju suradljivosti, ne mo\u017ee se zaklju\u010diti da je bilo koji pristup bolji. balansirani pristup psiholo\u0161kim metodama koje uklju\u010duju elemente psihoedukacije, motivacijskog intervjuiranja, stvaranja odnosa povjerenja, aktivno uklju\u010denje u dono\u0161enje odluka o lije- \u010denju, orijentaciju prema osna\u017eivanju i oporavku, to\u010dne informacije o bolesti i lije\u010denju povezane s kontekstom osobnog \u017eivota pacijenta i perspektivom oporavka te borbu protiv stigme i samostigmatizacije put je koji \u0107e pomo\u0107i da ve\u0107ina nesuradljivih bolesnika postane suradljiva i da suradljivi ostanu suradljivi.<\/p>\n<p><strong>Klju\u010dne rije\u010di<\/strong><br \/>\n<a class=\"normal\" href=\"https:\/\/hrcak.srce.hr\/search\/?stype=2&amp;c%5B0%5D=article_keywords&amp;r=10&amp;t%5B0%5D=psihoedukacija\">psihoedukacija<\/a>; <a class=\"normal\" href=\"https:\/\/hrcak.srce.hr\/search\/?stype=2&amp;c%5B0%5D=article_keywords&amp;r=10&amp;t%5B0%5D=suradljivost\">suradljivost<\/a>; <a class=\"normal\" href=\"https:\/\/hrcak.srce.hr\/search\/?stype=2&amp;c%5B0%5D=article_keywords&amp;r=10&amp;t%5B0%5D=antipsihotici\">antipsihotici<\/a><\/p>","protected":false},"excerpt":{"rendered":"<p>Psihoedukacija o antipsihoticima u pove\u0107anju suradljivosti i efikasnosti lije\u010denja Pregledni rad https:\/\/doi.org\/10.24141\/1\/1\/1\/2 Sla\u0111ana \u0160trkalj Ivezi\u0107\u00a0; Klinika za psihijatriju Vrap\u010de Lana Mu\u017eini\u0107\u00a0; Klinika za psihijatriju Klini\u010dka bolnica Dubrava Marijo Vrdoljak\u00a0; Dom za psihi\u010dki bolesne osobe, Zagreb Puni tekst: hrvatski, pdf (210 KB) Sa\u017eetak Rad prikazuje razli\u010dite faktore koji utje\u010du na suradljivost uzimanja antipsihotika s ciljem sveobuhvatnog [&hellip;]<\/p>\n","protected":false},"author":1,"featured_media":0,"parent":180,"menu_order":0,"comment_status":"closed","ping_status":"closed","template":"","meta":{"footnotes":""},"class_list":["post-745","page","type-page","status-publish","hentry"],"_links":{"self":[{"href":"https:\/\/jahs.eu\/hr\/wp-json\/wp\/v2\/pages\/745","targetHints":{"allow":["GET"]}}],"collection":[{"href":"https:\/\/jahs.eu\/hr\/wp-json\/wp\/v2\/pages"}],"about":[{"href":"https:\/\/jahs.eu\/hr\/wp-json\/wp\/v2\/types\/page"}],"author":[{"embeddable":true,"href":"https:\/\/jahs.eu\/hr\/wp-json\/wp\/v2\/users\/1"}],"replies":[{"embeddable":true,"href":"https:\/\/jahs.eu\/hr\/wp-json\/wp\/v2\/comments?post=745"}],"version-history":[{"count":1,"href":"https:\/\/jahs.eu\/hr\/wp-json\/wp\/v2\/pages\/745\/revisions"}],"predecessor-version":[{"id":746,"href":"https:\/\/jahs.eu\/hr\/wp-json\/wp\/v2\/pages\/745\/revisions\/746"}],"up":[{"embeddable":true,"href":"https:\/\/jahs.eu\/hr\/wp-json\/wp\/v2\/pages\/180"}],"wp:attachment":[{"href":"https:\/\/jahs.eu\/hr\/wp-json\/wp\/v2\/media?parent=745"}],"curies":[{"name":"wp","href":"https:\/\/api.w.org\/{rel}","templated":true}]}}