{"id":760,"date":"2019-03-14T12:02:49","date_gmt":"2019-03-14T11:02:49","guid":{"rendered":"http:\/\/jahs.eu\/?page_id=760"},"modified":"2020-04-06T14:27:42","modified_gmt":"2020-04-06T12:27:42","slug":"mogucnosti-i-poteskoce-u-citoloskoj-dijagnostici-neurinoma","status":"publish","type":"page","link":"https:\/\/jahs.eu\/hr\/hrvatski-volume-5-number-1-march-2019\/mogucnosti-i-poteskoce-u-citoloskoj-dijagnostici-neurinoma\/","title":{"rendered":"Mogu\u0107nosti i pote\u0161ko\u0107e u citolo\u0161koj dijagnostici neurinoma"},"content":{"rendered":"<p style=\"text-align: center;\">Mogu\u0107nosti i pote\u0161ko\u0107e u citolo\u0161koj dijagnostici neurinoma<\/p>\n<p style=\"text-align: left;\"><a href=\"https:\/\/doi.org\/10.24141\/1\/5\/1\/1\" target=\"_blank\">https:\/\/doi.org\/10.24141\/1\/5\/1\/1<\/a><\/p>\n<p><sup>1<\/sup>\u00a0Barbara Korov<br \/>\n<sup>2<\/sup>\u00a0Karmen Trutin Ostovi\u0107<br \/>\n<sup>3<\/sup>\u00a0Ivica Luk\u0161i\u0107<br \/>\n<sup>4<\/sup>\u00a0Berislav Ro\u017eman<br \/>\n<sup>5<\/sup>\u00a0Igor \u010cikara<br \/>\n<sup>6<\/sup>\u00a0Danko M\u00fcller<br \/>\n<sup>7<\/sup>\u00a0Spomenka Manojlovi\u0107<\/p>\n<p><sup>1<\/sup>\u00a0Zdravstveno veleu\u010dili\u0161te, Zagreb<br \/>\n<sup>2<\/sup>\u00a0Klini\u010dka jedinica za citologiju Klini\u010dkog zavoda za patologiju i citologiju, Klini\u010dka bolnica Dubrava, Zagreb; Zdravstveno veleu\u010dili\u0161te, Zagreb<br \/>\n<sup>3<\/sup>\u00a0Klinika za kirurgiju lica, \u010deljusti i usta, Klini\u010dka bolnica Dubrava, Zagreb; Medicinski fakultet Sveu\u010dili\u0161ta u Zagrebu<br \/>\n<sup>4<\/sup>\u00a0Klini\u010dka jedinica za nuklearnu medicinu Klini\u010dkog zavoda za dijagnosti\u010dku i intervencijsku radiologiju, Klini\u010dka bolnica Dubrava, Zagreb<br \/>\n<sup>5\u00a0<\/sup>Klini\u010dka jedinica za ultrazvuk Klini\u010dkog zavoda za dijagnosti\u010dku i intervencijsku radiologiju, Klini\u010dka bolnica Dubrava, Zagreb<br \/>\n<sup>6<\/sup>\u00a0Klini\u010dka jedinica za patologiju Klini\u010dkog zavoda za patologiju i citologiju, Klini\u010dka bolnica Dubrava, Zagreb<br \/>\n<sup>7<\/sup>\u00a0Klini\u010dka jedinica za patologiju Klini\u010dkog zavoda za patologiju i citologiju, Klini\u010dka bolnica Dubrava, Zagreb; Medicinski fakultet, Zagreb<\/p>\n<p><a href=\"http:\/\/jahs.eu\/wp-content\/uploads\/2019\/03\/009-JAHS-01.pdf\" target=\"_blank\">Puni tekst: hrvatski, pdf<\/a><\/p>\n<p><strong>Sa\u017eetak<br \/>\n<\/strong>Neurinom ili \u0161vanom rijetki je benigni tumor koji potje\u010de od Schwannovih stanica ovojnice \u017eivca. To je spororastu\u0107i, solitarni i inkapsulirani tumor. Mo\u017ee nastati u bilo kojoj dobi, ali naj\u010de\u0161\u0107e se javlja izme\u0111u 30. i 60. godine \u017eivota. Na glavi i vratu neurinomi se javljaju u mla\u0111ih osoba, u dobi od 20. do 30. godine. Citolo\u0161ka je dijagnoza va\u017ena zbog odabira pravilnog lije\u010denja, otkrivanja recidiva ili pojave novog neurinoma na drugome \u017eivcu. Citolo\u0161ke punkcije mogu se raditi \u201enaslijepo\u201d ili \u010de\u0161\u0107e pod kontrolom ultrazvuka. Tijekom sedam godina, od 1.\u00a0 sije\u010dnja\u00a0 2007. do 31.\u00a0 prosinca\u00a0 2013., punktirano je 14\u00a0322 pacijenta na Odjelu za klini\u010dku citologiju i citometriju KB-a Dubrava, a samo u 10 (0,07\u00a0%) pacijenata postavljena je citolo\u0161ka dijagnoza neurinoma. Najvi\u0161e punktiranih neurinoma bilo je u podru\u010dju glave i vrata, u sedam pacijenata od njih 10. Retrospektivno smo analizirali preparate i nalaze i odredili to\u010dnost citologije uspore\u0111uju\u0107i citolo\u0161ku dijagnozu s patohistolo\u0161kim nalazom. U \u0161est je pacijenata patohistolo\u0161ki potvr\u0111ena citolo\u0161ka dijagnoza neurinoma. U \u010detiri pacijenta \u010dija je patohistolo\u0161ka dijagnoza bila neurinom, citolo\u0161ka je dijagnoza glasila mezenhimalni tumor u tri pacijenta, a u \u010detvrtog tumor vretenastih stanica, \u0161to su sve bile dijagnoze benignih lezija.<\/p>\n<p><strong>Klju\u010dne rije\u010di<\/strong>: neurinom, citologija, citolo\u0161ka punkcija<\/p>\n","protected":false},"excerpt":{"rendered":"<p>Mogu\u0107nosti i pote\u0161ko\u0107e u citolo\u0161koj dijagnostici neurinoma https:\/\/doi.org\/10.24141\/1\/5\/1\/1 1\u00a0Barbara Korov 2\u00a0Karmen Trutin Ostovi\u0107 3\u00a0Ivica Luk\u0161i\u0107 4\u00a0Berislav Ro\u017eman 5\u00a0Igor \u010cikara 6\u00a0Danko M\u00fcller 7\u00a0Spomenka Manojlovi\u0107 1\u00a0Zdravstveno veleu\u010dili\u0161te, Zagreb 2\u00a0Klini\u010dka jedinica za citologiju Klini\u010dkog zavoda za patologiju i citologiju, Klini\u010dka bolnica Dubrava, Zagreb; Zdravstveno veleu\u010dili\u0161te, Zagreb 3\u00a0Klinika za kirurgiju lica, \u010deljusti i usta, Klini\u010dka bolnica Dubrava, Zagreb; Medicinski [&hellip;]<\/p>\n","protected":false},"author":1,"featured_media":0,"parent":459,"menu_order":0,"comment_status":"closed","ping_status":"closed","template":"","meta":{"footnotes":""},"class_list":["post-760","page","type-page","status-publish","hentry"],"_links":{"self":[{"href":"https:\/\/jahs.eu\/hr\/wp-json\/wp\/v2\/pages\/760","targetHints":{"allow":["GET"]}}],"collection":[{"href":"https:\/\/jahs.eu\/hr\/wp-json\/wp\/v2\/pages"}],"about":[{"href":"https:\/\/jahs.eu\/hr\/wp-json\/wp\/v2\/types\/page"}],"author":[{"embeddable":true,"href":"https:\/\/jahs.eu\/hr\/wp-json\/wp\/v2\/users\/1"}],"replies":[{"embeddable":true,"href":"https:\/\/jahs.eu\/hr\/wp-json\/wp\/v2\/comments?post=760"}],"version-history":[{"count":11,"href":"https:\/\/jahs.eu\/hr\/wp-json\/wp\/v2\/pages\/760\/revisions"}],"predecessor-version":[{"id":1183,"href":"https:\/\/jahs.eu\/hr\/wp-json\/wp\/v2\/pages\/760\/revisions\/1183"}],"up":[{"embeddable":true,"href":"https:\/\/jahs.eu\/hr\/wp-json\/wp\/v2\/pages\/459"}],"wp:attachment":[{"href":"https:\/\/jahs.eu\/hr\/wp-json\/wp\/v2\/media?parent=760"}],"curies":[{"name":"wp","href":"https:\/\/api.w.org\/{rel}","templated":true}]}}