{"id":772,"date":"2019-03-14T12:22:27","date_gmt":"2019-03-14T11:22:27","guid":{"rendered":"http:\/\/jahs.eu\/?page_id=772"},"modified":"2020-04-06T14:28:40","modified_gmt":"2020-04-06T12:28:40","slug":"usporedba-kvalitete-zivota-i-samoprocjena-zdravlja-osoba-starijih-od-75-godina-u-gradu-rijeci-i-gradu-rovinju","status":"publish","type":"page","link":"https:\/\/jahs.eu\/hr\/hrvatski-volume-5-number-1-march-2019\/usporedba-kvalitete-zivota-i-samoprocjena-zdravlja-osoba-starijih-od-75-godina-u-gradu-rijeci-i-gradu-rovinju\/","title":{"rendered":"Usporedba kvalitete \u017eivota i samoprocjena zdravlja osoba starijih od 75 godina u gradu Rijeci i gradu Rovinju"},"content":{"rendered":"<p style=\"text-align: center;\">Usporedba kvalitete \u017eivota i samoprocjena zdravlja osoba starijih od 75 godina u gradu Rijeci i gradu Rovinju<\/p>\n<p><a href=\"https:\/\/doi.org\/10.24141\/1\/5\/1\/3\" target=\"_blank\">https:\/\/doi.org\/10.24141\/1\/5\/1\/3<\/a><\/p>\n<p><sup>1<\/sup> Mihaela Marinovi\u0107 Glavi\u0107<br \/>\n<sup>1<\/sup> Denis Juraga<br \/>\n<sup>1,2<\/sup> Vanja Vasiljev Marchesi<br \/>\n<sup>1,3<\/sup> Lovorka Bilajac<br \/>\n<sup>\u00a05<\/sup> Franka Bur\u0161i\u0107<br \/>\n<sup>1,2,4<\/sup> Tomislav Rukavina<\/p>\n<p><sup>1<\/sup> Sveu\u010dili\u0161te u Rijeci, Medicinski fakultet, Katedra za socijalnu medicinu i epidemiologiju, Rijeka, Hrvatska<br \/>\n<sup>2 <\/sup>Sveu\u010dili\u0161te u Rijeci, Fakultet zdravstvenih studija, Katedra za javno zdravstvo, Rijeka, Hrvatska<br \/>\n<sup>3<\/sup> Nastavni zavod za javno zdravstvo Primorsko-goranske \u017eupanije, Ispostava Opatija, Hrvatska<br \/>\n<sup>4<\/sup> Nastavni zavod za javno zdravstvo Primorsko-goranske \u017eupanije, Rijeka, Hrvatska<br \/>\n<sup>5 <\/sup>Sveu\u010dili\u0161te u Rijeci, Fakultet zdravstvenih studija, sveu\u010dili\u0161ni diplomski studij fizioterapije, Rijeka, Hrvatska<\/p>\n<p><a href=\"http:\/\/jahs.eu\/wp-content\/uploads\/2019\/03\/009-JAHS-03.pdf\" target=\"_blank\">Puni tekst: hrvatski, pdf<\/a><\/p>\n<p><strong>Sa\u017eetak<br \/>\n<\/strong>Uvod: Kvaliteta \u017eivota osoba starije \u017eivotne dobi, iako povezana s tjelesnim zdravljem i funkcioniranjem, ne mora izravno ovisiti o zdravstvenom stanju pojedinca i zato novija istra\u017eivanja procesa starenja nagla\u0161avaju pojam subjektivnog zdravlja. Cilj je ovog rada utvrditi kvalitetu \u017eivota i samoprocjenu zdravlja osoba starijih od 75 godina na podru\u010dju gradova Rijeke i Rovinja. Ispitanici i metode: Za potrebe istra\u017eivanja ispitano je 305 starijih osoba (184 \u017eene i 121 mu\u0161karac) iz Rijeke (156) i Rovinja (149). Kao instrument je primijenjen anketni upitnik namijenjen istra\u017eivanjima koja se provode u okviru europskog projekta UHCE (Urban Health Centre Europe) za aktivno i zdravo starenje u gradu Rijeci. Rezultati: Osobe starije od 75 godina na podru\u010dju Rijeke i Rovinja uglavnom su zadovoljne kvalitetom \u017eivota te fizi\u010dke i emocionalne tegobe karakteristi\u010dne za stariju dob ne ograni\u010davaju njihovo svakodnevno pona\u0161anje, socijalne aktivnosti i ne utje\u010du na njihovo psihi\u010dko zdravlje. Zaklju\u010dak: Istra\u017eivanjem je utvr\u0111eno da je kvaliteta \u017eivota ispitanika zadovoljavaju\u0107a, no nedostaje im socijalne podr\u0161ke, odnosno ljudi kojima mogu vjerovati i s kojima se osje\u0107aju bliskima. Njihovo subjektivno zdravlje uglavnom je zadovoljavaju\u0107e, kako tjelesno tako i emocionalno, pa je ukupna ocjena kvalitete \u017eivljenja pozitivna i ne razlikuje se znatno izme\u0111u onih koji \u017eive u Rijeci, kao ve\u0107oj gradskoj sredini, i Rovinju, kao manjoj urbanoj sredini.<\/p>\n<p>Klju\u010dne rije\u010di: stariji, Rijeka, Rovinj, kvaliteta \u017eivota, fizi\u010dko i emocionalno funkcioniranje<\/p>\n","protected":false},"excerpt":{"rendered":"<p>Usporedba kvalitete \u017eivota i samoprocjena zdravlja osoba starijih od 75 godina u gradu Rijeci i gradu Rovinju https:\/\/doi.org\/10.24141\/1\/5\/1\/3 1 Mihaela Marinovi\u0107 Glavi\u0107 1 Denis Juraga 1,2 Vanja Vasiljev Marchesi 1,3 Lovorka Bilajac \u00a05 Franka Bur\u0161i\u0107 1,2,4 Tomislav Rukavina 1 Sveu\u010dili\u0161te u Rijeci, Medicinski fakultet, Katedra za socijalnu medicinu i epidemiologiju, Rijeka, Hrvatska 2 Sveu\u010dili\u0161te u [&hellip;]<\/p>\n","protected":false},"author":1,"featured_media":0,"parent":459,"menu_order":0,"comment_status":"closed","ping_status":"closed","template":"","meta":{"footnotes":""},"class_list":["post-772","page","type-page","status-publish","hentry"],"_links":{"self":[{"href":"https:\/\/jahs.eu\/hr\/wp-json\/wp\/v2\/pages\/772","targetHints":{"allow":["GET"]}}],"collection":[{"href":"https:\/\/jahs.eu\/hr\/wp-json\/wp\/v2\/pages"}],"about":[{"href":"https:\/\/jahs.eu\/hr\/wp-json\/wp\/v2\/types\/page"}],"author":[{"embeddable":true,"href":"https:\/\/jahs.eu\/hr\/wp-json\/wp\/v2\/users\/1"}],"replies":[{"embeddable":true,"href":"https:\/\/jahs.eu\/hr\/wp-json\/wp\/v2\/comments?post=772"}],"version-history":[{"count":5,"href":"https:\/\/jahs.eu\/hr\/wp-json\/wp\/v2\/pages\/772\/revisions"}],"predecessor-version":[{"id":1185,"href":"https:\/\/jahs.eu\/hr\/wp-json\/wp\/v2\/pages\/772\/revisions\/1185"}],"up":[{"embeddable":true,"href":"https:\/\/jahs.eu\/hr\/wp-json\/wp\/v2\/pages\/459"}],"wp:attachment":[{"href":"https:\/\/jahs.eu\/hr\/wp-json\/wp\/v2\/media?parent=772"}],"curies":[{"name":"wp","href":"https:\/\/api.w.org\/{rel}","templated":true}]}}