{"id":782,"date":"2019-03-14T12:32:34","date_gmt":"2019-03-14T11:32:34","guid":{"rendered":"http:\/\/jahs.eu\/?page_id=782"},"modified":"2020-04-06T14:29:33","modified_gmt":"2020-04-06T12:29:33","slug":"stavovi-pripadnika-romske-populacije-na-podrucju-bjelovarsko-bilogorske-zupanije-o-obiteljskom-nasilju","status":"publish","type":"page","link":"https:\/\/jahs.eu\/hr\/hrvatski-volume-5-number-1-march-2019\/stavovi-pripadnika-romske-populacije-na-podrucju-bjelovarsko-bilogorske-zupanije-o-obiteljskom-nasilju\/","title":{"rendered":"Stavovi pripadnika Romske populacije na podru\u010dju Bjelovarsko-bilogorske \u017eupanije o obiteljskom nasilju"},"content":{"rendered":"<p style=\"text-align: center;\">Stavovi pripadnika Romske populacije na podru\u010dju Bjelovarsko-bilogorske \u017eupanije o obiteljskom nasilju<\/p>\n<p><a href=\"https:\/\/doi.org\/10.24141\/1\/5\/1\/5\" target=\"_blank\">https:\/\/doi.org\/10.24141\/1\/5\/1\/5<\/a><\/p>\n<p><sup>1<\/sup> Aleksandar Racz<br \/>\n<sup>2<\/sup> Veljko Kajtazi<\/p>\n<p><sup>1<\/sup> Zdravstveno veleu\u010dili\u0161te, Zagreb<br \/>\n<sup>2<\/sup> Savez Roma u Republici Hrvatskoj \u201eKali Sara\u201c<\/p>\n<p><a href=\"http:\/\/jahs.eu\/wp-content\/uploads\/2019\/03\/009-JAHS-05.pdf\" target=\"_blank\">Puni tekst: hrvatski, pdf<\/a><\/p>\n<p><strong>Sa\u017eetak<br \/>\n<\/strong>Op\u0107i cilj postavljen hrvatskom Nacionalnom strategijom za uklju\u010divanje Roma jest pobolj\u0161ati polo\u017eaj romske nacionalne manjine u Republici Hrvatskoj smanjivanjem vi\u0161edimenzionalnog jaza izme\u0111u romskog i ostalog stanovni\u0161tva te na uskla\u0111en, otvoren i transparentan na\u010din posti\u0107i potpuno uklju\u010divanje Roma u sve segmente dru\u0161tva i zajednice. Glavni cilj istra\u017eivanja bio je istra\u017eiti stavove pripadnika Romske populacije s podru\u010dja Bjelovarsko-bilogorske \u017eupanije o nasilju u obitelji te istra\u017eiti vrstu i razmjere njihove izlo\u017eenosti pojedinim oblicima nasilja. Pomo\u0107ni cilj bio je istra\u017eiti uvjerenja i stavove ispitanika o pro\u0161nji me\u0111u djecom te uvjerenja i stavove ispitanika o povjerenju u institucije kao mjesta prijave nasilja i pru\u017eanja za\u0161tite \u017ertvi u slu\u010dajevima izlo\u017eenosti obiteljskom nasilju. Istra\u017eivanje je provedeno metodom anketiranja na prigodnom uzorku od 70 ispitanika koji su bili polaznici edukacijskih radionica na temu usvajanja socijalnih vje\u0161tina usmjerenih na smanjenje neprihvatljivog pona\u0161anja kod djece i mladih u organizaciji Saveza Roma \u201eKali Sara\u201d na podru\u010dju Grubi\u0161nog Polja i Bjelovara u sije\u010dnju 2019. godine. Podaci su obra\u0111eni standardnim programskim paketom SPSS. Rezultati su potvrdili sve tri hipoteze istra\u017eivanja, i to: da nema razlike u incidenciji izlo\u017eenosti nasilju u obitelji izme\u0111u pripadnika romske nacionalne manjine u odnosu na sekundarne podatke o izlo\u017eenosti nasilju u obitelji kod neromske populacije u RH; da \u017ertve nasilja iznimno rijetko prijavljuju do\u017eivljeno nasilje u obitelji, te da romska populacija nema jasno izgra\u0111ene stavove o odnosima nasilnik \u2013 \u017ertva i dijeli predrasude o krivnji \u017ertve za do\u017eivljeno nasilje.<\/p>\n<p>Klju\u010dne rije\u010di: obiteljsko nasilje, Romi, integracija, Savez Roma u Republici Hrvatskoj \u201eKali Sara\u201d<\/p>\n","protected":false},"excerpt":{"rendered":"<p>Stavovi pripadnika Romske populacije na podru\u010dju Bjelovarsko-bilogorske \u017eupanije o obiteljskom nasilju https:\/\/doi.org\/10.24141\/1\/5\/1\/5 1 Aleksandar Racz 2 Veljko Kajtazi 1 Zdravstveno veleu\u010dili\u0161te, Zagreb 2 Savez Roma u Republici Hrvatskoj \u201eKali Sara\u201c Puni tekst: hrvatski, pdf Sa\u017eetak Op\u0107i cilj postavljen hrvatskom Nacionalnom strategijom za uklju\u010divanje Roma jest pobolj\u0161ati polo\u017eaj romske nacionalne manjine u Republici Hrvatskoj smanjivanjem vi\u0161edimenzionalnog [&hellip;]<\/p>\n","protected":false},"author":1,"featured_media":0,"parent":459,"menu_order":0,"comment_status":"closed","ping_status":"closed","template":"","meta":{"footnotes":""},"class_list":["post-782","page","type-page","status-publish","hentry"],"_links":{"self":[{"href":"https:\/\/jahs.eu\/hr\/wp-json\/wp\/v2\/pages\/782","targetHints":{"allow":["GET"]}}],"collection":[{"href":"https:\/\/jahs.eu\/hr\/wp-json\/wp\/v2\/pages"}],"about":[{"href":"https:\/\/jahs.eu\/hr\/wp-json\/wp\/v2\/types\/page"}],"author":[{"embeddable":true,"href":"https:\/\/jahs.eu\/hr\/wp-json\/wp\/v2\/users\/1"}],"replies":[{"embeddable":true,"href":"https:\/\/jahs.eu\/hr\/wp-json\/wp\/v2\/comments?post=782"}],"version-history":[{"count":4,"href":"https:\/\/jahs.eu\/hr\/wp-json\/wp\/v2\/pages\/782\/revisions"}],"predecessor-version":[{"id":1187,"href":"https:\/\/jahs.eu\/hr\/wp-json\/wp\/v2\/pages\/782\/revisions\/1187"}],"up":[{"embeddable":true,"href":"https:\/\/jahs.eu\/hr\/wp-json\/wp\/v2\/pages\/459"}],"wp:attachment":[{"href":"https:\/\/jahs.eu\/hr\/wp-json\/wp\/v2\/media?parent=782"}],"curies":[{"name":"wp","href":"https:\/\/api.w.org\/{rel}","templated":true}]}}