{"id":788,"date":"2019-03-14T12:44:06","date_gmt":"2019-03-14T11:44:06","guid":{"rendered":"http:\/\/jahs.eu\/?page_id=788"},"modified":"2020-04-06T14:30:22","modified_gmt":"2020-04-06T12:30:22","slug":"utjecaj-aspiracije-traheje-na-nastanak-nozokomijalnih-pneumonija","status":"publish","type":"page","link":"https:\/\/jahs.eu\/hr\/hrvatski-volume-5-number-1-march-2019\/utjecaj-aspiracije-traheje-na-nastanak-nozokomijalnih-pneumonija\/","title":{"rendered":"Utjecaj aspiracije traheje na nastanak nozokomijalnih pneumonija"},"content":{"rendered":"<p style=\"text-align: center;\">Utjecaj aspiracije traheje na nastanak nozokomijalnih pneumonija<\/p>\n<p><a href=\"https:\/\/doi.org\/10.24141\/1\/5\/1\/7\" target=\"_blank\">https:\/\/doi.org\/10.24141\/1\/5\/1\/7<\/a><\/p>\n<p><sup>1<\/sup>\u00a0Mirjana Saratlija<\/p>\n<p><sup>1\u00a0<\/sup>Odjel za pedijatrijsku intenzivnu medicinu, Klinika za pedijatriju KBC-a Zagreb<\/p>\n<p><a href=\"http:\/\/jahs.eu\/wp-content\/uploads\/2019\/03\/009-JAHS-07.pdf\" target=\"_blank\">Puni tekst: hrvatski, pdf<\/a><\/p>\n<p><strong>Sa\u017eetak<br \/>\n<\/strong>Nozokomijalna pneumonija vode\u0107a je komplikacija lije\u010denja djece u jedinicama intenzivne medicine, sa znatnim utjecajem na njihov mortalitet i morbiditet. Nastaje u pribli\u017eno 8 do 28 % strojno ventiliranih bolesnika, a u\u010destalost joj se pove\u0107ava za najmanje 1 do 3 % po svakom danu trajanja strojne ventilacije. O prohodnosti di\u0161nog puta ovisi kvaliteta disanja i izmjena plinova. Jedini je na\u010din odr\u017eavanja prohodnosti di\u0161nog puta pravodobna i u\u010dinkovita aspiracija traheje. Aspiracijom uklanjamo sekret iz di\u0161nog puta, pospje\u0161ujemo respiratornu funkciju i sprje\u010davamo sekundarnu infekciju plu\u0107a. Aspiracija se mo\u017ee provoditi otvorenim i zatvorenim sustavom. Otvorenim, klasi\u010dnim sustavom aspiraciju provode dvije medicinske sestre. Zatvorenim sustavom aspirira jedna medicinska sestra, pacijent se ne odvaja od respiratora i pri tome je smanjena mogu\u0107nost unosa patogena iz vanjske okoline. Sam postupak aspiracije zatvorenim sustavom ima nekoliko koraka kojih se treba pridr\u017eavati kako bi aspiracija bila uspje\u0161na. Potrebno je odrediti pravu veli\u010dinu zatvorenog sustava u odnosu na veli\u010dinu tubusa, pravilno izmjeriti distancu i pridr\u017eavati se zadanih mjera i postupaka prilikom aspiracije.<\/p>\n<p>Klju\u010dne rije\u010di: nozokomijalna pneumonija, strojna ventilacija, aspiracija traheje<\/p>\n","protected":false},"excerpt":{"rendered":"<p>Utjecaj aspiracije traheje na nastanak nozokomijalnih pneumonija https:\/\/doi.org\/10.24141\/1\/5\/1\/7 1\u00a0Mirjana Saratlija 1\u00a0Odjel za pedijatrijsku intenzivnu medicinu, Klinika za pedijatriju KBC-a Zagreb Puni tekst: hrvatski, pdf Sa\u017eetak Nozokomijalna pneumonija vode\u0107a je komplikacija lije\u010denja djece u jedinicama intenzivne medicine, sa znatnim utjecajem na njihov mortalitet i morbiditet. Nastaje u pribli\u017eno 8 do 28 % strojno ventiliranih bolesnika, a [&hellip;]<\/p>\n","protected":false},"author":1,"featured_media":0,"parent":459,"menu_order":0,"comment_status":"closed","ping_status":"closed","template":"","meta":{"footnotes":""},"class_list":["post-788","page","type-page","status-publish","hentry"],"_links":{"self":[{"href":"https:\/\/jahs.eu\/hr\/wp-json\/wp\/v2\/pages\/788","targetHints":{"allow":["GET"]}}],"collection":[{"href":"https:\/\/jahs.eu\/hr\/wp-json\/wp\/v2\/pages"}],"about":[{"href":"https:\/\/jahs.eu\/hr\/wp-json\/wp\/v2\/types\/page"}],"author":[{"embeddable":true,"href":"https:\/\/jahs.eu\/hr\/wp-json\/wp\/v2\/users\/1"}],"replies":[{"embeddable":true,"href":"https:\/\/jahs.eu\/hr\/wp-json\/wp\/v2\/comments?post=788"}],"version-history":[{"count":5,"href":"https:\/\/jahs.eu\/hr\/wp-json\/wp\/v2\/pages\/788\/revisions"}],"predecessor-version":[{"id":1189,"href":"https:\/\/jahs.eu\/hr\/wp-json\/wp\/v2\/pages\/788\/revisions\/1189"}],"up":[{"embeddable":true,"href":"https:\/\/jahs.eu\/hr\/wp-json\/wp\/v2\/pages\/459"}],"wp:attachment":[{"href":"https:\/\/jahs.eu\/hr\/wp-json\/wp\/v2\/media?parent=788"}],"curies":[{"name":"wp","href":"https:\/\/api.w.org\/{rel}","templated":true}]}}