{"id":794,"date":"2019-03-14T12:49:47","date_gmt":"2019-03-14T11:49:47","guid":{"rendered":"http:\/\/jahs.eu\/?page_id=794"},"modified":"2020-04-06T14:31:13","modified_gmt":"2020-04-06T12:31:13","slug":"socijalna-skrb-u-zajednici-za-starije-osobe-u-socijalnom-riziku-pregledni-rad","status":"publish","type":"page","link":"https:\/\/jahs.eu\/hr\/hrvatski-volume-5-number-1-march-2019\/socijalna-skrb-u-zajednici-za-starije-osobe-u-socijalnom-riziku-pregledni-rad\/","title":{"rendered":"Socijalna skrb u zajednici za starije osobe u socijalnom riziku \u2013 pregledni rad"},"content":{"rendered":"<p style=\"text-align: center;\">Socijalna skrb u zajednici za starije osobe u socijalnom riziku \u2013 pregledni rad<\/p>\n<p><a href=\"https:\/\/doi.org\/10.24141\/1\/5\/1\/9\" target=\"_blank\">https:\/\/doi.org\/10.24141\/1\/5\/1\/9<\/a><\/p>\n<p><sup>1<\/sup> Alen \u017dupan<\/p>\n<p><sup>1<\/sup> Ustanova \u201eDobri dom\u201c Grada Zagreba<\/p>\n<p><a href=\"http:\/\/jahs.eu\/wp-content\/uploads\/2019\/03\/009-JAHS-09.pdf\" target=\"_blank\">Puni tekst: hrvatski, pdf<\/a><\/p>\n<p><strong>Sa\u017eetak<br \/>\n<\/strong>Nu\u017enost izgradnje politika i mjera socijalne skrbi prilago\u0111enih potrebama osobama starije \u017eivotne dobi prioritet je dru\u0161tvenih struktura. Va\u017eno je prevenirati socijalnu isklju\u010denost starijih osoba, odr\u017eavati primjereni \u017eivotni standard umirovljenika, promicati me\u0111ugeneracijsku solidarnost i produ\u017eiti aktivnu \u017eivotnu dob. Porast broja starijih osoba u socijalnom riziku i potrebe iz kojih proizlazi njihova ovisnost o drugim osobama i op\u0107enito zajednici poti\u010du na razvoj novih neposrednih i multidisciplinarnih izvan institucijskih modela socijalnih usluga. Va\u017eno je rano intervenirati u detekciji starijih osoba u socijalnom riziku i osigurati \u0161iru dostupnost usluga u zajednici istodobno suzbijaju\u0107i siroma\u0161tvo i podupiru\u0107i socijalnu uklju\u010denost ugro\u017eenih skupina te ve\u0107u razinu socijalne sigurnosti starijih osoba uz pobolj\u0161anje pristupa odr\u017eivim i visokokvalitetnim socijalnim uslugama, uklju\u010duju\u0107i podr\u0161ku procesu deinstitucionalizacije.<\/p>\n<p>Klju\u010dne rije\u010di: skrb za starije osobe, siroma\u0161tvo, socijalne usluge, kvaliteta \u017eivota<\/p>\n","protected":false},"excerpt":{"rendered":"<p>Socijalna skrb u zajednici za starije osobe u socijalnom riziku \u2013 pregledni rad https:\/\/doi.org\/10.24141\/1\/5\/1\/9 1 Alen \u017dupan 1 Ustanova \u201eDobri dom\u201c Grada Zagreba Puni tekst: hrvatski, pdf Sa\u017eetak Nu\u017enost izgradnje politika i mjera socijalne skrbi prilago\u0111enih potrebama osobama starije \u017eivotne dobi prioritet je dru\u0161tvenih struktura. Va\u017eno je prevenirati socijalnu isklju\u010denost starijih osoba, odr\u017eavati primjereni \u017eivotni [&hellip;]<\/p>\n","protected":false},"author":1,"featured_media":0,"parent":459,"menu_order":0,"comment_status":"closed","ping_status":"closed","template":"","meta":{"footnotes":""},"class_list":["post-794","page","type-page","status-publish","hentry"],"_links":{"self":[{"href":"https:\/\/jahs.eu\/hr\/wp-json\/wp\/v2\/pages\/794","targetHints":{"allow":["GET"]}}],"collection":[{"href":"https:\/\/jahs.eu\/hr\/wp-json\/wp\/v2\/pages"}],"about":[{"href":"https:\/\/jahs.eu\/hr\/wp-json\/wp\/v2\/types\/page"}],"author":[{"embeddable":true,"href":"https:\/\/jahs.eu\/hr\/wp-json\/wp\/v2\/users\/1"}],"replies":[{"embeddable":true,"href":"https:\/\/jahs.eu\/hr\/wp-json\/wp\/v2\/comments?post=794"}],"version-history":[{"count":5,"href":"https:\/\/jahs.eu\/hr\/wp-json\/wp\/v2\/pages\/794\/revisions"}],"predecessor-version":[{"id":1191,"href":"https:\/\/jahs.eu\/hr\/wp-json\/wp\/v2\/pages\/794\/revisions\/1191"}],"up":[{"embeddable":true,"href":"https:\/\/jahs.eu\/hr\/wp-json\/wp\/v2\/pages\/459"}],"wp:attachment":[{"href":"https:\/\/jahs.eu\/hr\/wp-json\/wp\/v2\/media?parent=794"}],"curies":[{"name":"wp","href":"https:\/\/api.w.org\/{rel}","templated":true}]}}