{"id":807,"date":"2019-03-14T13:10:14","date_gmt":"2019-03-14T12:10:14","guid":{"rendered":"http:\/\/jahs.eu\/?page_id=807"},"modified":"2020-04-06T14:33:17","modified_gmt":"2020-04-06T12:33:17","slug":"bioetika-i-autonomija-osobe-s-invaliditetom-po-nacelu-supsidijarnosti","status":"publish","type":"page","link":"https:\/\/jahs.eu\/hr\/hrvatski-volume-5-number-1-march-2019\/bioetika-i-autonomija-osobe-s-invaliditetom-po-nacelu-supsidijarnosti\/","title":{"rendered":"Bioetika i autonomija osobe s invaliditetom po na\u010delu supsidijarnosti"},"content":{"rendered":"<p style=\"text-align: center;\">Bioetika i autonomija osobe s invaliditetom po na\u010delu supsidijarnosti<\/p>\n<p><a href=\"https:\/\/doi.org\/10.24141\/1\/5\/1\/13\" target=\"_blank\">https:\/\/doi.org\/10.24141\/1\/5\/1\/13<\/a><\/p>\n<p><sup>1<\/sup> Mario Bebek<br \/>\n<sup>1<\/sup> Marija Brdarevi\u0107<\/p>\n<p><sup>1<\/sup> Zdravstveno veleu\u010dili\u0161te, Zagreb<\/p>\n<p><a href=\"http:\/\/jahs.eu\/wp-content\/uploads\/2019\/03\/009-JAHS-13.pdf\" target=\"_blank\">Puni tekst: hrvatski, pdf<\/a><\/p>\n<p><strong>Sa\u017eetak<br \/>\n<\/strong>Osobe s invaliditetom sposobne su za zapo\u0161ljavanje, ali ih poslodavci ne zapo\u0161ljavaju dovoljno. Te \u010dinjenice znatno utje\u010du na njihovu kvalitetu \u017eivota, kao i na samopercepciju osobe. Na\u010delo supsidijarnosti u sklopu primijenjene bioetike mo\u017ee izazvati pomake na dru\u0161tvenoj razini i pomo\u0107i u rje\u0161avanju tog problema. Demografski su \u010dimbenici pora\u017eavaju\u0107i za kvalitetu \u017eivota i rada osoba s invaliditetom. Negativni u\u010dinci krize morala u dru\u0161tvu upu\u0107uju na nesklad izme\u0111u materijalnog i duhovnog, moralnog i prevladavaju\u0107eg vrijednosnog sustava dru\u0161tva i poga\u0111aju najranjivije skupine, a to su osobe s invaliditetom, i to u njihovu \u0161kolovanju, radu i osobnom \u017eivotu. Zajedni\u010dka sinergija bioetike kao sveobuhvatnog teorijskog korektiva i u\u010dinkovite prakse jest putovanje prema autonomiji osobe s invaliditetom. Javnost mora pomo\u0107i i dopustiti osobama s invaliditetom da budu percipirane kao ravnopravni \u010dlanovi dru\u0161tva. Pozitivan ishod nije ostvariv bez primjene na\u010dela supsidijarnosti.<\/p>\n<p>Klju\u010dne rije\u010di: bioetika, kompetencije osobe s invaliditetom, na\u010delo supsidijarnosti, timski rad i multidisciplinarni pristup<\/p>\n","protected":false},"excerpt":{"rendered":"<p>Bioetika i autonomija osobe s invaliditetom po na\u010delu supsidijarnosti https:\/\/doi.org\/10.24141\/1\/5\/1\/13 1 Mario Bebek 1 Marija Brdarevi\u0107 1 Zdravstveno veleu\u010dili\u0161te, Zagreb Puni tekst: hrvatski, pdf Sa\u017eetak Osobe s invaliditetom sposobne su za zapo\u0161ljavanje, ali ih poslodavci ne zapo\u0161ljavaju dovoljno. Te \u010dinjenice znatno utje\u010du na njihovu kvalitetu \u017eivota, kao i na samopercepciju osobe. Na\u010delo supsidijarnosti u sklopu [&hellip;]<\/p>\n","protected":false},"author":1,"featured_media":0,"parent":459,"menu_order":0,"comment_status":"closed","ping_status":"closed","template":"","meta":{"footnotes":""},"class_list":["post-807","page","type-page","status-publish","hentry"],"_links":{"self":[{"href":"https:\/\/jahs.eu\/hr\/wp-json\/wp\/v2\/pages\/807","targetHints":{"allow":["GET"]}}],"collection":[{"href":"https:\/\/jahs.eu\/hr\/wp-json\/wp\/v2\/pages"}],"about":[{"href":"https:\/\/jahs.eu\/hr\/wp-json\/wp\/v2\/types\/page"}],"author":[{"embeddable":true,"href":"https:\/\/jahs.eu\/hr\/wp-json\/wp\/v2\/users\/1"}],"replies":[{"embeddable":true,"href":"https:\/\/jahs.eu\/hr\/wp-json\/wp\/v2\/comments?post=807"}],"version-history":[{"count":4,"href":"https:\/\/jahs.eu\/hr\/wp-json\/wp\/v2\/pages\/807\/revisions"}],"predecessor-version":[{"id":1195,"href":"https:\/\/jahs.eu\/hr\/wp-json\/wp\/v2\/pages\/807\/revisions\/1195"}],"up":[{"embeddable":true,"href":"https:\/\/jahs.eu\/hr\/wp-json\/wp\/v2\/pages\/459"}],"wp:attachment":[{"href":"https:\/\/jahs.eu\/hr\/wp-json\/wp\/v2\/media?parent=807"}],"curies":[{"name":"wp","href":"https:\/\/api.w.org\/{rel}","templated":true}]}}