{"id":891,"date":"2019-10-11T11:06:29","date_gmt":"2019-10-11T09:06:29","guid":{"rendered":"http:\/\/jahs.eu\/?page_id=891"},"modified":"2019-10-16T14:40:45","modified_gmt":"2019-10-16T12:40:45","slug":"hrvatski-monitoring-indikatora-klinicke-zdravstvene-njege-kao-pokazatelj-kvalitete-i-sigurnosti-zdravstvenih-usluga","status":"publish","type":"page","link":"https:\/\/jahs.eu\/hr\/hrvatski-volume-5-number-2-october-2019\/hrvatski-monitoring-indikatora-klinicke-zdravstvene-njege-kao-pokazatelj-kvalitete-i-sigurnosti-zdravstvenih-usluga\/","title":{"rendered":"Monitoring indikatora klini\u010dke zdravstvene njege kao pokazatelj kvalitete i sigurnosti zdravstvenih usluga"},"content":{"rendered":"<p style=\"text-align: center;\">Monitoring indikatora klini\u010dke zdravstvene njege kao pokazatelj kvalitete i sigurnosti zdravstvenih usluga<\/p>\n<p><a href=\"https:\/\/doi.org\/10.24141\/1\/5\/2\/1\">https:\/\/doi.org\/10.24141\/1\/5\/2\/1<\/a><\/p>\n<p style=\"text-align: left;\"><sup>1,2<\/sup>\u00a0Amer Ov\u010dina<br \/>\n<sup>1,2<\/sup>\u00a0Ernela Eminovi\u0107<br \/>\n<sup>2<\/sup>\u00a0 \u00a0Had\u017ean Konjo<br \/>\n<sup>1,2<\/sup>\u00a0Azra \u010camd\u017ei\u0107<br \/>\n<sup>1,2<\/sup>\u00a0D\u017eenana Hrustemovi\u0107<br \/>\n<sup>1\u00a0 \u00a0<\/sup>\u00a0Hazim \u0160titkovac<\/p>\n<p style=\"text-align: left;\"><sup>1<\/sup>\u00a0Sveu\u010dili\u0161ni klini\u010dki centar Sarajevo, Sarajevo, Bosna i Hercegovina<br \/>\n<sup>2<\/sup>\u00a0Fakultet zdravstvenih studija, Univerzitet u Sarajevu, Bosna i Hercegovina<\/p>\n<p style=\"text-align: left;\"><a href=\"http:\/\/jahs.eu\/wp-content\/uploads\/2019\/10\/010-JAHS-01.pdf\" target=\"_blank\">Puni tekst: .pdf<\/a><\/p>\n<p style=\"text-align: left;\"><strong>Sa\u017eetak:<\/strong><\/p>\n<p style=\"text-align: justify;\">Kontinuirani napredak u sestrinskoj profesiji ima zna\u010dajan utjecaj na kvalitetu u procesu klini\u010dke njege, \u0161to sa sobom donosi nove zadatke i izazove za medicinske sestre da ula\u017eu u nova znanja i vje\u0161tine. Proces zdravstvene skrbi zahtijeva sustavni timski pristup u osmi\u0161ljavanju zadataka utemeljenih na dokazima, dobru klini\u010dku praksu i klini\u010dke smjernice, dokumentirane standardizirane pojave i vrednovanje mjerenja i ispitivanja. Instrumenti za mjerenje i statisti\u010dki testovi u\u010dinkovitosti lije\u010denja koriste se za procjenu kvalitete pru\u017eene zdravstvene skrbi. Za uspje\u0161no mjerenje i analizu kvalitete klini\u010dke njege potrebno je imati standardiziranu zdravstvenu dokumentaciju koja omogu\u0107uje pra\u0107enje lije\u010denja i ishoda. Kvalitativni i sigurnosni indikatori koriste se za procjenu kvalitete klini\u010dke zdravstvene njege, i oni predstavljaju sredstvo mjerenja, screeninga ili upozorenja. Pra\u0107enje pokazatelja kvalitete i sigurnosti u zdravstvenim slu\u017ebama koristi se kao vodi\u010d za pra\u0107enje, ocjenjivanje i pobolj\u0161anje kvalitete zdravstvene skrbi te prate\u0107ih usluga i organizacijskih funkcija. U podru\u010dju zdravstvene skrbi mjeri se ukupno lije\u010denje, ishod procesa zdravstvene skrbi, zadovoljstvo pacijenata, ne\u017eeljeni doga\u0111aji, kvaliteta \u017eivota itd.<\/p>\n<p style=\"text-align: justify;\"><strong>Klju\u010dne rije\u010di:<\/strong>\u00a0indikatori, klini\u010dka zdravstvena njega, monitoring, kvaliteta, sigurnost, sestrinska praksa<\/p>\n","protected":false},"excerpt":{"rendered":"<p>Monitoring indikatora klini\u010dke zdravstvene njege kao pokazatelj kvalitete i sigurnosti zdravstvenih usluga https:\/\/doi.org\/10.24141\/1\/5\/2\/1 1,2\u00a0Amer Ov\u010dina 1,2\u00a0Ernela Eminovi\u0107 2\u00a0 \u00a0Had\u017ean Konjo 1,2\u00a0Azra \u010camd\u017ei\u0107 1,2\u00a0D\u017eenana Hrustemovi\u0107 1\u00a0 \u00a0\u00a0Hazim \u0160titkovac 1\u00a0Sveu\u010dili\u0161ni klini\u010dki centar Sarajevo, Sarajevo, Bosna i Hercegovina 2\u00a0Fakultet zdravstvenih studija, Univerzitet u Sarajevu, Bosna i Hercegovina Puni tekst: .pdf Sa\u017eetak: Kontinuirani napredak u sestrinskoj profesiji ima zna\u010dajan [&hellip;]<\/p>\n","protected":false},"author":1,"featured_media":0,"parent":940,"menu_order":0,"comment_status":"closed","ping_status":"closed","template":"","meta":{"footnotes":""},"class_list":["post-891","page","type-page","status-publish","hentry"],"_links":{"self":[{"href":"https:\/\/jahs.eu\/hr\/wp-json\/wp\/v2\/pages\/891","targetHints":{"allow":["GET"]}}],"collection":[{"href":"https:\/\/jahs.eu\/hr\/wp-json\/wp\/v2\/pages"}],"about":[{"href":"https:\/\/jahs.eu\/hr\/wp-json\/wp\/v2\/types\/page"}],"author":[{"embeddable":true,"href":"https:\/\/jahs.eu\/hr\/wp-json\/wp\/v2\/users\/1"}],"replies":[{"embeddable":true,"href":"https:\/\/jahs.eu\/hr\/wp-json\/wp\/v2\/comments?post=891"}],"version-history":[{"count":7,"href":"https:\/\/jahs.eu\/hr\/wp-json\/wp\/v2\/pages\/891\/revisions"}],"predecessor-version":[{"id":1034,"href":"https:\/\/jahs.eu\/hr\/wp-json\/wp\/v2\/pages\/891\/revisions\/1034"}],"up":[{"embeddable":true,"href":"https:\/\/jahs.eu\/hr\/wp-json\/wp\/v2\/pages\/940"}],"wp:attachment":[{"href":"https:\/\/jahs.eu\/hr\/wp-json\/wp\/v2\/media?parent=891"}],"curies":[{"name":"wp","href":"https:\/\/api.w.org\/{rel}","templated":true}]}}