{"id":895,"date":"2019-10-11T11:24:45","date_gmt":"2019-10-11T09:24:45","guid":{"rendered":"http:\/\/jahs.eu\/?page_id=895"},"modified":"2019-10-21T10:03:17","modified_gmt":"2019-10-21T08:03:17","slug":"hrvatski-povezanost-tjelesne-aktivnosti-i-kvalitete-zivota-starijih-osoba","status":"publish","type":"page","link":"https:\/\/jahs.eu\/hr\/hrvatski-volume-5-number-2-october-2019\/hrvatski-povezanost-tjelesne-aktivnosti-i-kvalitete-zivota-starijih-osoba\/","title":{"rendered":"Povezanost tjelesne aktivnosti i kvalitete \u017eivota starijih osoba"},"content":{"rendered":"<p style=\"text-align: center;\">Povezanost tjelesne aktivnosti i kvalitete \u017eivota starijih osoba<\/p>\n<p><a href=\"https:\/\/doi.org\/10.24141\/1\/5\/2\/2\">https:\/\/doi.org\/10.24141\/1\/5\/2\/2<\/a><\/p>\n<p style=\"text-align: left;\"><sup>1<\/sup>\u00a0Nada Pjeva\u010d<br \/>\n<sup><span style=\"font-size: 12.8px;\">2<\/span><\/sup>\u00a0Tomislav Benjak<br \/>\n<sup><span style=\"font-size: 12.8px;\">3<\/span><\/sup>\u00a0Neda Pjeva\u010d<\/p>\n<p style=\"text-align: left;\"><sup>1<\/sup>\u00a0Dom zdravlja Zagreb &#8211; Centar, Zagreb<br \/>\n<sup>2<\/sup>\u00a0Hrvatski zavod za javno zdravstvo, Zagreb<br \/>\n<sup><span style=\"font-size: 12.8px;\">3<\/span><\/sup>\u00a0\u0160kola narodnog zdravlja &#8220;Dr Andrija \u0160tampar&#8221;, Zavod za nastavnu tehnologiju, Zagreb<\/p>\n<p style=\"text-align: left;\"><a href=\"http:\/\/jahs.eu\/wp-content\/uploads\/2019\/10\/010-JAHS-02.pdf\" target=\"_blank\">Puni tekst: .pdf<\/a><\/p>\n<p style=\"text-align: left;\"><strong>Sa\u017eetak:<\/strong><\/p>\n<p style=\"text-align: justify;\">Cilj je istra\u017eivanja ispitati povezanost tjelesne aktivnosti i kvalitete \u017eivota starijih osoba. Ispitanici su pokretni gra\u0111ani starije \u017eivotne dobi od 70 do 90 godina (N = 100). Rezultati su dobiveni na temelju ispunjenog Indeksa osobne kvalitete \u017eivota. Ispitanici su podijeljeni u dvije skupine s obzirom na u\u010destalost bavljenja tjelesnom aktivno\u0161\u0107u. U skupinu aktivnih svrstani su oni koje se bave tri ili vi\u0161e puta tjedno nekom od tjelesnih aktivnosti dulje od 30 minuta (N = 56), a u skupinu neaktivnih oni koji nisu tjelesno aktivni (N = 44). Utvr\u0111ena je niska, ali zna\u010dajna pozitivna korelacija u\u010destalosti bavljenja tjelesnom aktivno\u0161\u0107u i kvalitete \u017eivota na domeni zdravlja (r = 0,202; p &lt; 0,05) i kvalitete \u017eivota na domeni uspje\u0161nosti (r = 0,198; p &lt; 0,05). Slijede\u0107i preporuke Svjetske zdravstvene organizacije i rezultate niza istra\u017eivanja te dijela rezultata i ovog istra\u017eivanja koje ukazuje na znatnu povezanost u\u010destalosti tjelesne aktivnosti i domene zdravlja kvalitete \u017eivota, stalna tjelesna aktivnost mora biti neizostavna mjera primarne prevencije za\u0161tite zdravlja starijih osoba, iako rezultati ovog istra\u017eivanje ne ukazuju na statisti\u010dki zna\u010dajnu povezanost tjelesne aktivnosti i ukupne kvalitete \u017eivota.<\/p>\n<p style=\"text-align: justify;\"><strong>Klju\u010dne rije\u010di:<\/strong>\u00a0tjelesna aktivnost, kvaliteta \u017eivota, starije osobe<\/p>\n","protected":false},"excerpt":{"rendered":"<p>Povezanost tjelesne aktivnosti i kvalitete \u017eivota starijih osoba https:\/\/doi.org\/10.24141\/1\/5\/2\/2 1\u00a0Nada Pjeva\u010d 2\u00a0Tomislav Benjak 3\u00a0Neda Pjeva\u010d 1\u00a0Dom zdravlja Zagreb &#8211; Centar, Zagreb 2\u00a0Hrvatski zavod za javno zdravstvo, Zagreb 3\u00a0\u0160kola narodnog zdravlja &#8220;Dr Andrija \u0160tampar&#8221;, Zavod za nastavnu tehnologiju, Zagreb Puni tekst: .pdf Sa\u017eetak: Cilj je istra\u017eivanja ispitati povezanost tjelesne aktivnosti i kvalitete \u017eivota starijih osoba. Ispitanici [&hellip;]<\/p>\n","protected":false},"author":1,"featured_media":0,"parent":940,"menu_order":0,"comment_status":"closed","ping_status":"closed","template":"","meta":{"footnotes":""},"class_list":["post-895","page","type-page","status-publish","hentry"],"_links":{"self":[{"href":"https:\/\/jahs.eu\/hr\/wp-json\/wp\/v2\/pages\/895","targetHints":{"allow":["GET"]}}],"collection":[{"href":"https:\/\/jahs.eu\/hr\/wp-json\/wp\/v2\/pages"}],"about":[{"href":"https:\/\/jahs.eu\/hr\/wp-json\/wp\/v2\/types\/page"}],"author":[{"embeddable":true,"href":"https:\/\/jahs.eu\/hr\/wp-json\/wp\/v2\/users\/1"}],"replies":[{"embeddable":true,"href":"https:\/\/jahs.eu\/hr\/wp-json\/wp\/v2\/comments?post=895"}],"version-history":[{"count":7,"href":"https:\/\/jahs.eu\/hr\/wp-json\/wp\/v2\/pages\/895\/revisions"}],"predecessor-version":[{"id":1056,"href":"https:\/\/jahs.eu\/hr\/wp-json\/wp\/v2\/pages\/895\/revisions\/1056"}],"up":[{"embeddable":true,"href":"https:\/\/jahs.eu\/hr\/wp-json\/wp\/v2\/pages\/940"}],"wp:attachment":[{"href":"https:\/\/jahs.eu\/hr\/wp-json\/wp\/v2\/media?parent=895"}],"curies":[{"name":"wp","href":"https:\/\/api.w.org\/{rel}","templated":true}]}}