{"id":913,"date":"2019-10-11T12:51:59","date_gmt":"2019-10-11T10:51:59","guid":{"rendered":"http:\/\/jahs.eu\/?page_id=913"},"modified":"2019-10-16T14:46:25","modified_gmt":"2019-10-16T12:46:25","slug":"hrvatski-zenska-seksualna-funkcija-kao-prediktor-opce-dobrobiti","status":"publish","type":"page","link":"https:\/\/jahs.eu\/hr\/hrvatski-volume-5-number-2-october-2019\/hrvatski-zenska-seksualna-funkcija-kao-prediktor-opce-dobrobiti\/","title":{"rendered":"\u017denska seksualna funkcija kao prediktor op\u0107e dobrobiti"},"content":{"rendered":"<p><\/p>\n<p style=\"text-align: center;\">\u017denska seksualna funkcija kao prediktor op\u0107e dobrobiti<\/p>\n<p style=\"text-align: center;\">\n<p><a href=\"https:\/\/doi.org\/10.24141\/1\/5\/2\/7\">https:\/\/doi.org\/10.24141\/1\/5\/2\/7<\/a><\/p>\n<p style=\"text-align: left;\"><sup>1<\/sup>\u00a0Andrej Starc<br \/>\n<sup>2<\/sup>\u00a0Borut Polj\u0161ak<br \/>\n<sup><span style=\"font-size: 12.8px;\">3<\/span><\/sup>\u00a0Raja Duhmane<br \/>\n<sup>4<\/sup>\u00a0Tina Levec<br \/>\n<sup>5<\/sup>\u00a0Mitja Perat<\/p>\n<p style=\"text-align: left;\"><sup>1<\/sup>\u00a0Univerza v Ljubljani, Zdravstvena fakulteta, Katedra za javno zdravje, Laboratorij za raziskovanje oksidativnega<br \/>\nstresa, Ljubljana, Slovenija<br \/>\n<sup>2<\/sup>\u00a0Univerza v Ljubljani, Zdravstvena fakulteta, Laboratorij za raziskovanje oksidativnega stresa, Ljubljana, Slovenija<br \/>\n<sup>3<\/sup>\u00a0Univerza v Ljubljani, Zdravstvena fakulteta, Katedra za biomedicino v zdravstvu, Ljubljana, Slovenija<br \/>\n<sup>4<\/sup>\u00a0Univerza v Ljubljani, Zdravstvena fakulteta, Oddelek za protetiko; Katedra za ortotiko in protetiko, Ljubljana, Slovenija<br \/>\n<sup>5<\/sup>\u00a0In\u0161titut za razvoj \u010dlove\u0161kih virov, Ljubljana, Slovenia<\/p>\n<p style=\"text-align: left;\"><a href=\"http:\/\/jahs.eu\/wp-content\/uploads\/2019\/10\/010-JAHS-07.pdf\" target=\"_blank\">Puni tekst: .pdf<\/a><\/p>\n<p style=\"text-align: left;\"><strong>Sa\u017eetak:<\/strong><\/p>\n<p style=\"text-align: justify;\">Uvod: Svrha ovog istra\u017eivanja bila je procijeniti odnos izme\u0111u WHO-5 indeksa blagostanja i varijabli iz Indeksa \u017eenske seksualne funkcije (FSFI) na velikom uzorku \u017eena s i bez partnera. Metode: Na temelju Kolmogorov-Smirnov i Shapiro-Wilk testa na \u0161est tvrdnji Indeksa \u017eenske seksualne funkcije kori\u0161tena je neparametarska statisti\u010dka analiza. Rezultati: Statisti\u010dka zna\u010dajnost je postavljena na p&lt;0,05. Uzorak je obuhvatio 635 ispitanica u dobi od 18 do 89 godina. Postojala je sna\u017ena veza izme\u0111u svih \u0161est tvrdnji Indeksa \u017eenske seksualne funkcije s bra\u010dnim statusom i brojem seksualnih partnera. Grupa \u017eena koje je imala spolne odnose u prethodna 4 tjedna pokazuje ve\u0107e zadovoljstvo \u017eivotom (n = 366; 50-100%) u odnosu na skupinu (n = 37; 0-49%) koja nije imala spolne odnose u prethodna 4 tjedna. Iako se u\u010destalost seksualnog funkcioniranja prema rezultatima Indeksa nije razlikovala izme\u0111u dviju skupina (\u03c72 (1) = 0,101, p = 0,750), postojala je razlika u kvaliteti seksualnog iskustva. Zaklju\u010dci: Ovi rezultati pro\u0161iruju prethodne rezultate potvr\u0111uju\u0107i sna\u017enu vezu izme\u0111u seksualnog blagostanja i ukupnog zadovoljstva \u017eivotom kod pojedinaca. Oni potvr\u0111uju va\u017enost seksualnog blagostanja u oblikovanju ukupne kvalitete \u017eivota ne samo za mu\u0161karce, nego i za \u017eene.<\/p>\n<p style=\"text-align: justify;\"><strong>Klju\u010dne rije\u010di:<\/strong>\u00a0\u017eenska seksualna reakcija, disfunkcija, \u017eelja, \u017eensko zdravlje, \u017eenska seksualnost.<\/p>\n<p><\/p>","protected":false},"excerpt":{"rendered":"<p>\u017denska seksualna funkcija kao prediktor op\u0107e dobrobiti https:\/\/doi.org\/10.24141\/1\/5\/2\/7 1\u00a0Andrej Starc 2\u00a0Borut Polj\u0161ak 3\u00a0Raja Duhmane 4\u00a0Tina Levec 5\u00a0Mitja Perat 1\u00a0Univerza v Ljubljani, Zdravstvena fakulteta, Katedra za javno zdravje, Laboratorij za raziskovanje oksidativnega stresa, Ljubljana, Slovenija 2\u00a0Univerza v Ljubljani, Zdravstvena fakulteta, Laboratorij za raziskovanje oksidativnega stresa, Ljubljana, Slovenija 3\u00a0Univerza v Ljubljani, Zdravstvena fakulteta, Katedra za biomedicino v [&hellip;]<\/p>\n","protected":false},"author":1,"featured_media":0,"parent":940,"menu_order":0,"comment_status":"closed","ping_status":"closed","template":"","meta":{"footnotes":""},"class_list":["post-913","page","type-page","status-publish","hentry"],"_links":{"self":[{"href":"https:\/\/jahs.eu\/hr\/wp-json\/wp\/v2\/pages\/913","targetHints":{"allow":["GET"]}}],"collection":[{"href":"https:\/\/jahs.eu\/hr\/wp-json\/wp\/v2\/pages"}],"about":[{"href":"https:\/\/jahs.eu\/hr\/wp-json\/wp\/v2\/types\/page"}],"author":[{"embeddable":true,"href":"https:\/\/jahs.eu\/hr\/wp-json\/wp\/v2\/users\/1"}],"replies":[{"embeddable":true,"href":"https:\/\/jahs.eu\/hr\/wp-json\/wp\/v2\/comments?post=913"}],"version-history":[{"count":5,"href":"https:\/\/jahs.eu\/hr\/wp-json\/wp\/v2\/pages\/913\/revisions"}],"predecessor-version":[{"id":1041,"href":"https:\/\/jahs.eu\/hr\/wp-json\/wp\/v2\/pages\/913\/revisions\/1041"}],"up":[{"embeddable":true,"href":"https:\/\/jahs.eu\/hr\/wp-json\/wp\/v2\/pages\/940"}],"wp:attachment":[{"href":"https:\/\/jahs.eu\/hr\/wp-json\/wp\/v2\/media?parent=913"}],"curies":[{"name":"wp","href":"https:\/\/api.w.org\/{rel}","templated":true}]}}