{"id":917,"date":"2019-10-11T13:00:30","date_gmt":"2019-10-11T11:00:30","guid":{"rendered":"http:\/\/jahs.eu\/?page_id=917"},"modified":"2019-10-16T14:47:09","modified_gmt":"2019-10-16T12:47:09","slug":"hrvatski-utjecaj-bolesti-na-povijest-primjer-epidemija","status":"publish","type":"page","link":"https:\/\/jahs.eu\/hr\/hrvatski-volume-5-number-2-october-2019\/hrvatski-utjecaj-bolesti-na-povijest-primjer-epidemija\/","title":{"rendered":"Utjecaj bolesti na povijest \u2013 primjer epidemija"},"content":{"rendered":"<p><\/p>\n<p style=\"text-align: center;\">Utjecaj bolesti na povijest \u2013 primjer epidemija<\/p>\n<p><a href=\"https:\/\/doi.org\/10.24141\/1\/5\/2\/8\">https:\/\/doi.org\/10.24141\/1\/5\/2\/8<\/a><\/p>\n<p style=\"text-align: left;\"><sup>1<\/sup>\u00a0Jelena Bari\u0161i\u0107<\/p>\n<p style=\"text-align: left;\"><sup>1<\/sup>\u00a0Klinika za kirurgiju \u2013 Zavod za traumatologiju i ko\u0161tanozglobnu kirurgiju, KBC Zagreb, Zagreb<\/p>\n<p style=\"text-align: left;\"><a href=\"http:\/\/jahs.eu\/wp-content\/uploads\/2019\/10\/010-JAHS-08.pdf\" target=\"_blank\">Puni tekst:\u00a0.pdf<\/a><\/p>\n<p style=\"text-align: left;\"><strong>Sa\u017eetak:<\/strong><\/p>\n<p style=\"text-align: justify;\">Povijest bolesti mo\u017ee se istra\u017eivati na razli\u010dite na\u010dine. Istra\u017eivanje mo\u017ee ostati u striktno medicinskim okvirima i fokusirati se na oblik bolesti, pitanja prevencije, metode lije\u010denja i drugo. Me\u0111utim, bolest nije samo medicinski fenomen zato \u0161to se njezine posljedice osje\u0107aju na \u0161iroj dru\u0161tvenoj razini. Stoga je va\u017eno uo\u010diti na koji na\u010din bolest utje\u010de na povijest. U radu se ovaj utjecaj promatra na primjeru triju epidemija koje su u razli\u010ditim povijesnim periodima poharale razli\u010dita podru\u010dja. Spomenuti utjecaj promatra se kroz prizmu trajanja, geografskog dosega te pretpostavke bi li povijest bila druga\u010dija da se bolest nije dogodila.<\/p>\n<p style=\"text-align: justify;\"><strong>Klju\u010dne rije\u010di:<\/strong>\u00a0povijest, epidemija, kuga, tifus, velike boginje, Napoleon<\/p>\n<p><\/p>","protected":false},"excerpt":{"rendered":"<p>Utjecaj bolesti na povijest \u2013 primjer epidemija https:\/\/doi.org\/10.24141\/1\/5\/2\/8 1\u00a0Jelena Bari\u0161i\u0107 1\u00a0Klinika za kirurgiju \u2013 Zavod za traumatologiju i ko\u0161tanozglobnu kirurgiju, KBC Zagreb, Zagreb Puni tekst:\u00a0.pdf Sa\u017eetak: Povijest bolesti mo\u017ee se istra\u017eivati na razli\u010dite na\u010dine. Istra\u017eivanje mo\u017ee ostati u striktno medicinskim okvirima i fokusirati se na oblik bolesti, pitanja prevencije, metode lije\u010denja i drugo. Me\u0111utim, bolest [&hellip;]<\/p>\n","protected":false},"author":1,"featured_media":0,"parent":940,"menu_order":0,"comment_status":"closed","ping_status":"closed","template":"","meta":{"footnotes":""},"class_list":["post-917","page","type-page","status-publish","hentry"],"_links":{"self":[{"href":"https:\/\/jahs.eu\/hr\/wp-json\/wp\/v2\/pages\/917","targetHints":{"allow":["GET"]}}],"collection":[{"href":"https:\/\/jahs.eu\/hr\/wp-json\/wp\/v2\/pages"}],"about":[{"href":"https:\/\/jahs.eu\/hr\/wp-json\/wp\/v2\/types\/page"}],"author":[{"embeddable":true,"href":"https:\/\/jahs.eu\/hr\/wp-json\/wp\/v2\/users\/1"}],"replies":[{"embeddable":true,"href":"https:\/\/jahs.eu\/hr\/wp-json\/wp\/v2\/comments?post=917"}],"version-history":[{"count":5,"href":"https:\/\/jahs.eu\/hr\/wp-json\/wp\/v2\/pages\/917\/revisions"}],"predecessor-version":[{"id":1042,"href":"https:\/\/jahs.eu\/hr\/wp-json\/wp\/v2\/pages\/917\/revisions\/1042"}],"up":[{"embeddable":true,"href":"https:\/\/jahs.eu\/hr\/wp-json\/wp\/v2\/pages\/940"}],"wp:attachment":[{"href":"https:\/\/jahs.eu\/hr\/wp-json\/wp\/v2\/media?parent=917"}],"curies":[{"name":"wp","href":"https:\/\/api.w.org\/{rel}","templated":true}]}}