{"id":940,"date":"2019-10-11T13:54:34","date_gmt":"2019-10-11T11:54:34","guid":{"rendered":"http:\/\/jahs.eu\/?page_id=940"},"modified":"2020-03-06T09:08:32","modified_gmt":"2020-03-06T08:08:32","slug":"hrvatski-volume-5-number-2-october-2019","status":"publish","type":"page","link":"https:\/\/jahs.eu\/hr\/hrvatski-volume-5-number-2-october-2019\/","title":{"rendered":"Volume: 5; Number: 2; October 2019"},"content":{"rendered":"<h3><strong>Volume: 5; Number: 2; October 2019<\/strong><\/h3>\n<p><a href=\"http:\/\/jahs.eu\/wp-content\/uploads\/2019\/10\/010-JAHS.pdf\" target=\"_blank\"><img loading=\"lazy\" decoding=\"async\" class=\"alignnone wp-image-832\" src=\"http:\/\/jahs.eu\/wp-content\/uploads\/2015\/04\/jahs100pdf.png\" alt=\"\" width=\"50\" height=\"50\" \/><\/a><\/p>\n<p>&nbsp;<\/p>\n<ul>\n<li><strong>Amer Ov\u010dina, Ernela Eminovi\u0107, Had\u017ean Konjo, Azra \u010camd\u017ei\u0107, D\u017eenana Hrustemovi\u0107, Hazim \u0160titkovac<br \/>\n<\/strong><a href=\"http:\/\/jahs.eu\/hr\/hrvatski-volume-5-number-2-october-2019\/hrvatski-monitoring-indikatora-klinicke-zdravstvene-njege-kao-pokazatelj-kvalitete-i-sigurnosti-zdravstvenih-usluga\/\" target=\"_blank\">Monitoring indikatora klini\u010dke zdravstvene njege kao pokazatelj kvalitete i sigurnosti zdravstvenih usluga<\/a><br \/>\n<a href=\"http:\/\/jahs.eu\/hr\/hrvatski-volume-5-number-2-october-2019\/hrvatski-monitoring-indikatora-klinicke-zdravstvene-njege-kao-pokazatelj-kvalitete-i-sigurnosti-zdravstvenih-usluga\/\" target=\"_blank\">Clinical Health Care Indicators Monitoring as an Incidator of Health Services Quality and Safety<\/a><\/li>\n<\/ul>\n<ul>\n<li><strong>Nada Pjeva\u010d, Tomislav Benjak, Neda Pjeva\u010d<br \/>\n<\/strong><a href=\"http:\/\/jahs.eu\/hr\/hrvatski-volume-5-number-2-october-2019\/hrvatski-povezanost-tjelesne-aktivnosti-i-kvalitete-zivota-starijih-osoba\/\" target=\"_blank\">Povezanost tjelesne aktivnosti i kvalitete \u017eivota starijih osoba<strong><br \/>\n<\/strong><\/a><a href=\"http:\/\/jahs.eu\/hr\/hrvatski-volume-5-number-2-october-2019\/hrvatski-povezanost-tjelesne-aktivnosti-i-kvalitete-zivota-starijih-osoba\/\" target=\"_blank\">Correlation Between Physical Activity and the Quality of Life of Older People<\/a><\/li>\n<\/ul>\n<ul>\n<li><strong>Lana Stijepovi\u0107, Silvia Rusac<br \/>\n<\/strong><a href=\"http:\/\/jahs.eu\/hr\/hrvatski-volume-5-number-2-october-2019\/hrvatski-supervizija-u-domovima-za-starije-osobe-u-gradu-zagrebu-iskustva-medicinskih-sestara\/\" target=\"_blank\">Supervizija u domovima za starije osobe u Gradu Zagrebu: iskustva medicinskih sestara<\/a><br \/>\n<a href=\"http:\/\/jahs.eu\/hr\/hrvatski-volume-5-number-2-october-2019\/hrvatski-supervizija-u-domovima-za-starije-osobe-u-gradu-zagrebu-iskustva-medicinskih-sestara\/\" target=\"_blank\">Supervision in Homes for the Elderly in the City of Zagreb: Nurses&#8217; Experience<\/a><\/li>\n<\/ul>\n<ul>\n<li><strong>\u0160\u00e1rka V\u00e9vodov\u00e1,\u00a0Filip Havelka,\u00a0Ji\u0159\u00ed V\u00e9voda,\u00a0Bronislava Grygov\u00e1<br \/>\n<\/strong><a href=\"http:\/\/jahs.eu\/hr\/hrvatski-volume-5-number-2-october-2019\/hrvatski-psorijaza-utjecaj-na-mentalno-stanje-i-kvalitetu-zivota-pojedinca\/\" target=\"_blank\">Psorijaza &#8211; Utjecaj na mentalno stanje i kvalitetu \u017eivota pojedinca<\/a><br \/>\n<a href=\"http:\/\/jahs.eu\/hr\/hrvatski-volume-5-number-2-october-2019\/hrvatski-psorijaza-utjecaj-na-mentalno-stanje-i-kvalitetu-zivota-pojedinca\/\" target=\"_blank\">Psoriasis \u2013 the Impact on an Individual\u2019s Mental State and Quality Of Life<\/a><\/li>\n<\/ul>\n<ul>\n<li><strong>Israel Oluwasegun Ayenigbara<br \/>\n<\/strong><a href=\"http:\/\/jahs.eu\/hr\/hrvatski-volume-5-number-2-october-2019\/hrvatski-hitna-potreba-za-koristenjem-preekspozicijski-profilakse-prep-u-prevenciji-hivaids-a-u-subsaharskoj-africi\/\" target=\"_blank\">Hitna potreba za kori\u0161tenjem preekspozicijski profilakse (PrEP) u prevenciji HIV\/AIDS-a u subsaharskoj Africi<\/a><br \/>\n<a href=\"http:\/\/jahs.eu\/hr\/hrvatski-volume-5-number-2-october-2019\/hrvatski-hitna-potreba-za-koristenjem-preekspozicijski-profilakse-prep-u-prevenciji-hivaids-a-u-subsaharskoj-africi\/\" target=\"_blank\">The Urgent Need for the Use of Pre-Exposure Prophylaxis (PrEP) in the Prevention of HIV\/AIDS in Sub-Saharan Africa<\/a><\/li>\n<\/ul>\n<ul>\n<li><strong>Ivana Crnkovi\u0107<br \/>\n<\/strong><a href=\"http:\/\/jahs.eu\/hr\/hrvatski-volume-5-number-2-october-2019\/hrvatski-metode-procjene-tjelesne-aktivnosti-osoba-starije-zivotne-dobi-pregled-literature\/\" target=\"_blank\">Metode procjene tjelesne aktivnosti osoba starije \u017eivotne dobi: pregled literature<\/a><br \/>\n<a href=\"http:\/\/jahs.eu\/hr\/hrvatski-volume-5-number-2-october-2019\/hrvatski-metode-procjene-tjelesne-aktivnosti-osoba-starije-zivotne-dobi-pregled-literature\/\" target=\"_blank\">Methods for Assessing Physical Activity of the Elderly: A Literatura Review<\/a><\/li>\n<\/ul>\n<ul>\n<li><strong>Andrej Starc, Borut Polj\u0161ak, Raja Duhmane, Tina Levec, Mitja Perat<br \/>\n<\/strong><a href=\"http:\/\/jahs.eu\/hr\/hrvatski-volume-5-number-2-october-2019\/hrvatski-zenska-seksualna-funkcija-kao-prediktor-opce-dobrobiti\/\" target=\"_blank\">\u017denska seksualna funkcija kao prediktor op\u0107e dobrobiti<\/a><br \/>\n<a href=\"http:\/\/jahs.eu\/hr\/hrvatski-volume-5-number-2-october-2019\/hrvatski-zenska-seksualna-funkcija-kao-prediktor-opce-dobrobiti\/\" target=\"_blank\">Female Sexual Function as a Predicor of Well-Being<\/a><\/li>\n<\/ul>\n<ul>\n<li><strong>Jelena Bari\u0161i\u0107<br \/>\n<\/strong><a href=\"http:\/\/jahs.eu\/hr\/hrvatski-volume-5-number-2-october-2019\/hrvatski-utjecaj-bolesti-na-povijest-primjer-epidemija\/\" target=\"_blank\">Utjecaj bolesti na povijest \u2013 primjer epidemija<\/a><br \/>\n<a href=\"http:\/\/jahs.eu\/hr\/hrvatski-volume-5-number-2-october-2019\/hrvatski-utjecaj-bolesti-na-povijest-primjer-epidemija\/\" target=\"_blank\">The Impact of the Disease on History &#8211; An Example of Epidemics<\/a><\/li>\n<\/ul>\n<ul>\n<li><strong>Lana Erjavec, Kristina Dela\u0161, Gordana Grozdek \u010cov\u010di\u0107, Mirjana Telebuh<br \/>\n<\/strong><a href=\"http:\/\/jahs.eu\/hr\/hrvatski-volume-5-number-2-october-2019\/hrvatski-robotika-i-neurofizioterapija-nakon-mozdanog-udara\/\" target=\"_blank\">Robotika i neurofizioterapija nakon mo\u017edanog udara<\/a><br \/>\n<a href=\"http:\/\/jahs.eu\/hr\/hrvatski-volume-5-number-2-october-2019\/hrvatski-robotika-i-neurofizioterapija-nakon-mozdanog-udara\/\" target=\"_blank\">Robotics and Neurophysiotherapy After Stroke<\/a><\/li>\n<\/ul>\n<ul>\n<li><strong>Vedrana Iveta, Anita Miljas, Mara \u017dupani\u0107<br \/>\n<\/strong><a href=\"http:\/\/jahs.eu\/hr\/hrvatski-volume-5-number-2-october-2019\/hrvatski-retrospektivna-analiza-pojavnosti-poremetnja-ritma-kod-bolesnika-sa-zatajenjem-srca-na-kardioloskom-odjelu-ob-a-dubrovnik\/\" target=\"_blank\">Retrospektivna analiza pojavnosti poremetnja ritma kod bolesnika sa zatajenjem srca na kardiolo\u0161kom odjelu OB-a Dubrovnik<\/a><br \/>\n<a href=\"http:\/\/jahs.eu\/hr\/hrvatski-volume-5-number-2-october-2019\/hrvatski-retrospektivna-analiza-pojavnosti-poremetnja-ritma-kod-bolesnika-sa-zatajenjem-srca-na-kardioloskom-odjelu-ob-a-dubrovnik\/\" target=\"_blank\">Retrospective Analysis of the Incidence of Arrhytmia in Patients with Heart Failure at the Coronary Care Unit of the General Hospital Dubronik<\/a><\/li>\n<\/ul>\n<ul>\n<li><strong>Aleksandra Kraljevi\u0107, Melita Rukavina, Nikolino \u017dura<br \/>\n<\/strong><a href=\"http:\/\/jahs.eu\/hr\/hrvatski-volume-5-number-2-october-2019\/hrvatski-stres-u-radu-fizioterapeuta\/\" target=\"_blank\">Stres u radu fizioterapeuta<\/a><br \/>\n<a href=\"http:\/\/jahs.eu\/hr\/hrvatski-volume-5-number-2-october-2019\/hrvatski-stres-u-radu-fizioterapeuta\/\" target=\"_blank\">Work &#8211; Related Stress in Physiotherapists<\/a><\/li>\n<\/ul>\n<ul>\n<li><strong>Suzana Markovi\u0107<br \/>\n<\/strong><a href=\"http:\/\/jahs.eu\/hr\/hrvatski-volume-5-number-2-october-2019\/hrvatski-istrazivanje-zadovoljstva-posjetitelja-zasticenih-podrucja-istarske-zupanije\/\" target=\"_blank\">Istra\u017eivanje zadovoljstva posjetitelja za\u0161ti\u0107enih podru\u010dja Istarske \u017eupanije<\/a><br \/>\n<a href=\"http:\/\/jahs.eu\/hr\/hrvatski-volume-5-number-2-october-2019\/hrvatski-istrazivanje-zadovoljstva-posjetitelja-zasticenih-podrucja-istarske-zupanije\/\" target=\"_blank\">Visitor Satisfaction Research of Istrian County&#8217;s Protected Areas<\/a><\/li>\n<\/ul>\n<ul>\n<li><strong>Katrin Nedeljko, Martina Paragi, Ardita Jahaj, Slaven Jurkovi\u0107, Ana Dikli\u0107, Doris \u0160egota, Klaudija Vi\u0161kovi\u0107<br \/>\n<\/strong><a href=\"http:\/\/jahs.eu\/hr\/hrvatski-volume-5-number-2-october-2019\/hrvatski-nasa-iskustva-u-provodenju-programa-kontrole-kvalitete-uredaja-za-kompjutoriziranu-tomografiju-multidisciplinarni-pristup\/\" target=\"_blank\">Na\u0161a iskustva u provo\u0111enju programa kontrole kvalitete ure\u0111aja za kompjutoriziranu tomografiju \u2013 multidisciplinarni pristup<\/a><br \/>\n<a href=\"http:\/\/jahs.eu\/hr\/hrvatski-volume-5-number-2-october-2019\/hrvatski-nasa-iskustva-u-provodenju-programa-kontrole-kvalitete-uredaja-za-kompjutoriziranu-tomografiju-multidisciplinarni-pristup\/\" target=\"_blank\">Our Experience in the Implementation of Computer Tomography Quality Control Program &#8211; A Multidisciplinary Approach<\/a><\/li>\n<\/ul>\n","protected":false},"excerpt":{"rendered":"<p>Volume: 5; Number: 2; October 2019 &nbsp; Amer Ov\u010dina, Ernela Eminovi\u0107, Had\u017ean Konjo, Azra \u010camd\u017ei\u0107, D\u017eenana Hrustemovi\u0107, Hazim \u0160titkovac Monitoring indikatora klini\u010dke zdravstvene njege kao pokazatelj kvalitete i sigurnosti zdravstvenih usluga Clinical Health Care Indicators Monitoring as an Incidator of Health Services Quality and Safety Nada Pjeva\u010d, Tomislav Benjak, Neda Pjeva\u010d Povezanost tjelesne aktivnosti i [&hellip;]<\/p>\n","protected":false},"author":1,"featured_media":0,"parent":0,"menu_order":0,"comment_status":"closed","ping_status":"closed","template":"","meta":{"footnotes":""},"class_list":["post-940","page","type-page","status-publish","hentry"],"_links":{"self":[{"href":"https:\/\/jahs.eu\/hr\/wp-json\/wp\/v2\/pages\/940","targetHints":{"allow":["GET"]}}],"collection":[{"href":"https:\/\/jahs.eu\/hr\/wp-json\/wp\/v2\/pages"}],"about":[{"href":"https:\/\/jahs.eu\/hr\/wp-json\/wp\/v2\/types\/page"}],"author":[{"embeddable":true,"href":"https:\/\/jahs.eu\/hr\/wp-json\/wp\/v2\/users\/1"}],"replies":[{"embeddable":true,"href":"https:\/\/jahs.eu\/hr\/wp-json\/wp\/v2\/comments?post=940"}],"version-history":[{"count":21,"href":"https:\/\/jahs.eu\/hr\/wp-json\/wp\/v2\/pages\/940\/revisions"}],"predecessor-version":[{"id":1156,"href":"https:\/\/jahs.eu\/hr\/wp-json\/wp\/v2\/pages\/940\/revisions\/1156"}],"wp:attachment":[{"href":"https:\/\/jahs.eu\/hr\/wp-json\/wp\/v2\/media?parent=940"}],"curies":[{"name":"wp","href":"https:\/\/api.w.org\/{rel}","templated":true}]}}